{"id":84529,"date":"2024-11-17T07:25:58","date_gmt":"2024-12-18T10:04:41","guid":{"rendered":"https:\/\/staging.nbg.eu\/product\/tangent-theta-tt315m-3-15x50mm-marksman\/"},"modified":"2024-12-30T08:45:11","modified_gmt":"2024-12-30T08:45:11","slug":"tangent-theta-tt315m-3-15x50mm-marksman","status":"publish","type":"product","link":"https:\/\/staging.nbg.eu\/hu\/termek\/tangent-theta-tt315m-3-15x50mm-marksman\/","title":{"rendered":"Tangent Theta TT315M (3-15x50mm Marksman)"},"content":{"rendered":"<div class=\"product-description\">\n<p>A Tangent Theta 2013-ban alakult Nova Scotia-ban, Kanad\u00e1ban azzal a c\u00e9llal, hogy a legjobb puskac\u00e9lz\u00f3 t\u00e1vcs\u00f6veket gy\u00e1rtsa. A t\u00e1vcs\u00f6veket k\u00e9zzel szerelik \u00f6ssze, egyedileg tesztelik \u00e9s ellen\u0151rzik optikai tervez\u0151kb\u0151l, g\u00e9p\u00e9szm\u00e9rn\u00f6k\u00f6kb\u0151l \u00e9s nemzetk\u00f6zi szint\u0171 hossz\u00fat\u00e1v\u00fa l\u00f6v\u00e9szekb\u0151l \u00e1ll\u00f3 csapat.<\/p>\n<h2>Tangent Theta TT315M 3-15x50mm Mesterl\u00f6v\u00e9sz Puska T\u00e1vcs\u0151<\/h2>\n<p>A Tangent Theta TT315M egy k\u00f6zepes hat\u00f3t\u00e1vols\u00e1g\u00fa prec\u00edzi\u00f3s c\u00e9lz\u00f3eszk\u00f6z, rend\u0151rs\u00e9gi \u00e9s biztons\u00e1gi mesterl\u00f6v\u00e9szek sz\u00e1m\u00e1ra tervezve. Ez a cs\u00f6kkentett s\u00faly\u00fa professzion\u00e1lis puska t\u00e1vcs\u0151 fejlett technol\u00f3gi\u00e1t \u00e9s optikai teljes\u00edtm\u00e9nyt kombin\u00e1l.<\/p>\n<h2>F\u0151 jellemz\u0151k:<\/h2>\n<ul>\n<li>50mm-es objekt\u00edv lencse<\/li>\n<li>30mm-es f\u0151 cs\u0151<\/li>\n<li>Mechanikus oldal\u00e1ll\u00edt\u00e1s ir\u00e1nyjelz\u0151<\/li>\n<li>11 sz\u00e1lkereszt megvil\u00e1g\u00edt\u00e1si be\u00e1ll\u00edt\u00e1s<\/li>\n<li>Oldals\u00f3 parallaxis \u00e1ll\u00edt\u00e1s<\/li>\n<li>Nem forg\u00f3 gombok magass\u00e1g null\u00e1z\u00e1ssal<\/li>\n<li>K\u00e9tfordulatos magass\u00e1g\u00e1ll\u00edt\u00e1s fordulatsz\u00e1m \u00e9s oldal\u00e1ll\u00edt\u00e1s ir\u00e1nyjelz\u0151vel<\/li>\n<li>3-15x nagy\u00edt\u00e1si tartom\u00e1ny<\/li>\n<li>Z\u00e1rhat\u00f3 gyors dioptria \u00e1ll\u00edt\u00e1s<\/li>\n<\/ul>\n<h2>Optikai jellemz\u0151k:<\/h2>\n<p>A TT315M optimaliz\u00e1lt optikai \u00fatvonallal rendelkezik, kiv\u00e1l\u00f3 k\u00e9pmin\u0151s\u00e9get biztos\u00edtva. Ez lehet\u0151v\u00e9 teszi a l\u00f6v\u00e9szek sz\u00e1m\u00e1ra, hogy apr\u00f3 c\u00e9lr\u00e9szleteket l\u00e1ssanak \u00e9s hosszabb ideig tudjanak c\u00e9lozni szemf\u00e1radts\u00e1g n\u00e9lk\u00fcl.<\/p>\n<h2>Prec\u00edz be\u00e1ll\u00edt\u00e1sok:<\/h2>\n<p>Pontos be\u00e1ll\u00edt\u00e1si mechanizmusokkal rendelkezik, null\u00e1z\u00e1ssal, mechanikus fordulatsz\u00e1m- \u00e9s oldal\u00e1ll\u00edt\u00e1s ir\u00e1nyjelz\u0151kkel, minimaliz\u00e1lva a be\u00e1ll\u00edt\u00e1si hib\u00e1kat.<\/p>\n<h2>Sz\u00e1lkereszt opci\u00f3k:<\/h2>\n<ul>\n<li>Gen 2XR<\/li>\n<li>MoA<\/li>\n<li>Gen 2 Mil-Dot<\/li>\n<li>Gen 3XR<\/li>\n<\/ul>\n<h2>M\u0171szaki adatok:<\/h2>\n<ul>\n<li>Hossz: 351mm<\/li>\n<li>S\u00faly: 786g<\/li>\n<li>L\u00e1t\u00f3mez\u0151 @ 3x: 7,3 fok (12,8m @ 100m)<\/li>\n<li>L\u00e1t\u00f3mez\u0151 @ 15x: 1,6 fok (2,8m @ 100m)<\/li>\n<li>Szemt\u00e1vols\u00e1g: 90mm<\/li>\n<li>Teljes magass\u00e1g\u00e1ll\u00edt\u00e1si tartom\u00e1ny: 18 mrad (60 MoA)<\/li>\n<li>Teljes oldal\u00e1ll\u00edt\u00e1si tartom\u00e1ny: +\/- 12 mrad (+\/-40 MoA)<\/li>\n<li>\u00c1ll\u00edt\u00e1si felbont\u00e1s: 0,1 mrad vagy 1\/4 MoA<\/li>\n<li>Parallaxis \u00e1ll\u00edt\u00e1si tartom\u00e1ny: 50m-t\u0151l v\u00e9gtelenig<\/li>\n<\/ul>\n<h2>Tart\u00f3ss\u00e1g:<\/h2>\n<p>A TT315M ellen\u00e1ll a zord k\u00f6r\u00fclm\u00e9nyeknek, 4 \u00f3r\u00e1n \u00e1t v\u00edz\u00e1ll\u00f3 10 m\u00e9ter m\u00e9lys\u00e9gben \u00e9s \u00fct\u00e9s\u00e1ll\u00f3 700g-ig 10 000 cikluson. K\u00fclseje II. t\u00edpus\u00fa elox\u00e1lt matt bevonattal rendelkezik.<\/p>\n<h2>Tartoz\u00e9kok:<\/h2>\n<p>Tenebraex lencsev\u00e9d\u0151k \u00e9s ARD (t\u00fckr\u00f6z\u0151d\u00e9sg\u00e1tl\u00f3 eszk\u00f6z) tartoz\u00e9kk\u00e9nt mell\u00e9kelve.<\/p>\n<\/div>\n","protected":false},"excerpt":{"rendered":"<p>Prec\u00edzi\u00f3s 3-15x50mm-es c\u00e9lt\u00e1vcs\u0151 mesterl\u00f6v\u00e9szek sz\u00e1m\u00e1ra. Optim\u00e1lis k\u00e9pmin\u0151s\u00e9g, zero-stop, megvil\u00e1g\u00edtott ir\u00e1nyz\u00e9k.<\/p>\n","protected":false},"featured_media":167616,"template":"","meta":{"_acf_changed":false},"product_brand":[11891],"product_cat":[12943,12911],"product_tag":[],"class_list":{"0":"post-84529","1":"product","2":"type-product","3":"status-publish","4":"has-post-thumbnail","6":"product_brand-tangent-theta","7":"product_cat-celzas","8":"product_cat-nagyitos-optikak","10":"first","11":"instock","12":"taxable","13":"shipping-taxable","14":"purchasable","15":"product-type-variable","16":"wvs-archive-product-wrapper"},"acf":[],"_links":{"self":[{"href":"https:\/\/staging.nbg.eu\/hu\/wp-json\/wp\/v2\/product\/84529","targetHints":{"allow":["GET"]}}],"collection":[{"href":"https:\/\/staging.nbg.eu\/hu\/wp-json\/wp\/v2\/product"}],"about":[{"href":"https:\/\/staging.nbg.eu\/hu\/wp-json\/wp\/v2\/types\/product"}],"wp:featuredmedia":[{"embeddable":true,"href":"https:\/\/staging.nbg.eu\/hu\/wp-json\/wp\/v2\/media\/167616"}],"wp:attachment":[{"href":"https:\/\/staging.nbg.eu\/hu\/wp-json\/wp\/v2\/media?parent=84529"}],"wp:term":[{"taxonomy":"product_brand","embeddable":true,"href":"https:\/\/staging.nbg.eu\/hu\/wp-json\/wp\/v2\/product_brand?post=84529"},{"taxonomy":"product_cat","embeddable":true,"href":"https:\/\/staging.nbg.eu\/hu\/wp-json\/wp\/v2\/product_cat?post=84529"},{"taxonomy":"product_tag","embeddable":true,"href":"https:\/\/staging.nbg.eu\/hu\/wp-json\/wp\/v2\/product_tag?post=84529"}],"curies":[{"name":"wp","href":"https:\/\/api.w.org\/{rel}","templated":true}]}}