{"id":83668,"date":"2024-11-27T16:38:30","date_gmt":"2024-12-17T12:42:29","guid":{"rendered":"https:\/\/staging.nbg.eu\/product\/super-precision-t1-mount-absolute-co-witness-ddc\/"},"modified":"2024-12-17T12:44:26","modified_gmt":"2024-12-17T12:44:26","slug":"super-precision-t1-szerelek-absolute-co-witness-ddc","status":"publish","type":"product","link":"https:\/\/staging.nbg.eu\/hu\/termek\/super-precision-t1-szerelek-absolute-co-witness-ddc\/","title":{"rendered":"Super Precision T1 Szerelek &#8211; Absolute Co-Witness &#8211; DDC"},"content":{"rendered":"<div class=\"product-description\">\n<h2>Super Precision T1 szerel\u00e9k &#8211; Abszol\u00fat egy\u00fcttl\u00e1t\u00e1s &#8211; DDC<\/h2>\n<p>Az Aimpoint T1 vagy hasonl\u00f3 v\u00f6r\u00f6s pontos optik\u00e1khoz k\u00e9sz\u00fclt Super Precision T1 szerel\u00e9k. Egyetlen darab 7075-T6 nagy szil\u00e1rds\u00e1g\u00fa alum\u00edniumb\u00f3l k\u00e9sz\u00fclt, tart\u00f3ss\u00e1got \u00e9s teljes\u00edtm\u00e9nyt k\u00edn\u00e1l.<\/p>\n<ul>\n<li>Abszol\u00fat egy\u00fcttl\u00e1t\u00e1s magass\u00e1g az optim\u00e1lis c\u00e9lir\u00e1nyz\u00e9khoz<\/li>\n<li>DDC (Desert Dirt Color) 3-as t\u00edpus\u00fa kem\u00e9ny elox\u00e1lt bevonat<\/li>\n<li>Geissele friss\u00edtett csavar \u00e9s anya r\u00f6gz\u00edt\u00e9si m\u00f3dszer, 1400 font szor\u00edt\u00f3er\u0151vel<\/li>\n<li>3 ny\u00edr\u00f3csap a maxim\u00e1lis merevs\u00e9g \u00e9s a null\u00e1hoz val\u00f3 visszat\u00e9r\u00e9s \u00e9rdek\u00e9ben<\/li>\n<li>K\u00f6nny\u0171, mind\u00f6ssze 2 uncia s\u00faly\u00fa kialak\u00edt\u00e1s<\/li>\n<\/ul>\n<p>A Geissele szerel\u00e9si megold\u00e1sai r\u00e9szletekre figyelnek \u00e9s min\u0151s\u00e9gi term\u00e9keket k\u00edn\u00e1lnak.<\/p>\n<\/div>\n","protected":false},"excerpt":{"rendered":"<p>Prec\u00edzi\u00f3s T1 optikai szerel\u00e9k, teljes egy\u00fcttl\u00e1t\u00e1s, DDC bevonat, ultrabiztos<\/p>\n","protected":false},"featured_media":82840,"template":"","meta":{"_acf_changed":false},"product_brand":[11393],"product_cat":[12943],"product_tag":[],"class_list":{"0":"post-83668","1":"product","2":"type-product","3":"status-publish","4":"has-post-thumbnail","6":"product_brand-geissele","7":"product_cat-celzas","9":"first","10":"instock","11":"taxable","12":"shipping-taxable","13":"product-type-simple"},"acf":[],"_links":{"self":[{"href":"https:\/\/staging.nbg.eu\/hu\/wp-json\/wp\/v2\/product\/83668","targetHints":{"allow":["GET"]}}],"collection":[{"href":"https:\/\/staging.nbg.eu\/hu\/wp-json\/wp\/v2\/product"}],"about":[{"href":"https:\/\/staging.nbg.eu\/hu\/wp-json\/wp\/v2\/types\/product"}],"wp:featuredmedia":[{"embeddable":true,"href":"https:\/\/staging.nbg.eu\/hu\/wp-json\/wp\/v2\/media\/82840"}],"wp:attachment":[{"href":"https:\/\/staging.nbg.eu\/hu\/wp-json\/wp\/v2\/media?parent=83668"}],"wp:term":[{"taxonomy":"product_brand","embeddable":true,"href":"https:\/\/staging.nbg.eu\/hu\/wp-json\/wp\/v2\/product_brand?post=83668"},{"taxonomy":"product_cat","embeddable":true,"href":"https:\/\/staging.nbg.eu\/hu\/wp-json\/wp\/v2\/product_cat?post=83668"},{"taxonomy":"product_tag","embeddable":true,"href":"https:\/\/staging.nbg.eu\/hu\/wp-json\/wp\/v2\/product_tag?post=83668"}],"curies":[{"name":"wp","href":"https:\/\/api.w.org\/{rel}","templated":true}]}}