{"id":83646,"date":"2024-11-02T06:43:16","date_gmt":"2024-11-02T06:43:16","guid":{"rendered":"https:\/\/staging.nbg.eu\/product\/sons-of-liberty-gun-works-ar-15-buffer-h3\/"},"modified":"2024-12-17T13:05:36","modified_gmt":"2024-12-17T13:05:36","slug":"sons-of-liberty-gun-works-ar-15-puffer-h3","status":"publish","type":"product","link":"https:\/\/staging.nbg.eu\/hu\/termek\/sons-of-liberty-gun-works-ar-15-puffer-h3\/","title":{"rendered":"Sons of Liberty Gun Works &#8211; AR 15 Puffer H3"},"content":{"rendered":"<div class=\"product-description\">\n<h2>Sons of Liberty Gun Works &#8211; AR 15 Buffer H3<\/h2>\n<p>Az SOLGW H3 Buffer jav\u00edtja az AR-15 teljes\u00edtm\u00e9ny\u00e9t. Ez a cseredarab biztos\u00edtja a fegyver optim\u00e1lis m\u0171k\u00f6d\u00e9s\u00e9t.<\/p>\n<ul>\n<li>Kompatibilis minden AR-15 modellel<\/li>\n<li>S\u00faly: 5.4 uncia<\/li>\n<li>M\u00e9ret: 1 h\u00fcvelyk<\/li>\n<li>S\u00falyazonos\u00edt\u00e1shoz jel\u00f6lve<\/li>\n<\/ul>\n<p>Az SOLGW H3 Buffer fenntartja az AR-15 megb\u00edzhat\u00f3s\u00e1g\u00e1t \u00e9s sima m\u0171k\u00f6d\u00e9s\u00e9t. Cs\u00f6kkenti az \u00e9rz\u00e9kelt visszar\u00fag\u00e1st \u00e9s jav\u00edtja a t\u00f6lt\u00e9st.<\/p>\n<p>A Sons of Liberty Gun Works min\u0151s\u00e9gi term\u00e9keket k\u00edn\u00e1l.<\/p>\n<\/div>\n","protected":false},"excerpt":{"rendered":"<p>Sons of Liberty H3 AR-15 puffer: Prec\u00edz, tart\u00f3s, 5.4 uncia s\u00faly\u00fa.<\/p>\n","protected":false},"featured_media":76325,"template":"","meta":{"_acf_changed":false},"product_brand":[],"product_cat":[12916],"product_tag":[],"class_list":{"0":"post-83646","1":"product","2":"type-product","3":"status-publish","4":"has-post-thumbnail","6":"product_cat-puska-tuning","8":"first","9":"outofstock","10":"taxable","11":"shipping-taxable","12":"purchasable","13":"product-type-simple"},"acf":[],"_links":{"self":[{"href":"https:\/\/staging.nbg.eu\/hu\/wp-json\/wp\/v2\/product\/83646","targetHints":{"allow":["GET"]}}],"collection":[{"href":"https:\/\/staging.nbg.eu\/hu\/wp-json\/wp\/v2\/product"}],"about":[{"href":"https:\/\/staging.nbg.eu\/hu\/wp-json\/wp\/v2\/types\/product"}],"wp:featuredmedia":[{"embeddable":true,"href":"https:\/\/staging.nbg.eu\/hu\/wp-json\/wp\/v2\/media\/76325"}],"wp:attachment":[{"href":"https:\/\/staging.nbg.eu\/hu\/wp-json\/wp\/v2\/media?parent=83646"}],"wp:term":[{"taxonomy":"product_brand","embeddable":true,"href":"https:\/\/staging.nbg.eu\/hu\/wp-json\/wp\/v2\/product_brand?post=83646"},{"taxonomy":"product_cat","embeddable":true,"href":"https:\/\/staging.nbg.eu\/hu\/wp-json\/wp\/v2\/product_cat?post=83646"},{"taxonomy":"product_tag","embeddable":true,"href":"https:\/\/staging.nbg.eu\/hu\/wp-json\/wp\/v2\/product_tag?post=83646"}],"curies":[{"name":"wp","href":"https:\/\/api.w.org\/{rel}","templated":true}]}}