{"id":83624,"date":"2024-11-27T08:29:48","date_gmt":"2024-11-27T08:29:48","guid":{"rendered":"https:\/\/staging.nbg.eu\/product\/geissele-ak-trigger-ultimate-with-lightning-bow-akt-ul\/"},"modified":"2024-12-17T12:30:41","modified_gmt":"2024-12-17T12:30:41","slug":"geissele-ak-elsuto-ultimate-lightning-bow-val-akt-ul","status":"publish","type":"product","link":"https:\/\/staging.nbg.eu\/hu\/termek\/geissele-ak-elsuto-ultimate-lightning-bow-val-akt-ul\/","title":{"rendered":"Geissele AK Elsuto Ultimate Lightning Bow-val (AKT-UL)"},"content":{"rendered":"<div class=\"product-description\">\n<h2>Geissele AK Ravasz Ultimate Lightning Bow-val (AKT-UL)<\/h2>\n<p>Az ALG AK Ravasz Ultimate Lightning Bow-val (AKT-UL) AK47 vagy AK74 fegyverekhez. Ez az egyfokozat\u00fa ravasz a k\u00f6vetkez\u0151ket k\u00edn\u00e1lja:<\/p>\n<ul>\n<li>R\u00f6videbb h\u00faz\u00e1s \u00e9s \u00e9lesebb vissza\u00e1ll\u00e1s a pontoss\u00e1g \u00e9rdek\u00e9ben<\/li>\n<li>\u00d6tv\u00f6z\u00f6tt ac\u00e9lb\u00f3l k\u00e9sz\u00fclt<\/li>\n<li>Lightning Bow kialak\u00edt\u00e1s a jobb ir\u00e1ny\u00edt\u00e1s \u00e9rdek\u00e9ben<\/li>\n<li>Az USA-ban gy\u00e1rtva, hozz\u00e1j\u00e1rul a 922(r) megfelel\u0151s\u00e9ghez<\/li>\n<\/ul>\n<p>Prec\u00edzi\u00f3s \u00e9s c\u00e9ll\u00f6v\u00e9szethez alkalmas. Megjegyz\u00e9s: Szakszer\u0171 beszerel\u00e9s aj\u00e1nlott az esetleges illeszt\u00e9si k\u00f6vetelm\u00e9nyek miatt. Nem kompatibilis a 12-es kaliber\u0171 \u00e9s 308 \/ 7.62x54r v\u00e1ltozatokkal.<\/p>\n<\/div>\n","protected":false},"excerpt":{"rendered":"<p>Prec\u00edzi\u00f3s AK els\u00fct\u0151szerkezet Lightning Bow-val a jobb ir\u00e1ny\u00edthat\u00f3s\u00e1g \u00e9s \u00e9rz\u00e9s \u00e9rdek\u00e9ben.<\/p>\n","protected":false},"featured_media":82193,"template":"","meta":{"_acf_changed":false},"product_brand":[],"product_cat":[12901,12967,12916,12904],"product_tag":[],"class_list":{"0":"post-83624","1":"product","2":"type-product","3":"status-publish","4":"has-post-thumbnail","6":"product_cat-ak-tuning","7":"product_cat-puska","8":"product_cat-puska-tuning","9":"product_cat-ravaszok","11":"first","12":"instock","13":"taxable","14":"shipping-taxable","15":"product-type-simple"},"acf":[],"_links":{"self":[{"href":"https:\/\/staging.nbg.eu\/hu\/wp-json\/wp\/v2\/product\/83624","targetHints":{"allow":["GET"]}}],"collection":[{"href":"https:\/\/staging.nbg.eu\/hu\/wp-json\/wp\/v2\/product"}],"about":[{"href":"https:\/\/staging.nbg.eu\/hu\/wp-json\/wp\/v2\/types\/product"}],"wp:featuredmedia":[{"embeddable":true,"href":"https:\/\/staging.nbg.eu\/hu\/wp-json\/wp\/v2\/media\/82193"}],"wp:attachment":[{"href":"https:\/\/staging.nbg.eu\/hu\/wp-json\/wp\/v2\/media?parent=83624"}],"wp:term":[{"taxonomy":"product_brand","embeddable":true,"href":"https:\/\/staging.nbg.eu\/hu\/wp-json\/wp\/v2\/product_brand?post=83624"},{"taxonomy":"product_cat","embeddable":true,"href":"https:\/\/staging.nbg.eu\/hu\/wp-json\/wp\/v2\/product_cat?post=83624"},{"taxonomy":"product_tag","embeddable":true,"href":"https:\/\/staging.nbg.eu\/hu\/wp-json\/wp\/v2\/product_tag?post=83624"}],"curies":[{"name":"wp","href":"https:\/\/api.w.org\/{rel}","templated":true}]}}