{"id":83558,"date":"2024-11-27T08:27:04","date_gmt":"2024-12-17T12:02:44","guid":{"rendered":"https:\/\/staging.nbg.eu\/product\/geissele-ak-trigger-enhanced-with-lightning-bow-akt-el\/"},"modified":"2024-12-17T12:04:52","modified_gmt":"2024-12-17T12:04:52","slug":"geissele-ak-elsuto-enhanced-lightning-bow-val-akt-el","status":"publish","type":"product","link":"https:\/\/staging.nbg.eu\/hu\/termek\/geissele-ak-elsuto-enhanced-lightning-bow-val-akt-el\/","title":{"rendered":"Geissele AK Elsuto Enhanced Lightning Bow-val (AKT-EL)"},"content":{"rendered":"<div class=\"product-description\">\n<h2>Geissele AK Ravasz Lightning Bow-val (AKT-EL)<\/h2>\n<p>Az ALG AK Ravasz Lightning Bow-val (AKT-EL) az AK47\/AK74 fegyverekhez. Ez az egyfokozat\u00fa ravasz a k\u00f6vetkez\u0151ket k\u00edn\u00e1lja:<\/p>\n<ul>\n<li>R\u00f6videbb els\u00fct\u00e9si \u00fat<\/li>\n<li>Prec\u00edzi\u00f3s megmunk\u00e1l\u00e1s\u00fa, fegyvermin\u0151s\u00e9g\u0171 ac\u00e9l\u00f6tv\u00f6zetb\u0151l<\/li>\n<li>Mang\u00e1n-foszf\u00e1t bevonat a korr\u00f3zi\u00f3v\u00e9delem \u00e9rdek\u00e9ben<\/li>\n<li>Lightning Bow\u00ae kialak\u00edt\u00e1s a jobb els\u00fct\u00e9svez\u00e9rl\u00e9s\u00e9rt<\/li>\n<li>USA-ban gy\u00e1rtva (North Wales, PA)<\/li>\n<li>H\u00e1rom alkatr\u00e9sszel hozz\u00e1j\u00e1rul a 922(r) megfelel\u0151s\u00e9ghez<\/li>\n<\/ul>\n<p><strong>Megjegyz\u00e9s:<\/strong> Nem kompatibilis a 12-es kaliber\u0171 \u00e9s 308 \/ 7,62x54r v\u00e1ltozatokkal. Szakszer\u0171 beszerel\u00e9s aj\u00e1nlott a megfelel\u0151 m\u0171k\u00f6d\u00e9s \u00e9s biztons\u00e1g \u00e9rdek\u00e9ben.<\/p>\n<\/div>\n","protected":false},"excerpt":{"rendered":"<p>Tov\u00e1bbfejlesztett AK els\u00fct\u0151billenty\u0171 Lightning Bow mechanizmussal a sim\u00e1bb \u00e9s r\u00f6videbb h\u00faz\u00e1s\u00e9rt.<\/p>\n","protected":false},"featured_media":82123,"template":"","meta":{"_acf_changed":false},"product_brand":[11393],"product_cat":[12901,12916,12904],"product_tag":[],"class_list":{"0":"post-83558","1":"product","2":"type-product","3":"status-publish","4":"has-post-thumbnail","6":"product_brand-geissele","7":"product_cat-ak-tuning","8":"product_cat-puska-tuning","9":"product_cat-ravaszok","11":"first","12":"instock","13":"taxable","14":"shipping-taxable","15":"product-type-simple"},"acf":[],"_links":{"self":[{"href":"https:\/\/staging.nbg.eu\/hu\/wp-json\/wp\/v2\/product\/83558","targetHints":{"allow":["GET"]}}],"collection":[{"href":"https:\/\/staging.nbg.eu\/hu\/wp-json\/wp\/v2\/product"}],"about":[{"href":"https:\/\/staging.nbg.eu\/hu\/wp-json\/wp\/v2\/types\/product"}],"wp:featuredmedia":[{"embeddable":true,"href":"https:\/\/staging.nbg.eu\/hu\/wp-json\/wp\/v2\/media\/82123"}],"wp:attachment":[{"href":"https:\/\/staging.nbg.eu\/hu\/wp-json\/wp\/v2\/media?parent=83558"}],"wp:term":[{"taxonomy":"product_brand","embeddable":true,"href":"https:\/\/staging.nbg.eu\/hu\/wp-json\/wp\/v2\/product_brand?post=83558"},{"taxonomy":"product_cat","embeddable":true,"href":"https:\/\/staging.nbg.eu\/hu\/wp-json\/wp\/v2\/product_cat?post=83558"},{"taxonomy":"product_tag","embeddable":true,"href":"https:\/\/staging.nbg.eu\/hu\/wp-json\/wp\/v2\/product_tag?post=83558"}],"curies":[{"name":"wp","href":"https:\/\/api.w.org\/{rel}","templated":true}]}}