{"id":83536,"date":"2024-11-27T07:42:23","date_gmt":"2024-11-27T07:42:23","guid":{"rendered":"https:\/\/staging.nbg.eu\/product\/geissele-30-round-6mm-arc-magazine-black\/"},"modified":"2024-12-17T11:54:42","modified_gmt":"2024-12-17T11:54:42","slug":"geissele-30-toltenyeses-6mm-arc-tar-fekete","status":"publish","type":"product","link":"https:\/\/staging.nbg.eu\/hu\/termek\/geissele-30-toltenyeses-6mm-arc-tar-fekete\/","title":{"rendered":"Geissele 30 Toltenyeses 6mm ARC Tar &#8211; Fekete"},"content":{"rendered":"<h2>Geissele 30 l\u00f6v\u00e9ses 6mm ARC t\u00e1r \u2013 Fekete<\/h2>\n<p>A Geissele 6mm ARC t\u00e1r megb\u00edzhat\u00f3 m\u0171k\u00f6d\u00e9st biztos\u00edt. Ez a tart\u00f3s, USA-ban gy\u00e1rtott t\u00e1r kifejezetten a 6mm ARC t\u00f6lt\u00e9nyhez k\u00e9sz\u00fclt, k\u00f6vetkezetes adagol\u00e1st \u00e9s teljes\u00edtm\u00e9nyt biztos\u00edtva.<\/p>\n<h3>F\u0151 jellemz\u0151k:<\/h3>\n<ul>\n<li>30 l\u00f6v\u00e9ses kapacit\u00e1s<\/li>\n<li>Tov\u00e1bbfejlesztett egyr\u00e9szes kialak\u00edt\u00e1s<\/li>\n<li>L\u00e9zerrel hegesztett a nagyobb szil\u00e1rds\u00e1g \u00e9rdek\u00e9ben<\/li>\n<li>410-es rozsdamentes ac\u00e9l test fekete nitrid bevonattal<\/li>\n<li>Anti-tilt adogat\u00f3 a sima m\u0171k\u00f6d\u00e9s\u00e9rt<\/li>\n<li>Korr\u00f3zi\u00f3\u00e1ll\u00f3 kivitel<\/li>\n<li>Rozsdamentes ac\u00e9l n\u00e9gyzetes rug\u00f3<\/li>\n<li>Teljes hossz: 20,57 cm<\/li>\n<\/ul>\n<p>Ez a t\u00e1r fejlett m\u00e9rn\u00f6ki tervez\u00e9st \u00e9s kiv\u00e1l\u00f3 min\u0151s\u00e9g\u0171 anyagokat \u00f6tv\u00f6z. A Geissele prec\u00edzi\u00f3s t\u00e1ra jav\u00edtja a 6mm ARC l\u00f6v\u00e9szeti \u00e9lm\u00e9nyt.<\/p>\n","protected":false},"excerpt":{"rendered":"<p>Tart\u00f3s, 30 l\u0151szeres, 6mm ARC t\u00e1r. Rozsdamentes ac\u00e9l, billen\u00e9sg\u00e1tl\u00f3 adogat\u00f3val.<\/p>\n","protected":false},"featured_media":81892,"template":"","meta":{"_acf_changed":false},"product_brand":[11393],"product_cat":[12967,12950],"product_tag":[],"class_list":{"0":"post-83536","1":"product","2":"type-product","3":"status-publish","4":"has-post-thumbnail","6":"product_brand-geissele","7":"product_cat-puska","8":"product_cat-puska-tarak","10":"first","11":"instock","12":"taxable","13":"shipping-taxable","14":"product-type-simple"},"acf":[],"_links":{"self":[{"href":"https:\/\/staging.nbg.eu\/hu\/wp-json\/wp\/v2\/product\/83536","targetHints":{"allow":["GET"]}}],"collection":[{"href":"https:\/\/staging.nbg.eu\/hu\/wp-json\/wp\/v2\/product"}],"about":[{"href":"https:\/\/staging.nbg.eu\/hu\/wp-json\/wp\/v2\/types\/product"}],"wp:featuredmedia":[{"embeddable":true,"href":"https:\/\/staging.nbg.eu\/hu\/wp-json\/wp\/v2\/media\/81892"}],"wp:attachment":[{"href":"https:\/\/staging.nbg.eu\/hu\/wp-json\/wp\/v2\/media?parent=83536"}],"wp:term":[{"taxonomy":"product_brand","embeddable":true,"href":"https:\/\/staging.nbg.eu\/hu\/wp-json\/wp\/v2\/product_brand?post=83536"},{"taxonomy":"product_cat","embeddable":true,"href":"https:\/\/staging.nbg.eu\/hu\/wp-json\/wp\/v2\/product_cat?post=83536"},{"taxonomy":"product_tag","embeddable":true,"href":"https:\/\/staging.nbg.eu\/hu\/wp-json\/wp\/v2\/product_tag?post=83536"}],"curies":[{"name":"wp","href":"https:\/\/api.w.org\/{rel}","templated":true}]}}