{"id":83488,"date":"2024-11-16T09:48:51","date_gmt":"2024-11-16T09:48:51","guid":{"rendered":"https:\/\/staging.nbg.eu\/product\/elcan-specterdr-1-5x-6x\/"},"modified":"2024-12-16T11:08:53","modified_gmt":"2024-12-16T11:08:53","slug":"elcan-specterdr-15x6x","status":"publish","type":"product","link":"https:\/\/staging.nbg.eu\/hu\/termek\/elcan-specterdr-15x6x\/","title":{"rendered":"ELCAN SpecterDR 1.5x\/6x"},"content":{"rendered":"<div class=\"product-description\">\n<h2>ELCAN SpecterDR 1.5x\/6x Kett\u0151s Szerep\u0171 Optikai Ir\u00e1nyz\u00e9k<\/h2>\n<p>Az ELCAN SpecterDR 1.5x\/6x 2024-es modellje egy kett\u0151s szerep\u0171 optikai ir\u00e1nyz\u00e9k taktikai m\u0171veletekhez. Ez az optika egyes\u00edti a sokoldal\u00fas\u00e1got, a pontoss\u00e1got \u00e9s a robusztuss\u00e1got egy kompakt csomagban.<\/p>\n<h2>F\u0151 jellemz\u0151k:<\/h2>\n<ul>\n<li>Kett\u0151s nagy\u00edt\u00e1s: 1.5x k\u00f6zeli harchoz \u00e9s 6x nagy t\u00e1vols\u00e1g\u00fa c\u00e9lz\u00e1shoz<\/li>\n<li>Optika nagy szemt\u00e1vols\u00e1ggal<\/li>\n<li>Azonnali nagy\u00edt\u00e1sv\u00e1lt\u00e1s k\u00e9tkezes karral<\/li>\n<li>Be\u00e9p\u00edtett Picatinny s\u00ednek kieg\u00e9sz\u00edt\u0151kh\u00f6z<\/li>\n<li>CERAKOTE\u00ae bevonat feket\u00e9ben vagy f\u00f6ldbarn\u00e1ban (FDE)<\/li>\n<li>Megvil\u00e1g\u00edtott sz\u00e1lkereszt v\u00e1laszthat\u00f3 v\u00f6r\u00f6s ponttal<\/li>\n<li>Elemmel m\u0171k\u00f6d\u0151 LED megvil\u00e1g\u00edt\u00e1s t\u00f6bb f\u00e9nyer\u0151szinttel<\/li>\n<li>\u00c9jjell\u00e1t\u00f3 kompatibilis<\/li>\n<\/ul>\n<h2>Sz\u00e1lkeresztek:<\/h2>\n<ul>\n<li>5.56 BDC Sz\u00e1lkereszt<\/li>\n<li>7.62 BDC Sz\u00e1lkereszt<\/li>\n<\/ul>\n<h2>Specifik\u00e1ci\u00f3k:<\/h2>\n<ul>\n<li>Hossz: 183mm<\/li>\n<li>Sz\u00e9less\u00e9g: 69mm<\/li>\n<li>Magass\u00e1g: 73mm<\/li>\n<li>S\u00faly: 715g<\/li>\n<li>L\u00e1t\u00f3mez\u0151: 16\u00b0 1.5x-n\u00e9l, 4\u00b0 6x-n\u00e1l<\/li>\n<li>Szemt\u00e1vols\u00e1g: 70mm<\/li>\n<li>Elem: CR2032 (3v L\u00edtium)<\/li>\n<li>Elem \u00e9lettartam: Ak\u00e1r 1730 \u00f3ra<\/li>\n<\/ul>\n<p>A SpecterDR 1.5x\/6x ide\u00e1lis kijel\u00f6lt mesterl\u00f6v\u00e9sz pusk\u00e1khoz \u00e9s nagy t\u00e1vols\u00e1g\u00fa alkalmaz\u00e1sokhoz. Maratott \u00fcveg sz\u00e1lkeresztjei \u00e1ramell\u00e1t\u00e1s n\u00e9lk\u00fcl is l\u00e1that\u00f3ak, m\u00edg az ARMS kar r\u00f6gz\u00edt\u0151rendszer biztons\u00e1gos r\u00f6gz\u00edt\u00e9st biztos\u00edt a Picatinny s\u00ednekhez.<\/p>\n<p>Az opcion\u00e1lis XOPTEK\u2122 Micro Reflex ir\u00e1nyz\u00e9k jav\u00edtja a k\u00f6zeli c\u00e9lz\u00e1si k\u00e9pess\u00e9geket.<\/p>\n<p>V\u00e1lasszon 5.56 NATO (CX5455) vagy 7.62 NATO (CX5456) sz\u00e1lkereszt opci\u00f3k k\u00f6z\u00fcl fegyverrendszer\u00e9nek megfelel\u0151en. \u00dct\u00e9s\u00e1ll\u00f3 kialak\u00edt\u00e1s\u00e1val \u00e9s minden id\u0151j\u00e1r\u00e1si k\u00f6r\u00fclm\u00e9nynek ellen\u00e1ll\u00f3 teljes\u00edtm\u00e9ny\u00e9vel az ELCAN SpecterDR 1.5x\/6x k\u00e9szen \u00e1ll a legig\u00e9nyesebb taktikai k\u00f6rnyezetekre.<\/p>\n<\/div>\n","protected":false},"excerpt":{"rendered":"<p>Kett\u0151s szerep\u0171 optikai ir\u00e1nyz\u00e9k 1,5x\/6x nagy\u00edt\u00e1ssal \u00e9s tiszta optik\u00e1val.<\/p>\n","protected":false},"featured_media":79088,"template":"","meta":{"_acf_changed":false},"product_brand":[11298],"product_cat":[12943,12911],"product_tag":[],"class_list":{"0":"post-83488","1":"product","2":"type-product","3":"status-publish","4":"has-post-thumbnail","6":"product_brand-elcan","7":"product_cat-celzas","8":"product_cat-nagyitos-optikak","10":"first","11":"outofstock","12":"taxable","13":"shipping-taxable","14":"purchasable","15":"product-type-simple"},"acf":[],"_links":{"self":[{"href":"https:\/\/staging.nbg.eu\/hu\/wp-json\/wp\/v2\/product\/83488","targetHints":{"allow":["GET"]}}],"collection":[{"href":"https:\/\/staging.nbg.eu\/hu\/wp-json\/wp\/v2\/product"}],"about":[{"href":"https:\/\/staging.nbg.eu\/hu\/wp-json\/wp\/v2\/types\/product"}],"wp:featuredmedia":[{"embeddable":true,"href":"https:\/\/staging.nbg.eu\/hu\/wp-json\/wp\/v2\/media\/79088"}],"wp:attachment":[{"href":"https:\/\/staging.nbg.eu\/hu\/wp-json\/wp\/v2\/media?parent=83488"}],"wp:term":[{"taxonomy":"product_brand","embeddable":true,"href":"https:\/\/staging.nbg.eu\/hu\/wp-json\/wp\/v2\/product_brand?post=83488"},{"taxonomy":"product_cat","embeddable":true,"href":"https:\/\/staging.nbg.eu\/hu\/wp-json\/wp\/v2\/product_cat?post=83488"},{"taxonomy":"product_tag","embeddable":true,"href":"https:\/\/staging.nbg.eu\/hu\/wp-json\/wp\/v2\/product_tag?post=83488"}],"curies":[{"name":"wp","href":"https:\/\/api.w.org\/{rel}","templated":true}]}}