{"id":83442,"date":"2024-11-16T09:53:46","date_gmt":"2024-12-16T10:51:02","guid":{"rendered":"https:\/\/staging.nbg.eu\/product\/elcan-specterdr-1x-4x\/"},"modified":"2024-12-16T10:53:30","modified_gmt":"2024-12-16T10:53:30","slug":"elcan-specterdr-1x4x","status":"publish","type":"product","link":"https:\/\/staging.nbg.eu\/hu\/termek\/elcan-specterdr-1x4x\/","title":{"rendered":"ELCAN SpecterDR 1x\/4x"},"content":{"rendered":"<h2>ELCAN SpecterDR 1x\/4x Kett\u0151s Szerep\u0171 Optikai Ir\u00e1nyz\u00e9k<\/h2>\n<p>Az \u00faj 2024-es ELCAN SpecterDR 1x\/4x \u2013 kett\u0151s l\u00e1t\u00f3mezej\u0171 harci optikai ir\u00e1nyz\u00e9k.<\/p>\n<h2>F\u0151 jellemz\u0151k:<\/h2>\n<ul>\n<li>Be\u00e9p\u00edtett Picatinny s\u00ednek<\/li>\n<li>K\u00e9tkezes nagy\u00edt\u00e1s v\u00e1lt\u00f3 karok<\/li>\n<li>Fejlesztett elemfedelek<\/li>\n<li>CERAKOTE\u00ae bevonat fekete vagy f\u00f6ldbarna (FDE) sz\u00ednben<\/li>\n<li>Azonnali v\u00e1lt\u00e1s 4x nagy\u00edt\u00e1s \u00e9s 1x k\u00f6zelharc ir\u00e1nyz\u00e9k k\u00f6z\u00f6tt<\/li>\n<li>Optimaliz\u00e1lt optikai \u00fat \u00e9s azonos szemt\u00e1vols\u00e1g mindk\u00e9t m\u00f3dban<\/li>\n<li>Megvil\u00e1g\u00edtott sz\u00e1lkereszt vagy piros pont k\u00f6z\u00e9ppont<\/li>\n<li>Legnagyobb l\u00e1t\u00f3mez\u0151 1x m\u00f3dban<\/li>\n<li>Tiszta k\u00e9p 4x m\u00f3dban<\/li>\n<\/ul>\n<h2>C\u00e9lz\u00f3jelek:<\/h2>\n<ul>\n<li>5.56 (CX5395)<\/li>\n<li>7.62 (CX5396)<\/li>\n<\/ul>\n<h2>M\u0171szaki adatok:<\/h2>\n<ul>\n<li>Nagy\u00edt\u00e1s: 4x \/ 1x<\/li>\n<li>M\u00e9retek: 153mm x 68mm x 72mm (n\u00e9vleges)<\/li>\n<li>S\u00faly: 655g (n\u00e9vleges)<\/li>\n<li>C\u00e9lz\u00f3jel: Kett\u0151s vastags\u00e1g\u00fa ballisztikus sz\u00e1lkereszt v\u00e1laszthat\u00f3 piros ponttal<\/li>\n<li>L\u00e1t\u00f3mez\u0151: 26\u00b0 @ 1x, 6.5\u00b0 @ 4x<\/li>\n<li>Szemt\u00e1vols\u00e1g: 70mm<\/li>\n<li>Elem: CR2032 (3v L\u00edtium)<\/li>\n<li>Elem \u00e9lettartam: Ak\u00e1r 1730 \u00f3ra<\/li>\n<li>\u00c1ll\u00edt\u00e1si tartom\u00e1ny: 120 sz\u00f6gperc<\/li>\n<\/ul>\n<h2>Opcion\u00e1lis XOPTEK\u2122 Micro Reflex Ir\u00e1nyz\u00e9k<\/h2>\n<p>A SpecterDR 1-4 kieg\u00e9sz\u00edthet\u0151 az XOPTEK\u2122 Micro Reflex Ir\u00e1nyz\u00e9kkal, egy k\u00f6nny\u0171, gyors c\u00e9lz\u00e1st seg\u00edt\u0151 eszk\u00f6zzel k\u00f6zeli \u00e9s k\u00f6zepes t\u00e1vols\u00e1g\u00fa c\u00e9lpontokhoz.<\/p>\n<p>Az ELCAN SpecterDR 1x\/4x modern professzion\u00e1lis haszn\u00e1latra tervezt\u00e9k, egyetlen megold\u00e1st k\u00edn\u00e1lva k\u00f6zepes t\u00e1vols\u00e1g\u00fa \u00e9s k\u00f6zelharcra. Ez az optikai ir\u00e1nyz\u00e9k sokoldal\u00fas\u00e1got \u00e9s pontoss\u00e1got biztos\u00edt.<\/p>\n","protected":false},"excerpt":{"rendered":"<p>ELCAN SpecterDR 1x\/4x: Kett\u0151s szerep\u0171 ir\u00e1nyz\u00e9k azonnali nagy\u00edt\u00e1s v\u00e1lt\u00e1ssal.<\/p>\n","protected":false},"featured_media":79342,"template":"","meta":{"_acf_changed":false},"product_brand":[11298],"product_cat":[12943,12911],"product_tag":[],"class_list":{"0":"post-83442","1":"product","2":"type-product","3":"status-publish","4":"has-post-thumbnail","6":"product_brand-elcan","7":"product_cat-celzas","8":"product_cat-nagyitos-optikak","10":"first","11":"instock","12":"taxable","13":"shipping-taxable","14":"purchasable","15":"product-type-variable","16":"wvs-archive-product-wrapper"},"acf":[],"_links":{"self":[{"href":"https:\/\/staging.nbg.eu\/hu\/wp-json\/wp\/v2\/product\/83442","targetHints":{"allow":["GET"]}}],"collection":[{"href":"https:\/\/staging.nbg.eu\/hu\/wp-json\/wp\/v2\/product"}],"about":[{"href":"https:\/\/staging.nbg.eu\/hu\/wp-json\/wp\/v2\/types\/product"}],"wp:featuredmedia":[{"embeddable":true,"href":"https:\/\/staging.nbg.eu\/hu\/wp-json\/wp\/v2\/media\/79342"}],"wp:attachment":[{"href":"https:\/\/staging.nbg.eu\/hu\/wp-json\/wp\/v2\/media?parent=83442"}],"wp:term":[{"taxonomy":"product_brand","embeddable":true,"href":"https:\/\/staging.nbg.eu\/hu\/wp-json\/wp\/v2\/product_brand?post=83442"},{"taxonomy":"product_cat","embeddable":true,"href":"https:\/\/staging.nbg.eu\/hu\/wp-json\/wp\/v2\/product_cat?post=83442"},{"taxonomy":"product_tag","embeddable":true,"href":"https:\/\/staging.nbg.eu\/hu\/wp-json\/wp\/v2\/product_tag?post=83442"}],"curies":[{"name":"wp","href":"https:\/\/api.w.org\/{rel}","templated":true}]}}