{"id":83400,"date":"2024-11-05T08:15:55","date_gmt":"2024-12-16T10:06:04","guid":{"rendered":"https:\/\/staging.nbg.eu\/product\/tinck-arms-semi-automatic-carbine-perun-x17-16\/"},"modified":"2024-12-16T10:08:20","modified_gmt":"2024-12-16T10:08:20","slug":"tinck-arms-felautomata-karabely-perun-x17-16","status":"publish","type":"product","link":"https:\/\/staging.nbg.eu\/hu\/termek\/tinck-arms-felautomata-karabely-perun-x17-16\/","title":{"rendered":"Tinck Arms Felautomata Karabely Perun X17 &#8211; 16&#8243;"},"content":{"rendered":"<div class=\"product-description\">\n<h2>Tinck Arms Perun X17 &#8211; 16&#8243; F\u00e9lautomata Karab\u00e9ly<\/h2>\n<p>A Perun X17 a l\u0151fegyver-technol\u00f3gia k\u00f6vetkez\u0151 fejl\u0151d\u00e9s\u00e9t k\u00e9pviseli, amelyet a sportl\u00f6v\u00e9szek, rendv\u00e9delmi szervek \u00e9s katonai szem\u00e9lyzet j\u00f6v\u0151beli ig\u00e9nyeinek kiel\u00e9g\u00edt\u00e9s\u00e9re terveztek vil\u00e1gszerte. Ez a platform az AR10 rendszerre \u00e9p\u00fcl, \u00faj funkci\u00f3kat \u00e9s egy szabadalmaztatott m\u0171k\u00f6d\u00e9si rendszert tartalmaz.<\/p>\n<h2>F\u0151 jellemz\u0151k:<\/h2>\n<ul>\n<li>Egyens\u00faly \u00e9s kezelhet\u0151s\u00e9g a pontoss\u00e1g jav\u00edt\u00e1s\u00e1hoz gyorst\u00fczel\u00e9s sor\u00e1n<\/li>\n<li>Sima l\u00f6v\u00e9si \u00e9lm\u00e9ny<\/li>\n<li>Magas modularit\u00e1s \u00e9s kompatibilit\u00e1s az AR10 platform alkatr\u00e9szeivel<\/li>\n<li>K\u00e9tkezes kezel\u0151szervek<\/li>\n<li>\u00d6sszecsukhat\u00f3 tus opci\u00f3<\/li>\n<\/ul>\n<h2>M\u0171szaki adatok:<\/h2>\n<table>\n<tr>\n<td>Kaliber:<\/td>\n<td>7,62 x 51mm .308Win, 6,5 Creedmoor<\/td>\n<\/tr>\n<tr>\n<td>M\u0171k\u00f6d\u00e9si rendszer:<\/td>\n<td>Z\u00e1rt forg\u00f3 reteszel\u00e9s\u0171 hibrid DI \u00e9s r\u00f6vid l\u00f6ket\u0171<\/td>\n<\/tr>\n<tr>\n<td>M\u0171k\u00f6d\u00e9s:<\/td>\n<td>F\u00e9lautomata<\/td>\n<\/tr>\n<tr>\n<td>Hossz (min\/max):<\/td>\n<td>605mm \/ 1040mm<\/td>\n<\/tr>\n<tr>\n<td>Sz\u00e9less\u00e9g:<\/td>\n<td>56mm (64mm t\u00f6lt\u0151karral egy\u00fctt)<\/td>\n<\/tr>\n<tr>\n<td>Magass\u00e1g:<\/td>\n<td>210mm (10 l\u0151szeres t\u00e1rral)<\/td>\n<\/tr>\n<tr>\n<td>Cs\u0151hossz:<\/td>\n<td>16&#8243; (Szabv\u00e1nyos AR10 kompatibilis)<\/td>\n<\/tr>\n<tr>\n<td>Huzagol\u00e1s:<\/td>\n<td>1:12<\/td>\n<\/tr>\n<tr>\n<td>S\u00faly:<\/td>\n<td>3,7kg (20 l\u0151szeres t\u00e1rral)<\/td>\n<\/tr>\n<tr>\n<td>Ir\u00e1nyz\u00e9k rendszer:<\/td>\n<td>Felhajthat\u00f3 v\u00e9szir\u00e1nyz\u00e9k (m\u00e1sodlagos)<\/td>\n<\/tr>\n<tr>\n<td>Ir\u00e1nyz\u00e9k hossz:<\/td>\n<td>300mm, 340mm<\/td>\n<\/tr>\n<tr>\n<td>Hangtomp\u00edt\u00f3 csatlakoz\u00e1s:<\/td>\n<td>5\/8 x 24 menet integr\u00e1lva a cs\u0151sz\u00e1jf\u00e9kbe<\/td>\n<\/tr>\n<tr>\n<td>Cs\u0151sz\u00e1jszerelv\u00e9ny:<\/td>\n<td>3 kamr\u00e1s cs\u0151sz\u00e1jf\u00e9k<\/td>\n<\/tr>\n<tr>\n<td>NAR s\u00ednek:<\/td>\n<td>1+3<\/td>\n<\/tr>\n<tr>\n<td>T\u00f6lt\u0151kar:<\/td>\n<td>Nem mozg\u00f3<\/td>\n<\/tr>\n<tr>\n<td>T\u00e1r kapacit\u00e1s:<\/td>\n<td>10, 20, 25 l\u0151szer (m\u0171anyag)<\/td>\n<\/tr>\n<tr>\n<td>Tus opci\u00f3k:<\/td>\n<td>Masada \u00f6sszecsukhat\u00f3 tus, AR-15 puffer cs\u0151 MFT tussal<\/td>\n<\/tr>\n<\/table>\n<p>\n","protected":false},"excerpt":{"rendered":"<p>Sokoldal\u00fa, megb\u00edzhat\u00f3 7,62x51mm-es karab\u00e9ly 16 h\u00fcvelykes cs\u0151vel. Sima l\u00f6v\u00e9st biztos\u00edt\u00f3, modul\u00e1ris AR10 platform.<\/p>\n","protected":false},"featured_media":77487,"template":"","meta":{"_acf_changed":false},"product_brand":[11916],"product_cat":[12964,12967],"product_tag":[],"class_list":{"0":"post-83400","1":"product","2":"type-product","3":"status-publish","4":"has-post-thumbnail","6":"product_brand-tinck-arms","7":"product_cat-karabelyok","8":"product_cat-puska","10":"first","11":"instock","12":"taxable","13":"shipping-taxable","14":"purchasable","15":"product-type-simple"},"acf":[],"_links":{"self":[{"href":"https:\/\/staging.nbg.eu\/hu\/wp-json\/wp\/v2\/product\/83400","targetHints":{"allow":["GET"]}}],"collection":[{"href":"https:\/\/staging.nbg.eu\/hu\/wp-json\/wp\/v2\/product"}],"about":[{"href":"https:\/\/staging.nbg.eu\/hu\/wp-json\/wp\/v2\/types\/product"}],"wp:featuredmedia":[{"embeddable":true,"href":"https:\/\/staging.nbg.eu\/hu\/wp-json\/wp\/v2\/media\/77487"}],"wp:attachment":[{"href":"https:\/\/staging.nbg.eu\/hu\/wp-json\/wp\/v2\/media?parent=83400"}],"wp:term":[{"taxonomy":"product_brand","embeddable":true,"href":"https:\/\/staging.nbg.eu\/hu\/wp-json\/wp\/v2\/product_brand?post=83400"},{"taxonomy":"product_cat","embeddable":true,"href":"https:\/\/staging.nbg.eu\/hu\/wp-json\/wp\/v2\/product_cat?post=83400"},{"taxonomy":"product_tag","embeddable":true,"href":"https:\/\/staging.nbg.eu\/hu\/wp-json\/wp\/v2\/product_tag?post=83400"}],"curies":[{"name":"wp","href":"https:\/\/api.w.org\/{rel}","templated":true}]}}