{"id":83378,"date":"2024-11-01T13:52:15","date_gmt":"2024-11-01T13:52:15","guid":{"rendered":"https:\/\/staging.nbg.eu\/product\/daa-target-bag-classic-ipsc-target\/"},"modified":"2024-12-16T09:55:42","modified_gmt":"2024-12-16T09:55:42","slug":"daa-celtaska-classic-ipsc-celpont","status":"publish","type":"product","link":"https:\/\/staging.nbg.eu\/hu\/termek\/daa-celtaska-classic-ipsc-celpont\/","title":{"rendered":"DAA Celtaska, Classic (IPSC) celpont"},"content":{"rendered":"<h2>DAA C\u00e9lt\u00e1bla T\u00e1ska, Klasszikus (IPSC)<\/h2>\n<p>A DAA C\u00e9lt\u00e1bla T\u00e1ska a k\u00f6vetkez\u0151 jellemz\u0151kkel rendelkezik:<\/p>\n<ul>\n<li>D6000 textil anyagb\u00f3l k\u00e9sz\u00fclt<\/li>\n<li>A f\u0151 rekesz 20+ teljes m\u00e9ret\u0171 klasszikus IPSC c\u00e9lt\u00e1bl\u00e1t tud t\u00e1rolni<\/li>\n<li>H\u00e1rom k\u00fcls\u0151 zseb:\n<ul>\n<li>Gyors jav\u00edt\u00f3 applik\u00e1tor zseb<\/li>\n<li>T\u0171z\u0151g\u00e9p zseb<\/li>\n<li>\u00c1ltal\u00e1nos zseb ragaszt\u00f3szalag, sz\u00f6gek \u00e9s szersz\u00e1mok sz\u00e1m\u00e1ra<\/li>\n<\/ul>\n<\/li>\n<li>K\u00e9t \u00e1ll\u00edthat\u00f3 p\u00e1nt f\u00e9m c\u00e9lt\u00e1bla kamp\u00f3khoz<\/li>\n<li>V\u00e1llp\u00e1nt \u00e9s p\u00e1rn\u00e1zott foganty\u00fa<\/li>\n<\/ul>\n<p>A t\u00e1ska lehet\u0151v\u00e9 teszi a c\u00e9lt\u00e1bl\u00e1kkal kapcsolatos felszerel\u00e9sek egy helyen t\u00f6rt\u00e9n\u0151 t\u00e1rol\u00e1s\u00e1t \u00e9s sz\u00e1ll\u00edt\u00e1s\u00e1t.<\/p>\n","protected":false},"excerpt":{"rendered":"<p>DAA c\u00e9lt\u00e1bla t\u00e1ska: IPSC c\u00e9lt\u00e1bl\u00e1k egyszer\u0171 szervez\u00e9se \u00e9s sz\u00e1ll\u00edt\u00e1sa.<\/p>\n","protected":false},"featured_media":76231,"template":"","meta":{"_acf_changed":false},"product_brand":[11267],"product_cat":[12934,12980],"product_tag":[],"class_list":{"0":"post-83378","1":"product","2":"type-product","3":"status-publish","4":"has-post-thumbnail","6":"product_brand-doublealpha","7":"product_cat-felszereles","8":"product_cat-loter-taskak","10":"first","11":"outofstock","12":"taxable","13":"shipping-taxable","14":"purchasable","15":"product-type-simple"},"acf":[],"_links":{"self":[{"href":"https:\/\/staging.nbg.eu\/hu\/wp-json\/wp\/v2\/product\/83378","targetHints":{"allow":["GET"]}}],"collection":[{"href":"https:\/\/staging.nbg.eu\/hu\/wp-json\/wp\/v2\/product"}],"about":[{"href":"https:\/\/staging.nbg.eu\/hu\/wp-json\/wp\/v2\/types\/product"}],"wp:featuredmedia":[{"embeddable":true,"href":"https:\/\/staging.nbg.eu\/hu\/wp-json\/wp\/v2\/media\/76231"}],"wp:attachment":[{"href":"https:\/\/staging.nbg.eu\/hu\/wp-json\/wp\/v2\/media?parent=83378"}],"wp:term":[{"taxonomy":"product_brand","embeddable":true,"href":"https:\/\/staging.nbg.eu\/hu\/wp-json\/wp\/v2\/product_brand?post=83378"},{"taxonomy":"product_cat","embeddable":true,"href":"https:\/\/staging.nbg.eu\/hu\/wp-json\/wp\/v2\/product_cat?post=83378"},{"taxonomy":"product_tag","embeddable":true,"href":"https:\/\/staging.nbg.eu\/hu\/wp-json\/wp\/v2\/product_tag?post=83378"}],"curies":[{"name":"wp","href":"https:\/\/api.w.org\/{rel}","templated":true}]}}