{"id":78645,"date":"2024-11-05T08:14:10","date_gmt":"2024-11-05T08:14:10","guid":{"rendered":"https:\/\/staging.nbg.eu\/product\/tinck-arms-semi-automatic-rifle-ar-x15-ms-pro-cal-300-blackout-12-5\/"},"modified":"2024-11-13T12:11:59","modified_gmt":"2024-11-13T12:11:59","slug":"tinck-arms-felautomata-puska-ar-x15-ms-pro-kal-300-blackout-125","status":"publish","type":"product","link":"https:\/\/staging.nbg.eu\/hu\/termek\/tinck-arms-felautomata-puska-ar-x15-ms-pro-kal-300-blackout-125\/","title":{"rendered":"Tinck Arms Felautomata Puska AR X15-MS Pro Kal. .300 Blackout &#8211; 12.5&#8243;"},"content":{"rendered":"<div class=\"product-description\">\n<h2>Tinck Arms ARX15-MS Pro Kal. .300AAC &#8211; 12,5&#8243;<\/h2>\n<p>Az ARX15-MS Pro egy sokoldal\u00fa puska, amely alkalmas prec\u00edzi\u00f3s \u00e9s dinamikus l\u00f6v\u00e9szetre. Haszn\u00e1lhat\u00f3 statikus prec\u00edzi\u00f3s l\u00f6v\u00e9szetre, vad\u00e1szatra vagy dinamikus l\u00f6v\u00e9szetre.<\/p>\n<h2>F\u0151 jellemz\u0151k:<\/h2>\n<ul>\n<li>Kaliber: .300AAC<\/li>\n<li>Cs\u0151hossz: 12,5&#8243; (M\u00e1s hossz\u00fas\u00e1gok k\u00e9r\u00e9sre el\u00e9rhet\u0151k)<\/li>\n<li>F\u00e9lautomata m\u0171k\u00f6d\u00e9s<\/li>\n<li>Forg\u00f3 reteszel\u00e9s\u0171 z\u00e1r, k\u00f6zvetlen g\u00e1zelv\u00e9teles (DI) rendszer<\/li>\n<li>K\u00e9tkezes kezelhet\u0151s\u00e9g<\/li>\n<li>K\u00f6nny\u0171 szerkezet: Mind\u00f6ssze 2,8 kg 30 l\u0151szeres t\u00e1rral egy\u00fctt<\/li>\n<li>Kompakt \u00e9s \u00e1ll\u00edthat\u00f3: Hossza 660 mm-t\u0151l 970 mm-ig terjed<\/li>\n<\/ul>\n<h2>M\u0171szaki adatok:<\/h2>\n<p>Az ARX15-MS Pro 1:7&#8243; huzagemelked\u00e9s\u0171 cs\u0151vel rendelkezik a .300AAC l\u0151szerekhez. A 3-kamr\u00e1s cs\u0151sz\u00e1jf\u00e9k cs\u00f6kkenti a visszar\u00fag\u00e1st \u00e9s a cs\u0151emelked\u00e9st. Be\u00e9p\u00edtett 1\/2&#8243;-28 menetes hangtomp\u00edt\u00f3 csatlakoz\u00f3val rendelkezik.<\/p>\n<h2>Sokoldal\u00fas\u00e1g \u00e9s testreszabhat\u00f3s\u00e1g:<\/h2>\n<p>A fegyver 1+3 M-LOK NAR s\u00ednnel rendelkezik a kieg\u00e9sz\u00edt\u0151k sz\u00e1m\u00e1ra. Nem h\u00e1trasikl\u00f3 felh\u00faz\u00f3karral \u00e9s felhajthat\u00f3 v\u00e9szhelyzeti ir\u00e1nyz\u00e9kkal van felszerelve.<\/p>\n<h2>K\u00e9nyelem \u00e9s ergon\u00f3mia:<\/h2>\n<p>AR-15 puffer cs\u0151vel \u00e9s MFT tussal van ell\u00e1tva. A k\u00e9tkezes kezel\u0151szervek jobb- \u00e9s balkezes l\u00f6v\u0151knek egyar\u00e1nt megfelelnek.<\/p>\n<h2>Tov\u00e1bbi m\u0171szaki adatok:<\/h2>\n<ul>\n<li>Sz\u00e9less\u00e9g: 56 mm (70 mm a felh\u00faz\u00f3karral egy\u00fctt)<\/li>\n<li>Magass\u00e1g: 220 mm 30 l\u0151szeres t\u00e1rral<\/li>\n<li>Ir\u00e1nyz\u00e9k hossza: 330 mm, 370 mm, 450 mm opci\u00f3k<\/li>\n<li>T\u00e1rkapacit\u00e1s: 10 vagy 30 l\u0151szer (m\u0171anyag)<\/li>\n<\/ul>\n<p>A Tinck Arms ARX15-MS Pro Kal. .300AAC &#8211; 12,5&#8243; egy 10 (vagy 30) l\u0151szeres t\u00e1rral \u00e9s r\u00e9szletes haszn\u00e1lati \u00fatmutat\u00f3val \u00e9rkezik.<\/p>\n<\/div>\n","protected":false},"excerpt":{"rendered":"<p>Sokoldal\u00fa .300AAC puska prec\u00edzi\u00f3s \u00e9s dinamikus l\u00f6v\u00e9szethez. 12,5&#8243; cs\u0151hosszal, f\u00e9lautomata.<\/p>\n","protected":false},"featured_media":77581,"template":"","meta":{"_acf_changed":false},"product_brand":[11916],"product_cat":[12964,12967],"product_tag":[],"class_list":{"0":"post-78645","1":"product","2":"type-product","3":"status-publish","4":"has-post-thumbnail","6":"product_brand-tinck-arms","7":"product_cat-karabelyok","8":"product_cat-puska","10":"first","11":"outofstock","12":"taxable","13":"shipping-taxable","14":"purchasable","15":"product-type-simple"},"acf":[],"_links":{"self":[{"href":"https:\/\/staging.nbg.eu\/hu\/wp-json\/wp\/v2\/product\/78645","targetHints":{"allow":["GET"]}}],"collection":[{"href":"https:\/\/staging.nbg.eu\/hu\/wp-json\/wp\/v2\/product"}],"about":[{"href":"https:\/\/staging.nbg.eu\/hu\/wp-json\/wp\/v2\/types\/product"}],"wp:featuredmedia":[{"embeddable":true,"href":"https:\/\/staging.nbg.eu\/hu\/wp-json\/wp\/v2\/media\/77581"}],"wp:attachment":[{"href":"https:\/\/staging.nbg.eu\/hu\/wp-json\/wp\/v2\/media?parent=78645"}],"wp:term":[{"taxonomy":"product_brand","embeddable":true,"href":"https:\/\/staging.nbg.eu\/hu\/wp-json\/wp\/v2\/product_brand?post=78645"},{"taxonomy":"product_cat","embeddable":true,"href":"https:\/\/staging.nbg.eu\/hu\/wp-json\/wp\/v2\/product_cat?post=78645"},{"taxonomy":"product_tag","embeddable":true,"href":"https:\/\/staging.nbg.eu\/hu\/wp-json\/wp\/v2\/product_tag?post=78645"}],"curies":[{"name":"wp","href":"https:\/\/api.w.org\/{rel}","templated":true}]}}