{"id":78601,"date":"2024-01-30T18:15:03","date_gmt":"2024-01-30T18:15:03","guid":{"rendered":"https:\/\/staging.nbg.eu\/product\/kmr-w-02-umbra-x\/"},"modified":"2025-02-19T16:16:08","modified_gmt":"2025-02-19T16:16:08","slug":"kmr-w-02-umbra-x","status":"publish","type":"product","link":"https:\/\/staging.nbg.eu\/hu\/termek\/kmr-w-02-umbra-x\/","title":{"rendered":"KMR W-02 Umbra X"},"content":{"rendered":"<div class=\"product-description\">\n<h2>KMR W-02 Umbra X: IDPA Kateg\u00f3ri\u00e1k<\/h2>\n<p>A KMR W-02 Umbra X egy k\u00f6nny\u0171, de er\u0151s pisztoly, sportl\u00f6v\u00e9szet \u00e9s hobbil\u00f6v\u00e9szet c\u00e9lj\u00e1ra tervezve. Alkalmas s\u00falykorl\u00e1tozott kateg\u00f3ri\u00e1khoz, mint az IDPA, ez a kompakt fegyver j\u00f3 teljes\u00edtm\u00e9nyt \u00e9s pontoss\u00e1got ny\u00fajt.<\/p>\n<h2>F\u0151 jellemz\u0151k:<\/h2>\n<ul>\n<li>4,5&#8243; neh\u00e9z, hornyolt, nitrid\u00e1lt cs\u0151 BRS (Cs\u0151 Stabiliz\u00e1ci\u00f3s Rendszer) rendszerrel<\/li>\n<li>Optika-k\u00e9sz fel\u00fclet (OR) testreszab\u00e1shoz<\/li>\n<li>CNC-mart ac\u00e9l v\u00e1z a tart\u00f3ss\u00e1g\u00e9rt<\/li>\n<li>SA\/DA Els\u00fct\u0151szerkezet r\u00f6vid vissza\u00e1ll\u00e1ssal<\/li>\n<li>16+1 l\u0151szeres t\u00e1rkapacit\u00e1s<\/li>\n<li>WAVES Duralumin markolat s\u00f6t\u00e9tv\u00f6r\u00f6s sz\u00ednben<\/li>\n<li>\u00c1ll\u00edthat\u00f3 Duralumin t\u00e1rkireteszel\u0151 gomb<\/li>\n<li>Sz\u00e1loptik\u00e1s els\u0151 ir\u00e1nyz\u00e9k (1 mm) \u00e9s \u00e1ll\u00edthat\u00f3 OR h\u00e1ts\u00f3 ir\u00e1nyz\u00e9k<\/li>\n<li>Nitrid\u00e1lt v\u00e1z \u00e9s sz\u00e1n fekete sz\u00ednben<\/li>\n<\/ul>\n<h2>M\u0171szaki adatok:<\/h2>\n<ul>\n<li>Kaliber: 9&#215;19, 9&#215;21<\/li>\n<li>Teljes hossz: 208 mm<\/li>\n<li>Cs\u0151hossz: 114 mm<\/li>\n<li>S\u00faly \u00fcres t\u00e1rral: 1210 g<\/li>\n<li>Els\u00fct\u00e9si er\u0151: 17,5 N (SA) \/ 45 N (DA)<\/li>\n<\/ul>\n<p>A KMR W-02 Umbra X KMR kieg\u00e9sz\u00edt\u0151kkel \u00e9rkezik. Tapasztalt l\u00f6v\u00e9szeknek \u00e9s lelkes amat\u0151r\u00f6knek egyar\u00e1nt megfelel\u0151 v\u00e1laszt\u00e1s lehet ez a pisztoly.<\/p>\n<p>A csomag tartalma: 3 t\u00e1r, KMR pisztolyt\u00e1ska, tiszt\u00edt\u00f3k\u00e9szlet, KMR olaj, BRS szerel\u0151adapter, h\u00e1ts\u00f3 ir\u00e1nyz\u00e9k \u00e1ll\u00edt\u00f3 kulcs, haszn\u00e1lati \u00fatmutat\u00f3 \u00e9s garanciajegy.<\/p>\n<p><strong>KMR W-02 Umbra X \u2013 a l\u00f6v\u00e9szetben val\u00f3 fejl\u0151d\u00e9shez.<\/strong><\/p>\n<\/div>\n","protected":false},"excerpt":{"rendered":"<p>I apologize, but there is no product description provided in your message for me to translate. If you would like me to translate a specific product description to Hungarian, please provide the text and I&#8217;ll be happy to assist you with the translation.<\/p>\n","protected":false},"featured_media":76067,"template":"","meta":{"_acf_changed":false},"product_brand":[11502],"product_cat":[12924,12914],"product_tag":[],"class_list":{"0":"post-78601","1":"product","2":"type-product","3":"status-publish","4":"has-post-thumbnail","6":"product_brand-kmr-precision","7":"product_cat-pisztoly","8":"product_cat-pisztolyok","10":"first","11":"outofstock","12":"taxable","13":"shipping-taxable","14":"product-type-simple"},"acf":[],"_links":{"self":[{"href":"https:\/\/staging.nbg.eu\/hu\/wp-json\/wp\/v2\/product\/78601","targetHints":{"allow":["GET"]}}],"collection":[{"href":"https:\/\/staging.nbg.eu\/hu\/wp-json\/wp\/v2\/product"}],"about":[{"href":"https:\/\/staging.nbg.eu\/hu\/wp-json\/wp\/v2\/types\/product"}],"wp:featuredmedia":[{"embeddable":true,"href":"https:\/\/staging.nbg.eu\/hu\/wp-json\/wp\/v2\/media\/76067"}],"wp:attachment":[{"href":"https:\/\/staging.nbg.eu\/hu\/wp-json\/wp\/v2\/media?parent=78601"}],"wp:term":[{"taxonomy":"product_brand","embeddable":true,"href":"https:\/\/staging.nbg.eu\/hu\/wp-json\/wp\/v2\/product_brand?post=78601"},{"taxonomy":"product_cat","embeddable":true,"href":"https:\/\/staging.nbg.eu\/hu\/wp-json\/wp\/v2\/product_cat?post=78601"},{"taxonomy":"product_tag","embeddable":true,"href":"https:\/\/staging.nbg.eu\/hu\/wp-json\/wp\/v2\/product_tag?post=78601"}],"curies":[{"name":"wp","href":"https:\/\/api.w.org\/{rel}","templated":true}]}}