{"id":77439,"date":"2024-11-01T07:33:05","date_gmt":"2024-11-01T07:33:05","guid":{"rendered":"https:\/\/staging.nbg.eu\/product\/kmr-l-02-emiq\/"},"modified":"2024-11-04T13:33:56","modified_gmt":"2024-11-04T13:33:56","slug":"kmr-l-02-emiq","status":"publish","type":"product","link":"https:\/\/staging.nbg.eu\/hu\/termek\/kmr-l-02-emiq\/","title":{"rendered":"KMR L-02 EMIQ"},"content":{"rendered":"<div class=\"product-description\">\n<h2>KMR L-02 EMIQ: Versenyz\u00e9sre k\u00e9sz<\/h2>\n<p>A KMR L-02 EMIQ egy nagy teljes\u00edtm\u00e9ny\u0171 pisztoly, amelyet gyakorlati l\u00f6v\u00e9szversenyekre terveztek. Ez a fegyver prec\u00edz m\u00e9rn\u00f6ki munk\u00e1t \u00e9s modern kieg\u00e9sz\u00edt\u0151ket \u00f6tv\u00f6z a pontoss\u00e1g \u00e9s sebess\u00e9g \u00e9rdek\u00e9ben.<\/p>\n<h2>F\u0151 jellemz\u0151k:<\/h2>\n<ul>\n<li>5&#8243; neh\u00e9z, bord\u00e1zott, nitrid\u00e1lt cs\u0151 a jobb pontoss\u00e1g \u00e9s h\u0151elvezet\u00e9s \u00e9rdek\u00e9ben<\/li>\n<li>3+1 portos kompenz\u00e1tor a cs\u00f6kkentett cs\u0151emelked\u00e9s \u00e9s gyorsabb k\u00f6vet\u0151 l\u00f6v\u00e9sek \u00e9rdek\u00e9ben<\/li>\n<li>CNC-megmunk\u00e1lt ac\u00e9l v\u00e1z a tart\u00f3ss\u00e1g \u00e9s stabilit\u00e1s \u00e9rdek\u00e9ben<\/li>\n<li>V\u00f6r\u00f6s pont ir\u00e1nyz\u00e9k r\u00f6gz\u00edt\u0151 v\u00e9d\u0151pajzzsal a jobb c\u00e9lz\u00e1s \u00e9rdek\u00e9ben<\/li>\n<li>\u00c1ll\u00edthat\u00f3 SA els\u00fct\u0151szerkezet rec\u00e9zett lapos els\u00fct\u0151billenty\u0171vel a testreszabhat\u00f3 teljes\u00edtm\u00e9ny\u00e9rt<\/li>\n<li>Nagy kapacit\u00e1s\u00fa t\u00e1rak: 19+1 vagy 26+1 l\u0151szer (9&#215;19, 9\u00d721)<\/li>\n<li>KMR kieg\u00e9sz\u00edt\u0151k \u00e9s BRS cs\u0151stabiliz\u00e1l\u00f3 rendszer az optim\u00e1lis teljes\u00edtm\u00e9ny\u00e9rt<\/li>\n<\/ul>\n<h2>M\u0171szaki adatok:<\/h2>\n<ul>\n<li>Kaliber: 9&#215;19, 9&#215;21<\/li>\n<li>Teljes hossz: 261 mm \/ 10,3 h\u00fcvelyk<\/li>\n<li>Cs\u0151hossz: 127 mm \/ 5 h\u00fcvelyk<\/li>\n<li>S\u00faly (t\u00e1r n\u00e9lk\u00fcl): 1260 g \/ 44 uncia<\/li>\n<li>Els\u00fct\u00e9si er\u0151: &gt; 13,5 N<\/li>\n<\/ul>\n<p>A KMR L-02 EMIQ-t szak\u00e9rt\u0151 fegyverm\u0171vesek k\u00e9sz\u00edtik, egyedi figyelmet ford\u00edtva a r\u00e9szletekre. Fejlett jellemz\u0151ivel \u00e9s ergonomikus kialak\u00edt\u00e1s\u00e1val ez a pisztoly lehet\u0151v\u00e9 teszi a versenyt\u00e1rsak fel\u00fclm\u00fal\u00e1s\u00e1t.<\/p>\n<p>V\u00e1lassza a KMR L-02 EMIQ-t, \u00e9s legyen k\u00e9sz a versenyz\u00e9sre!<\/p>\n<\/div>\n","protected":false},"excerpt":{"rendered":"<p>Nagyteljes\u00edtm\u00e9ny\u0171 sportpisztoly kompenz\u00e1torral versenyekhez.<\/p>\n","protected":false},"featured_media":75836,"template":"","meta":{"_acf_changed":false},"product_brand":[11502],"product_cat":[12924,12914],"product_tag":[],"class_list":{"0":"post-77439","1":"product","2":"type-product","3":"status-publish","4":"has-post-thumbnail","6":"product_brand-kmr-precision","7":"product_cat-pisztoly","8":"product_cat-pisztolyok","10":"first","11":"outofstock","12":"taxable","13":"shipping-taxable","14":"product-type-simple"},"acf":[],"_links":{"self":[{"href":"https:\/\/staging.nbg.eu\/hu\/wp-json\/wp\/v2\/product\/77439","targetHints":{"allow":["GET"]}}],"collection":[{"href":"https:\/\/staging.nbg.eu\/hu\/wp-json\/wp\/v2\/product"}],"about":[{"href":"https:\/\/staging.nbg.eu\/hu\/wp-json\/wp\/v2\/types\/product"}],"wp:featuredmedia":[{"embeddable":true,"href":"https:\/\/staging.nbg.eu\/hu\/wp-json\/wp\/v2\/media\/75836"}],"wp:attachment":[{"href":"https:\/\/staging.nbg.eu\/hu\/wp-json\/wp\/v2\/media?parent=77439"}],"wp:term":[{"taxonomy":"product_brand","embeddable":true,"href":"https:\/\/staging.nbg.eu\/hu\/wp-json\/wp\/v2\/product_brand?post=77439"},{"taxonomy":"product_cat","embeddable":true,"href":"https:\/\/staging.nbg.eu\/hu\/wp-json\/wp\/v2\/product_cat?post=77439"},{"taxonomy":"product_tag","embeddable":true,"href":"https:\/\/staging.nbg.eu\/hu\/wp-json\/wp\/v2\/product_tag?post=77439"}],"curies":[{"name":"wp","href":"https:\/\/api.w.org\/{rel}","templated":true}]}}