{"id":75427,"date":"2024-10-30T18:55:52","date_gmt":"2024-11-01T09:40:39","guid":{"rendered":"https:\/\/staging.nbg.eu\/product\/rhh-201-iwb-magazine\/"},"modified":"2024-11-01T09:45:49","modified_gmt":"2024-11-01T09:45:49","slug":"rhh-201-iwb-tar","status":"publish","type":"product","link":"https:\/\/staging.nbg.eu\/hu\/termek\/rhh-201-iwb-tar\/","title":{"rendered":"# Rhh .201 IWB Tar"},"content":{"rendered":"<div class=\"product-description\">\n<h2>Rhh .201 IWB T\u00e1rtart\u00f3<\/h2>\n<p>Az Rhh .201 IWB t\u00e1rtart\u00f3 \u00f6v\u00f6n bel\u00fcli visel\u00e9sre k\u00e9sz\u00fclt. Jellemz\u0151i:<\/p>\n<ul>\n<li>Pr\u00e9selt kydex konstrukci\u00f3<\/li>\n<li>K\u00e9zzel v\u00e1gott \u00e9lek<\/li>\n<li>\u00c1ll\u00edthat\u00f3 markolat<\/li>\n<li>K\u00f6nnyen tiszt\u00edthat\u00f3 kialak\u00edt\u00e1s<\/li>\n<li>2 mm vastag kydex anyag<\/li>\n<li>T\u00f6bbf\u00e9le visel\u00e9si lehet\u0151s\u00e9g a der\u00e9k k\u00f6r\u00fcl<\/li>\n<li>Eg\u00e9sz \u00e9vben haszn\u00e1lhat\u00f3<\/li>\n<li>40 mm-es \u00e9s 45 mm-es ac\u00e9l klipszekkel kaphat\u00f3<\/li>\n<li>Opcion\u00e1lis izzads\u00e1gv\u00e9d\u0151<\/li>\n<\/ul>\n<p>Rejtett hord\u00e1sra alkalmas, minim\u00e1lis nyomot hagy a ruh\u00e1zaton. Jobb kezes felhaszn\u00e1l\u00f3knak 9 \u00f3ra poz\u00edci\u00f3ban.<\/p>\n<\/div>\n","protected":false},"excerpt":{"rendered":"<p>Karcs\u00fa, elrejthet\u0151 IWB t\u00e1rzseb \u00e1ll\u00edthat\u00f3 markolattal \u00e9s izzad\u00e1sg\u00e1tl\u00f3val.<\/p>\n","protected":false},"featured_media":74447,"template":"","meta":{"_acf_changed":false},"product_brand":[11643],"product_cat":[12910,12921],"product_tag":[],"class_list":{"0":"post-75427","1":"product","2":"type-product","3":"status-publish","4":"has-post-thumbnail","6":"product_brand-rh-holsters","7":"product_cat-tartartok","8":"product_cat-tokk","9":"pa_belt-size-40mm-hu","10":"pa_model-glock-17-22-31-hu","11":"pa_model-glock-19-23-32-hu","12":"pa_model-glock-26-27-hu","13":"pa_strong-hand-right-hu","15":"first","16":"instock","17":"taxable","18":"shipping-taxable","19":"purchasable","20":"product-type-variable","21":"wvs-archive-product-wrapper"},"acf":[],"_links":{"self":[{"href":"https:\/\/staging.nbg.eu\/hu\/wp-json\/wp\/v2\/product\/75427","targetHints":{"allow":["GET"]}}],"collection":[{"href":"https:\/\/staging.nbg.eu\/hu\/wp-json\/wp\/v2\/product"}],"about":[{"href":"https:\/\/staging.nbg.eu\/hu\/wp-json\/wp\/v2\/types\/product"}],"wp:featuredmedia":[{"embeddable":true,"href":"https:\/\/staging.nbg.eu\/hu\/wp-json\/wp\/v2\/media\/74447"}],"wp:attachment":[{"href":"https:\/\/staging.nbg.eu\/hu\/wp-json\/wp\/v2\/media?parent=75427"}],"wp:term":[{"taxonomy":"product_brand","embeddable":true,"href":"https:\/\/staging.nbg.eu\/hu\/wp-json\/wp\/v2\/product_brand?post=75427"},{"taxonomy":"product_cat","embeddable":true,"href":"https:\/\/staging.nbg.eu\/hu\/wp-json\/wp\/v2\/product_cat?post=75427"},{"taxonomy":"product_tag","embeddable":true,"href":"https:\/\/staging.nbg.eu\/hu\/wp-json\/wp\/v2\/product_tag?post=75427"}],"curies":[{"name":"wp","href":"https:\/\/api.w.org\/{rel}","templated":true}]}}