{"id":75363,"date":"2024-10-30T18:50:16","date_gmt":"2024-11-01T09:26:36","guid":{"rendered":"https:\/\/staging.nbg.eu\/product\/rhh-081-owb-magazine\/"},"modified":"2024-11-01T09:28:49","modified_gmt":"2024-11-01T09:28:49","slug":"rhh-081-owb-tartok","status":"publish","type":"product","link":"https:\/\/staging.nbg.eu\/hu\/termek\/rhh-081-owb-tartok\/","title":{"rendered":"Rhh .081 OWB t\u00e1rtok"},"content":{"rendered":"<div class=\"product-description\">\n<h2>Rhh .081 OWB T\u00e1rtok<\/h2>\n<p>Az Rhh .081 OWB T\u00e1rtok egy Kydex tok, amelyet k\u00e9nyelemre \u00e9s funkcionalit\u00e1sra terveztek. F\u0151bb jellemz\u0151i:<\/p>\n<ul>\n<li>2 mm vastag Kydex szerkezet a tart\u00f3ss\u00e1g \u00e9rdek\u00e9ben<\/li>\n<li>Nagynyom\u00e1s\u00fa \u00f6nt\u00e9s a t\u00f6k\u00e9letes t\u00e1rilleszked\u00e9s\u00e9rt<\/li>\n<li>\u00c9les bem\u00e9lyed\u00e9sek sima, k\u00e9zzel v\u00e1gott sz\u00e9lekkel<\/li>\n<li>Testreszabhat\u00f3 sz\u00ednopci\u00f3k<\/li>\n<li>T\u00f6bbf\u00e9le visel\u00e9si poz\u00edci\u00f3 (9-7 \u00f3ra jobbkezesek sz\u00e1m\u00e1ra)<\/li>\n<li>L\u0151terekre, edz\u00e9sekre \u00e9s versenyekre alkalmas<\/li>\n<li>T\u00f6bbf\u00e9le \u00f6vcsatlakoz\u00e1si lehet\u0151s\u00e9g: Klasszikus hurkok, SpeedLoops vagy MOLLE klipszek<\/li>\n<li>Opcion\u00e1lis izzads\u00e1gv\u00e9d\u0151 a tov\u00e1bbi v\u00e9delem\u00e9rt<\/li>\n<li>\u00c1ll\u00edthat\u00f3 markolat feszess\u00e9g<\/li>\n<\/ul>\n<p>Az Rhh .081 OWB T\u00e1rtok j\u00f3 megtart\u00e1st \u00e9s egyszer\u0171 haszn\u00e1latot biztos\u00edt.<\/p>\n<\/div>\n","protected":false},"excerpt":{"rendered":"<p>Tart\u00f3s Kydex OWB t\u00e1rtart\u00f3 2 t\u00e1rhoz. Testreszabhat\u00f3, biztons\u00e1gos illeszked\u00e9s.<\/p>\n","protected":false},"featured_media":74398,"template":"","meta":{"_acf_changed":false},"product_brand":[11643],"product_cat":[12910,12921],"product_tag":[],"class_list":{"0":"post-75363","1":"product","2":"type-product","3":"status-publish","4":"has-post-thumbnail","6":"product_brand-rh-holsters","7":"product_cat-tartartok","8":"product_cat-tokk","9":"pa_belt-size-40mm-hu","10":"pa_model-1911-hu","11":"pa_model-beretta-92x-hu","12":"pa_model-beretta-m9a3-hu","13":"pa_model-glock-17-22-31-hu","14":"pa_model-glock-19-23-32-hu","15":"pa_model-glock-26-27-hu","16":"pa_model-hk45-hu-2","17":"pa_model-sig-sauer-p226-bez-railu-hu","18":"pa_strong-hand-right-hu","20":"first","21":"instock","22":"taxable","23":"shipping-taxable","24":"purchasable","25":"product-type-variable","26":"wvs-archive-product-wrapper"},"acf":[],"_links":{"self":[{"href":"https:\/\/staging.nbg.eu\/hu\/wp-json\/wp\/v2\/product\/75363","targetHints":{"allow":["GET"]}}],"collection":[{"href":"https:\/\/staging.nbg.eu\/hu\/wp-json\/wp\/v2\/product"}],"about":[{"href":"https:\/\/staging.nbg.eu\/hu\/wp-json\/wp\/v2\/types\/product"}],"wp:featuredmedia":[{"embeddable":true,"href":"https:\/\/staging.nbg.eu\/hu\/wp-json\/wp\/v2\/media\/74398"}],"wp:attachment":[{"href":"https:\/\/staging.nbg.eu\/hu\/wp-json\/wp\/v2\/media?parent=75363"}],"wp:term":[{"taxonomy":"product_brand","embeddable":true,"href":"https:\/\/staging.nbg.eu\/hu\/wp-json\/wp\/v2\/product_brand?post=75363"},{"taxonomy":"product_cat","embeddable":true,"href":"https:\/\/staging.nbg.eu\/hu\/wp-json\/wp\/v2\/product_cat?post=75363"},{"taxonomy":"product_tag","embeddable":true,"href":"https:\/\/staging.nbg.eu\/hu\/wp-json\/wp\/v2\/product_tag?post=75363"}],"curies":[{"name":"wp","href":"https:\/\/api.w.org\/{rel}","templated":true}]}}