{"id":75331,"date":"2024-10-30T20:07:58","date_gmt":"2024-10-30T20:07:58","guid":{"rendered":"https:\/\/staging.nbg.eu\/product\/daa-hard-case-large-430\/"},"modified":"2024-11-01T09:07:52","modified_gmt":"2024-11-01T09:07:52","slug":"daa-kemeny-tok-nagy-430","status":"publish","type":"product","link":"https:\/\/staging.nbg.eu\/hu\/termek\/daa-kemeny-tok-nagy-430\/","title":{"rendered":"DAA kem\u00e9ny tok nagy-430"},"content":{"rendered":"<div class=\"product-description\">\n<h2>DAA Nagy M\u00e9ret\u0171 Kem\u00e9ny Tok-430<\/h2>\n<p>Az IP67 min\u0151s\u00edt\u00e9s\u0171 DAA Nagy M\u00e9ret\u0171 Kem\u00e9ny Tok-430 v\u00e9delmet ny\u00fajt az \u00e9rt\u00e9kt\u00e1rgyaknak. Alkalmas l\u0151fegyverek, f\u00e9nyk\u00e9p\u00e9szeti felszerel\u00e9sek, tengeri felszerel\u00e9sek \u00e9s egyebek t\u00e1rol\u00e1s\u00e1ra.<\/p>\n<ul>\n<li>V\u00edz\u00e1ll\u00f3 t\u00f6m\u00edt\u00e9s \u00e9s automatikus nyom\u00e1skiegyenl\u00edt\u0151 szelep<\/li>\n<li>K\u00f6nnyen nyithat\u00f3 dupla z\u00e1rak \u00e9s lakatfuratok<\/li>\n<li>Egym\u00e1sba rakhat\u00f3 rendszer tov\u00e1bbi r\u00f6gz\u00edt\u00e9si pontokkal<\/li>\n<li>Tartalmaz 4 darabos szivacs k\u00e9szletet a bels\u0151 t\u00e9r testreszab\u00e1s\u00e1hoz<\/li>\n<li>Fekete vagy narancss\u00e1rga sz\u00ednben kaphat\u00f3<\/li>\n<\/ul>\n<p>K\u00fcls\u0151 m\u00e9retek: 464 x 366 x 176 mm<br \/>\n  Bels\u0151 m\u00e9retek: 426 x 290 x 159 mm<br \/>\n  S\u00faly: 3,1 kg<\/p>\n<\/div>\n","protected":false},"excerpt":{"rendered":"<p>Tart\u00f3s, v\u00edz\u00e1ll\u00f3 tok \u00e9rt\u00e9kes felszerel\u00e9sekhez. IP67 tan\u00fas\u00edtv\u00e1nnyal rendelkezik, sokoldal\u00fa.<\/p>\n","protected":false},"featured_media":74473,"template":"","meta":{"_acf_changed":false},"product_brand":[11267],"product_cat":[12934,12956],"product_tag":[],"class_list":{"0":"post-75331","1":"product","2":"type-product","3":"status-publish","4":"has-post-thumbnail","6":"product_brand-doublealpha","7":"product_cat-felszereles","8":"product_cat-hordtaskak","10":"first","11":"outofstock","12":"taxable","13":"shipping-taxable","14":"purchasable","15":"product-type-simple"},"acf":[],"_links":{"self":[{"href":"https:\/\/staging.nbg.eu\/hu\/wp-json\/wp\/v2\/product\/75331","targetHints":{"allow":["GET"]}}],"collection":[{"href":"https:\/\/staging.nbg.eu\/hu\/wp-json\/wp\/v2\/product"}],"about":[{"href":"https:\/\/staging.nbg.eu\/hu\/wp-json\/wp\/v2\/types\/product"}],"wp:featuredmedia":[{"embeddable":true,"href":"https:\/\/staging.nbg.eu\/hu\/wp-json\/wp\/v2\/media\/74473"}],"wp:attachment":[{"href":"https:\/\/staging.nbg.eu\/hu\/wp-json\/wp\/v2\/media?parent=75331"}],"wp:term":[{"taxonomy":"product_brand","embeddable":true,"href":"https:\/\/staging.nbg.eu\/hu\/wp-json\/wp\/v2\/product_brand?post=75331"},{"taxonomy":"product_cat","embeddable":true,"href":"https:\/\/staging.nbg.eu\/hu\/wp-json\/wp\/v2\/product_cat?post=75331"},{"taxonomy":"product_tag","embeddable":true,"href":"https:\/\/staging.nbg.eu\/hu\/wp-json\/wp\/v2\/product_tag?post=75331"}],"curies":[{"name":"wp","href":"https:\/\/api.w.org\/{rel}","templated":true}]}}