{"id":75309,"date":"2024-10-30T20:55:00","date_gmt":"2024-11-01T09:04:54","guid":{"rendered":"https:\/\/staging.nbg.eu\/product\/daa-hard-case-xl-505\/"},"modified":"2024-11-01T09:06:40","modified_gmt":"2024-11-01T09:06:40","slug":"daa-kemeny-tok-xl-505","status":"publish","type":"product","link":"https:\/\/staging.nbg.eu\/hu\/termek\/daa-kemeny-tok-xl-505\/","title":{"rendered":"DAA kem\u00e9ny tok XL-505"},"content":{"rendered":"<div class=\"product-description\">\n<h2>DAA Hard Case XL-505<\/h2>\n<p>Az IP67 tan\u00fas\u00edtv\u00e1nnyal rendelkez\u0151 DAA Hard Case XL-505 v\u00e9delmet ny\u00fajt az \u00e9rt\u00e9kes t\u00e1rgyak sz\u00e1m\u00e1ra. Alkalmas fegyverek, f\u00e9nyk\u00e9p\u00e9szeti felszerel\u00e9sek, tengeri felszerel\u00e9sek \u00e9s egyebek t\u00e1rol\u00e1s\u00e1ra. A tok ellen\u00e1ll a sz\u00e9ls\u0151s\u00e9ges k\u00f6r\u00fclm\u00e9nyeknek.<\/p>\n<ul>\n<li>V\u00edz\u00e1ll\u00f3 \u00e9s por\u00e1ll\u00f3 kialak\u00edt\u00e1s<\/li>\n<li>\u00dct\u00e9s\u00e1ll\u00f3 szerkezet<\/li>\n<li>Automatikus nyom\u00e1skiegyenl\u00edt\u0151 szelep<\/li>\n<li>N\u00e9gy k\u00f6nnyen nyithat\u00f3 dupla z\u00e1r<\/li>\n<li>Puha markolat \u00e9s dupla lakatlyuk<\/li>\n<li>Egym\u00e1sba illeszthet\u0151, rak\u00e1solhat\u00f3 rendszer<\/li>\n<li>Testreszabhat\u00f3 habszivacs bels\u0151<\/li>\n<\/ul>\n<p>Fekete vagy narancss\u00e1rga sz\u00ednben kaphat\u00f3, az XL-505 k\u00fcls\u0151 m\u00e9retei 555 x 428 x 211 mm, s\u00falya 4,1 kg. Sokoldal\u00fa kialak\u00edt\u00e1s\u00e1val \u00e9s jellemz\u0151ivel ez a tok alkalmas a felszerel\u00e9sek v\u00e9delm\u00e9re k\u00fcl\u00f6nb\u00f6z\u0151 k\u00f6rnyezetekben.<\/p>\n<\/div>\n","protected":false},"excerpt":{"rendered":"<p>Tart\u00f3s, v\u00edz\u00e1ll\u00f3 tok \u00e9rt\u00e9kes felszerel\u00e9sek sz\u00e1m\u00e1ra. Testreszabhat\u00f3 habszivacs bels\u0151.<\/p>\n","protected":false},"featured_media":74704,"template":"","meta":{"_acf_changed":false},"product_brand":[11267],"product_cat":[12934,12956],"product_tag":[],"class_list":{"0":"post-75309","1":"product","2":"type-product","3":"status-publish","4":"has-post-thumbnail","6":"product_brand-doublealpha","7":"product_cat-felszereles","8":"product_cat-hordtaskak","10":"first","11":"instock","12":"taxable","13":"shipping-taxable","14":"purchasable","15":"product-type-simple"},"acf":[],"_links":{"self":[{"href":"https:\/\/staging.nbg.eu\/hu\/wp-json\/wp\/v2\/product\/75309","targetHints":{"allow":["GET"]}}],"collection":[{"href":"https:\/\/staging.nbg.eu\/hu\/wp-json\/wp\/v2\/product"}],"about":[{"href":"https:\/\/staging.nbg.eu\/hu\/wp-json\/wp\/v2\/types\/product"}],"wp:featuredmedia":[{"embeddable":true,"href":"https:\/\/staging.nbg.eu\/hu\/wp-json\/wp\/v2\/media\/74704"}],"wp:attachment":[{"href":"https:\/\/staging.nbg.eu\/hu\/wp-json\/wp\/v2\/media?parent=75309"}],"wp:term":[{"taxonomy":"product_brand","embeddable":true,"href":"https:\/\/staging.nbg.eu\/hu\/wp-json\/wp\/v2\/product_brand?post=75309"},{"taxonomy":"product_cat","embeddable":true,"href":"https:\/\/staging.nbg.eu\/hu\/wp-json\/wp\/v2\/product_cat?post=75309"},{"taxonomy":"product_tag","embeddable":true,"href":"https:\/\/staging.nbg.eu\/hu\/wp-json\/wp\/v2\/product_tag?post=75309"}],"curies":[{"name":"wp","href":"https:\/\/api.w.org\/{rel}","templated":true}]}}