{"id":74926,"date":"2024-10-21T09:31:15","date_gmt":"2024-10-31T11:15:35","guid":{"rendered":"https:\/\/staging.nbg.eu\/product\/grips-kmr-s-dotmatrix-ergo-silver\/"},"modified":"2024-10-31T11:17:14","modified_gmt":"2024-10-31T11:17:14","slug":"markolat-kmr-s-dotmatrix-ergo-ezuest","status":"publish","type":"product","link":"https:\/\/staging.nbg.eu\/hu\/termek\/markolat-kmr-s-dotmatrix-ergo-ezuest\/","title":{"rendered":"MARKOLAT KMR S DotMatrix &#8211; Ergo ez\u00fcst"},"content":{"rendered":"<h2>GRIPS KMR S DotMatrix &#8211; Ergo Ez\u00fcst<\/h2>\n<p>KMR S-02 pisztoly\u00e1hoz val\u00f3 DotMatrix markolat. Elox\u00e1lt duralumin anyagb\u00f3l k\u00e9sz\u00fclt, hossz\u00fa m\u00e9ret\u0171 markolat ergonomikus kialak\u00edt\u00e1ssal \u00e9s golflabd mint\u00e1zattal a jobb fog\u00e1s \u00e9rdek\u00e9ben.<\/p>\n<ul>\n<li>Kiz\u00e1r\u00f3lag KMR S-02 v\u00e1zhoz (26mm sz\u00e9les) kompatibilis<\/li>\n<li>Elox\u00e1lt duralumin szerkezet<\/li>\n<li>Ergonomikus kialak\u00edt\u00e1s<\/li>\n<li>Golflabda mint\u00e1zat\u00fa fel\u00fclet a jobb fog\u00e1s\u00e9rt<\/li>\n<li>Ez\u00fcst sz\u00edn\u0171, KMR log\u00f3val<\/li>\n<li>Torx csavarokkal a felszerel\u00e9shez<\/li>\n<\/ul>\n<p>A KMR S-02 .22 LR pisztolyhoz tervezett markolat. Nem kompatibilis a W-02 vagy L-02 v\u00e1zm\u00e9retekkel.<\/p>\n<dl class=\"data-sheet\">\n<dt class=\"name\">KMR fegyverekhez<\/dt>\n<dd class=\"value\">KMR S-01 LANCE (OR)<br \/>\nKMR S-02 2023-ig<\/dd>\n<dt class=\"name\">CZ fegyverekhez<\/dt>\n<dd class=\"value\">CZ SHADOW 1<br \/>\nCZ SHADOW 2<br \/>\nCZ SHADOW 2 (OR)<br \/>\nCZ SP-01<\/dd>\n<\/dl>\n","protected":false},"excerpt":{"rendered":"<p>Ergonomikus ez\u00fcst markolat KMR S-02 pisztolyokhoz.<br \/>\n0611-03001-0102<\/p>\n","protected":false},"featured_media":73848,"template":"","meta":{"_acf_changed":false},"product_brand":[11502],"product_cat":[12919],"product_tag":[],"class_list":{"0":"post-74926","1":"product","2":"type-product","3":"status-publish","4":"has-post-thumbnail","6":"product_brand-kmr-precision","7":"product_cat-kmr-alkatreszek","9":"first","10":"instock","11":"taxable","12":"shipping-taxable","13":"purchasable","14":"product-type-simple"},"acf":[],"_links":{"self":[{"href":"https:\/\/staging.nbg.eu\/hu\/wp-json\/wp\/v2\/product\/74926","targetHints":{"allow":["GET"]}}],"collection":[{"href":"https:\/\/staging.nbg.eu\/hu\/wp-json\/wp\/v2\/product"}],"about":[{"href":"https:\/\/staging.nbg.eu\/hu\/wp-json\/wp\/v2\/types\/product"}],"wp:featuredmedia":[{"embeddable":true,"href":"https:\/\/staging.nbg.eu\/hu\/wp-json\/wp\/v2\/media\/73848"}],"wp:attachment":[{"href":"https:\/\/staging.nbg.eu\/hu\/wp-json\/wp\/v2\/media?parent=74926"}],"wp:term":[{"taxonomy":"product_brand","embeddable":true,"href":"https:\/\/staging.nbg.eu\/hu\/wp-json\/wp\/v2\/product_brand?post=74926"},{"taxonomy":"product_cat","embeddable":true,"href":"https:\/\/staging.nbg.eu\/hu\/wp-json\/wp\/v2\/product_cat?post=74926"},{"taxonomy":"product_tag","embeddable":true,"href":"https:\/\/staging.nbg.eu\/hu\/wp-json\/wp\/v2\/product_tag?post=74926"}],"curies":[{"name":"wp","href":"https:\/\/api.w.org\/{rel}","templated":true}]}}