{"id":74863,"date":"2024-10-20T10:23:42","date_gmt":"2024-10-20T10:23:42","guid":{"rendered":"https:\/\/staging.nbg.eu\/product\/grips-kmr-l-diamondcut-brass\/"},"modified":"2024-10-31T11:07:49","modified_gmt":"2024-10-31T11:07:49","slug":"markolat-kmr-l-gyemantvagasu-sargarez","status":"publish","type":"product","link":"https:\/\/staging.nbg.eu\/hu\/termek\/markolat-kmr-l-gyemantvagasu-sargarez\/","title":{"rendered":"MARKOLAT KMR L gy\u00e9m\u00e1ntv\u00e1g\u00e1s\u00fa s\u00e1rgar\u00e9z"},"content":{"rendered":"<dl class=\"data-sheet\">\n<dt class=\"name\">Fegyverekhez KMR<\/dt>\n<dd class=\"value\">KMR L-02 SPECTRA 2023-ig<br \/>\nKMR L-02 UMBRA 2023-ig<\/dd>\n<\/dl>\n","protected":false},"excerpt":{"rendered":"<p>0611-03702-0316<\/p>\n<p>Megjegyz\u00e9s: Ez a term\u00e9kle\u00edr\u00e1s csak egy term\u00e9kk\u00f3dot tartalmaz, ami \u00e1ltal\u00e1ban nem ford\u00edtand\u00f3. Ez\u00e9rt a magyar verzi\u00f3 ugyanaz, mint az eredeti.<\/p>\n","protected":false},"featured_media":73615,"template":"","meta":{"_acf_changed":false},"product_brand":[11502],"product_cat":[12919],"product_tag":[],"class_list":{"0":"post-74863","1":"product","2":"type-product","3":"status-publish","4":"has-post-thumbnail","6":"product_brand-kmr-precision","7":"product_cat-kmr-alkatreszek","9":"first","10":"outofstock","11":"taxable","12":"shipping-taxable","13":"purchasable","14":"product-type-simple"},"acf":[],"_links":{"self":[{"href":"https:\/\/staging.nbg.eu\/hu\/wp-json\/wp\/v2\/product\/74863","targetHints":{"allow":["GET"]}}],"collection":[{"href":"https:\/\/staging.nbg.eu\/hu\/wp-json\/wp\/v2\/product"}],"about":[{"href":"https:\/\/staging.nbg.eu\/hu\/wp-json\/wp\/v2\/types\/product"}],"wp:featuredmedia":[{"embeddable":true,"href":"https:\/\/staging.nbg.eu\/hu\/wp-json\/wp\/v2\/media\/73615"}],"wp:attachment":[{"href":"https:\/\/staging.nbg.eu\/hu\/wp-json\/wp\/v2\/media?parent=74863"}],"wp:term":[{"taxonomy":"product_brand","embeddable":true,"href":"https:\/\/staging.nbg.eu\/hu\/wp-json\/wp\/v2\/product_brand?post=74863"},{"taxonomy":"product_cat","embeddable":true,"href":"https:\/\/staging.nbg.eu\/hu\/wp-json\/wp\/v2\/product_cat?post=74863"},{"taxonomy":"product_tag","embeddable":true,"href":"https:\/\/staging.nbg.eu\/hu\/wp-json\/wp\/v2\/product_tag?post=74863"}],"curies":[{"name":"wp","href":"https:\/\/api.w.org\/{rel}","templated":true}]}}