{"id":74838,"date":"2024-10-21T09:33:36","date_gmt":"2024-10-31T10:58:49","guid":{"rendered":"https:\/\/staging.nbg.eu\/product\/grips-kmr-s-dotmatrix-silver\/"},"modified":"2024-10-31T11:00:28","modified_gmt":"2024-10-31T11:00:28","slug":"markolat-kmr-s-dotmatrix-ezuest","status":"publish","type":"product","link":"https:\/\/staging.nbg.eu\/hu\/termek\/markolat-kmr-s-dotmatrix-ezuest\/","title":{"rendered":"MARKOLAT KMR S DotMatrix &#8211; ez\u00fcst"},"content":{"rendered":"<div class=\"product-description\">\n<h2>GRIPS KMR S DotMatrix &#8211; Ez\u00fcst<\/h2>\n<p>GRIPS KMR S DotMatrix ez\u00fcst sz\u00ednben. Hossz\u00fa, tart\u00f3s markolatok an\u00f3diz\u00e1lt duralum\u00edniumb\u00f3l, golf labda mint\u00e1zat\u00fa text\u00far\u00e1val a jobb fog\u00e1s \u00e9rdek\u00e9ben.<\/p>\n<ul>\n<li>KMR S-02 modellekhez, 26 mm sz\u00e9les alum\u00ednium tokkal<\/li>\n<li>Textur\u00e1lt fel\u00fclet a biztos fog\u00e1s\u00e9rt<\/li>\n<li>Megl\u00e9v\u0151 pisztolyok fejleszt\u00e9s\u00e9hez vagy versenyfegyverek \u00e9p\u00edt\u00e9s\u00e9hez<\/li>\n<li>T\u00e1rvezet\u00f5 n\u00e9lk\u00fcl<\/li>\n<li>Torx csavarokkal a felszerel\u00e9shez<\/li>\n<li>KMR log\u00f3val<\/li>\n<\/ul>\n<p>Megjegyz\u00e9s: Ezek a markolatok csak KMR S-02 tokm\u00e9retekkel kompatibilisek, nem cser\u00e9lhet\u0151k W-02 vagy L-02 modellekkel. Ellen\u0151rizze a bels\u0151 jel\u00f6l\u00e9st (S) felszerel\u00e9s el\u0151tt.<\/p>\n<\/div>\n<dl class=\"data-sheet\">\n<dt class=\"name\">KMR fegyverekhez<\/dt>\n<dd class=\"value\">KMR S-01 LANCE (OR)<br \/>\nKMR S-02 2023-IG<\/dd>\n<dt class=\"name\">CZ fegyverekhez<\/dt>\n<dd class=\"value\">CZ SHADOW 1<br \/>\nCZ SHADOW 2<br \/>\nCZ SHADOW 2 (OR)<br \/>\nCZ SP-01<\/dd>\n<\/dl>\n","protected":false},"excerpt":{"rendered":"<p>Tart\u00f3s ez\u00fcst markolatok agressz\u00edv fel\u00fclettel a magabiztos kezel\u00e9s\u00e9rt.<br \/>\n 0611-02801-0102<\/p>\n","protected":false},"featured_media":73872,"template":"","meta":{"_acf_changed":false},"product_brand":[11502],"product_cat":[369],"product_tag":[],"class_list":{"0":"post-74838","1":"product","2":"type-product","3":"status-publish","4":"has-post-thumbnail","6":"product_brand-kmr-precision","7":"product_cat-uncategorized","9":"first","10":"instock","11":"taxable","12":"shipping-taxable","13":"purchasable","14":"product-type-simple"},"acf":[],"_links":{"self":[{"href":"https:\/\/staging.nbg.eu\/hu\/wp-json\/wp\/v2\/product\/74838","targetHints":{"allow":["GET"]}}],"collection":[{"href":"https:\/\/staging.nbg.eu\/hu\/wp-json\/wp\/v2\/product"}],"about":[{"href":"https:\/\/staging.nbg.eu\/hu\/wp-json\/wp\/v2\/types\/product"}],"wp:featuredmedia":[{"embeddable":true,"href":"https:\/\/staging.nbg.eu\/hu\/wp-json\/wp\/v2\/media\/73872"}],"wp:attachment":[{"href":"https:\/\/staging.nbg.eu\/hu\/wp-json\/wp\/v2\/media?parent=74838"}],"wp:term":[{"taxonomy":"product_brand","embeddable":true,"href":"https:\/\/staging.nbg.eu\/hu\/wp-json\/wp\/v2\/product_brand?post=74838"},{"taxonomy":"product_cat","embeddable":true,"href":"https:\/\/staging.nbg.eu\/hu\/wp-json\/wp\/v2\/product_cat?post=74838"},{"taxonomy":"product_tag","embeddable":true,"href":"https:\/\/staging.nbg.eu\/hu\/wp-json\/wp\/v2\/product_tag?post=74838"}],"curies":[{"name":"wp","href":"https:\/\/api.w.org\/{rel}","templated":true}]}}