{"id":74816,"date":"2024-10-21T09:29:53","date_gmt":"2024-10-31T10:55:17","guid":{"rendered":"https:\/\/staging.nbg.eu\/product\/grips-kmr-s-dotmatrix-black\/"},"modified":"2024-10-31T10:56:57","modified_gmt":"2024-10-31T10:56:57","slug":"markolat-kmr-s-dotmatrix-fekete","status":"publish","type":"product","link":"https:\/\/staging.nbg.eu\/hu\/termek\/markolat-kmr-s-dotmatrix-fekete\/","title":{"rendered":"MARKOLAT KMR S DotMatrix &#8211; fekete"},"content":{"rendered":"<div class=\"product-description\">\n<h2>GRIPS KMR S DotMatrix &#8211; Fekete<\/h2>\n<p>GRIPS KMR S DotMatrix fekete sz\u00ednben. Ezek a markolatok stabil fog\u00e1st biztos\u00edtanak. Alkalmas megl\u00e9v\u0151 pisztoly fejleszt\u00e9s\u00e9re vagy versenyfegyver kialak\u00edt\u00e1s\u00e1ra.<\/p>\n<h3>F\u0151 jellemz\u0151k:<\/h3>\n<ul>\n<li>Hossz\u00fa m\u00e9ret az optim\u00e1lis fog\u00e1s\u00e9rt<\/li>\n<li>An\u00f3diz\u00e1lt dur\u00e1lb\u00f3l k\u00e9sz\u00fclt tart\u00f3ss\u00e1g \u00e9rdek\u00e9ben<\/li>\n<li>Golflabda minta a jobb fog\u00e1s \u00e9rdek\u00e9ben<\/li>\n<li>T\u00e1rvezet\u0151k n\u00e9lk\u00fcli haszn\u00e1latra tervezve<\/li>\n<li>Torx csavarokkal a k\u00f6nny\u0171 felszerel\u00e9shez<\/li>\n<li>KMR log\u00f3val ell\u00e1tva<\/li>\n<\/ul>\n<p>Kiz\u00e1r\u00f3lag 26 mm sz\u00e9les alum\u00ednium kerettel rendelkez\u0151 KMR S-02 modellekkel kompatibilis. Nem alkalmas W-02 vagy L-02 keretm\u00e9retekhez. Fejlessze KMR S-02 .22 LR pisztoly\u00e1t a jobb ir\u00e1ny\u00edt\u00e1s \u00e9s teljes\u00edtm\u00e9ny \u00e9rdek\u00e9ben.<\/p>\n<\/div>\n<dl class=\"data-sheet\">\n<dt class=\"name\">KMR fegyverekhez<\/dt>\n<dd class=\"value\">KMR S-01 LANCE (OR)<br \/>\nKMR S-02 2023-ig<\/dd>\n<dt class=\"name\">CZ fegyverek v\u00e1laszt\u00e9ka<\/dt>\n<dd class=\"value\">CZ SHADOW 1<br \/>\nCZ SHADOW 2<br \/>\nCZ SHADOW 2 (OR)<br \/>\nCZ SP-01<\/dd>\n<\/dl>\n","protected":false},"excerpt":{"rendered":"<p>Tart\u00f3s elox\u00e1lt duralumin pisztoly markolatok. Agressz\u00edv fel\u00fcleti mint\u00e1zat.<\/p>\n<p>0611-02801-0101<\/p>\n","protected":false},"featured_media":73824,"template":"","meta":{"_acf_changed":false},"product_brand":[11502],"product_cat":[12919],"product_tag":[],"class_list":{"0":"post-74816","1":"product","2":"type-product","3":"status-publish","4":"has-post-thumbnail","6":"product_brand-kmr-precision","7":"product_cat-kmr-alkatreszek","9":"first","10":"instock","11":"taxable","12":"shipping-taxable","13":"purchasable","14":"product-type-simple"},"acf":[],"_links":{"self":[{"href":"https:\/\/staging.nbg.eu\/hu\/wp-json\/wp\/v2\/product\/74816","targetHints":{"allow":["GET"]}}],"collection":[{"href":"https:\/\/staging.nbg.eu\/hu\/wp-json\/wp\/v2\/product"}],"about":[{"href":"https:\/\/staging.nbg.eu\/hu\/wp-json\/wp\/v2\/types\/product"}],"wp:featuredmedia":[{"embeddable":true,"href":"https:\/\/staging.nbg.eu\/hu\/wp-json\/wp\/v2\/media\/73824"}],"wp:attachment":[{"href":"https:\/\/staging.nbg.eu\/hu\/wp-json\/wp\/v2\/media?parent=74816"}],"wp:term":[{"taxonomy":"product_brand","embeddable":true,"href":"https:\/\/staging.nbg.eu\/hu\/wp-json\/wp\/v2\/product_brand?post=74816"},{"taxonomy":"product_cat","embeddable":true,"href":"https:\/\/staging.nbg.eu\/hu\/wp-json\/wp\/v2\/product_cat?post=74816"},{"taxonomy":"product_tag","embeddable":true,"href":"https:\/\/staging.nbg.eu\/hu\/wp-json\/wp\/v2\/product_tag?post=74816"}],"curies":[{"name":"wp","href":"https:\/\/api.w.org\/{rel}","templated":true}]}}