{"id":74794,"date":"2024-10-20T21:00:08","date_gmt":"2024-10-20T21:00:08","guid":{"rendered":"https:\/\/staging.nbg.eu\/product\/grips-kmr-l-dotmatrix-gold\/"},"modified":"2024-10-31T10:53:33","modified_gmt":"2024-10-31T10:53:33","slug":"markolat-kmr-l-dotmatrix-arany","status":"publish","type":"product","link":"https:\/\/staging.nbg.eu\/hu\/termek\/markolat-kmr-l-dotmatrix-arany\/","title":{"rendered":"MARKOLAT KMR L DotMatrix &#8211; arany"},"content":{"rendered":"<dl class=\"data-sheet\">\n<dt class=\"name\">Fegyverekhez KMR<\/dt>\n<dd class=\"value\">KMR L-02 SPECTRA 2023-ig<br \/>\nKMR L-02 UMBRA 2023-ig<\/dd>\n<\/dl>\n","protected":false},"excerpt":{"rendered":"<p>0611-03801-0106<\/p>\n<p>Megjegyz\u00e9s: Ez egy term\u00e9k azonos\u00edt\u00f3 sz\u00e1m vagy k\u00f3d, amit \u00e1ltal\u00e1ban nem szok\u00e1s leford\u00edtani, ez\u00e9rt v\u00e1ltozatlanul hagytam.<\/p>\n","protected":false},"featured_media":73776,"template":"","meta":{"_acf_changed":false},"product_brand":[11502],"product_cat":[12919],"product_tag":[],"class_list":{"0":"post-74794","1":"product","2":"type-product","3":"status-publish","4":"has-post-thumbnail","6":"product_brand-kmr-precision","7":"product_cat-kmr-alkatreszek","9":"first","10":"outofstock","11":"taxable","12":"shipping-taxable","13":"purchasable","14":"product-type-simple"},"acf":[],"_links":{"self":[{"href":"https:\/\/staging.nbg.eu\/hu\/wp-json\/wp\/v2\/product\/74794","targetHints":{"allow":["GET"]}}],"collection":[{"href":"https:\/\/staging.nbg.eu\/hu\/wp-json\/wp\/v2\/product"}],"about":[{"href":"https:\/\/staging.nbg.eu\/hu\/wp-json\/wp\/v2\/types\/product"}],"wp:featuredmedia":[{"embeddable":true,"href":"https:\/\/staging.nbg.eu\/hu\/wp-json\/wp\/v2\/media\/73776"}],"wp:attachment":[{"href":"https:\/\/staging.nbg.eu\/hu\/wp-json\/wp\/v2\/media?parent=74794"}],"wp:term":[{"taxonomy":"product_brand","embeddable":true,"href":"https:\/\/staging.nbg.eu\/hu\/wp-json\/wp\/v2\/product_brand?post=74794"},{"taxonomy":"product_cat","embeddable":true,"href":"https:\/\/staging.nbg.eu\/hu\/wp-json\/wp\/v2\/product_cat?post=74794"},{"taxonomy":"product_tag","embeddable":true,"href":"https:\/\/staging.nbg.eu\/hu\/wp-json\/wp\/v2\/product_tag?post=74794"}],"curies":[{"name":"wp","href":"https:\/\/api.w.org\/{rel}","templated":true}]}}