{"id":74772,"date":"2024-10-20T20:58:44","date_gmt":"2024-10-20T20:58:44","guid":{"rendered":"https:\/\/staging.nbg.eu\/product\/grips-kmr-l-dotmatrix-ergo-silver\/"},"modified":"2024-10-31T10:52:23","modified_gmt":"2024-10-31T10:52:23","slug":"markolat-kmr-l-dotmatrix-ergo-ezuest","status":"publish","type":"product","link":"https:\/\/staging.nbg.eu\/hu\/termek\/markolat-kmr-l-dotmatrix-ergo-ezuest\/","title":{"rendered":"MARKOLAT KMR L DotMatrix &#8211; Ergo ez\u00fcst"},"content":{"rendered":"<dl class=\"data-sheet\">\n<dt class=\"name\">Fegyverekhez KMR<\/dt>\n<dd class=\"value\">KMR L-02 SPECTRA 2023-IG<br \/>\nKMR L-02 UMBRA 2023-IG<\/dd>\n<\/dl>\n","protected":false},"excerpt":{"rendered":"<p>0611-04001-0102<\/p>\n<p>Megjegyz\u00e9s: Ez egy term\u00e9k- vagy alkatr\u00e9szsz\u00e1m, amely \u00e1ltal\u00e1ban nem ker\u00fcl leford\u00edt\u00e1sra, mivel minden nyelven ugyanaz marad.<\/p>\n","protected":false},"featured_media":73687,"template":"","meta":{"_acf_changed":false},"product_brand":[11502],"product_cat":[12919],"product_tag":[],"class_list":{"0":"post-74772","1":"product","2":"type-product","3":"status-publish","4":"has-post-thumbnail","6":"product_brand-kmr-precision","7":"product_cat-kmr-alkatreszek","9":"first","10":"outofstock","11":"taxable","12":"shipping-taxable","13":"purchasable","14":"product-type-simple"},"acf":[],"_links":{"self":[{"href":"https:\/\/staging.nbg.eu\/hu\/wp-json\/wp\/v2\/product\/74772","targetHints":{"allow":["GET"]}}],"collection":[{"href":"https:\/\/staging.nbg.eu\/hu\/wp-json\/wp\/v2\/product"}],"about":[{"href":"https:\/\/staging.nbg.eu\/hu\/wp-json\/wp\/v2\/types\/product"}],"wp:featuredmedia":[{"embeddable":true,"href":"https:\/\/staging.nbg.eu\/hu\/wp-json\/wp\/v2\/media\/73687"}],"wp:attachment":[{"href":"https:\/\/staging.nbg.eu\/hu\/wp-json\/wp\/v2\/media?parent=74772"}],"wp:term":[{"taxonomy":"product_brand","embeddable":true,"href":"https:\/\/staging.nbg.eu\/hu\/wp-json\/wp\/v2\/product_brand?post=74772"},{"taxonomy":"product_cat","embeddable":true,"href":"https:\/\/staging.nbg.eu\/hu\/wp-json\/wp\/v2\/product_cat?post=74772"},{"taxonomy":"product_tag","embeddable":true,"href":"https:\/\/staging.nbg.eu\/hu\/wp-json\/wp\/v2\/product_tag?post=74772"}],"curies":[{"name":"wp","href":"https:\/\/api.w.org\/{rel}","templated":true}]}}