{"id":74750,"date":"2024-10-20T10:08:46","date_gmt":"2024-10-20T10:08:46","guid":{"rendered":"https:\/\/staging.nbg.eu\/product\/flat-safety-set-kmr\/"},"modified":"2024-10-31T10:49:11","modified_gmt":"2024-10-31T10:49:11","slug":"lapos-biztosito-keszlet-kmr","status":"publish","type":"product","link":"https:\/\/staging.nbg.eu\/hu\/termek\/lapos-biztosito-keszlet-kmr\/","title":{"rendered":"Lapos biztos\u00edt\u00f3 k\u00e9szlet KMR"},"content":{"rendered":"<dl class=\"data-sheet\">\n<dt class=\"name\">Fegyverekhez KMR<\/dt>\n<dd class=\"value\">KMR L-02 ORCA 2023-IG<br \/>\nKMR L-02 SPECTRA 2023-IG<br \/>\nKMR W-02 CUDA 2023-IG<br \/>\nKMR W-02 UMBRA<br \/>\nKMR W-02 UMBRA (OR)<\/dd>\n<\/dl>\n","protected":false},"excerpt":{"rendered":"<p>0671-03005-0000<\/p>\n<p>(Note: This appears to be a product code or part number, which typically remains unchanged across languages.)<\/p>\n","protected":false},"featured_media":73429,"template":"","meta":{"_acf_changed":false},"product_brand":[],"product_cat":[12919],"product_tag":[],"class_list":{"0":"post-74750","1":"product","2":"type-product","3":"status-publish","4":"has-post-thumbnail","6":"product_cat-kmr-alkatreszek","8":"first","9":"instock","10":"taxable","11":"shipping-taxable","12":"purchasable","13":"product-type-simple"},"acf":[],"_links":{"self":[{"href":"https:\/\/staging.nbg.eu\/hu\/wp-json\/wp\/v2\/product\/74750","targetHints":{"allow":["GET"]}}],"collection":[{"href":"https:\/\/staging.nbg.eu\/hu\/wp-json\/wp\/v2\/product"}],"about":[{"href":"https:\/\/staging.nbg.eu\/hu\/wp-json\/wp\/v2\/types\/product"}],"wp:featuredmedia":[{"embeddable":true,"href":"https:\/\/staging.nbg.eu\/hu\/wp-json\/wp\/v2\/media\/73429"}],"wp:attachment":[{"href":"https:\/\/staging.nbg.eu\/hu\/wp-json\/wp\/v2\/media?parent=74750"}],"wp:term":[{"taxonomy":"product_brand","embeddable":true,"href":"https:\/\/staging.nbg.eu\/hu\/wp-json\/wp\/v2\/product_brand?post=74750"},{"taxonomy":"product_cat","embeddable":true,"href":"https:\/\/staging.nbg.eu\/hu\/wp-json\/wp\/v2\/product_cat?post=74750"},{"taxonomy":"product_tag","embeddable":true,"href":"https:\/\/staging.nbg.eu\/hu\/wp-json\/wp\/v2\/product_tag?post=74750"}],"curies":[{"name":"wp","href":"https:\/\/api.w.org\/{rel}","templated":true}]}}