{"id":74367,"date":"2024-10-19T08:43:18","date_gmt":"2024-10-19T08:43:18","guid":{"rendered":"https:\/\/staging.nbg.eu\/product\/sg-timer-go\/"},"modified":"2025-10-01T15:32:18","modified_gmt":"2025-10-01T12:32:18","slug":"sg-timer-go","status":"publish","type":"product","link":"https:\/\/staging.nbg.eu\/hu\/termek\/sg-timer-go\/","title":{"rendered":"SG Timer Go"},"content":{"rendered":"<h2>SG Timer Go: Id\u0151m\u00e9r\u0151<\/h2>\n<p>Az SG Timer Go fejlett technol\u00f3gi\u00e1t k\u00edn\u00e1l egy kompakt, felhaszn\u00e1l\u00f3bar\u00e1t eszk\u00f6zben. Az el\u0151dj\u00e9vel megegyez\u0151 okos \u00e9rz\u00e9kel\u0151vel \u00e9s felismer\u0151 algoritmusokkal rendelkezik.<\/p>\n<h2>F\u0151bb jellemz\u0151k:<\/h2>\n<ul>\n<li>Bluetooth kapcsolat<\/li>\n<li>Drills alkalmaz\u00e1s kompatibilit\u00e1s tov\u00e1bbi funkci\u00f3khoz<\/li>\n<li>Sz\u00e1razl\u00f6v\u00e9s \u00e9szlel\u00e9s teljes\u00edtm\u00e9ny visszajelz\u00e9ssel<\/li>\n<li>Visszhangsz\u0171r\u00e9s a pontos l\u00f6v\u00e9s\u00e9rz\u00e9kel\u00e9shez<\/li>\n<li>Be\u00e9p\u00edtett mem\u00f3ria 1 000 000 l\u00f6v\u00e9shez<\/li>\n<li>Testreszabhat\u00f3 PAR id\u0151k<\/li>\n<li>\u00c1ll\u00edthat\u00f3 \u00e9rz\u00e9kenys\u00e9g minden kaliberhez<\/li>\n<li>V\u00e1ltoztathat\u00f3 hanger\u0151 szab\u00e1lyoz\u00e1s (5-100)<\/li>\n<li>&#8222;K\u00e9m m\u00f3d&#8221; m\u00e1s id\u0151m\u00e9r\u0151kkel val\u00f3 szinkroniz\u00e1l\u00e1shoz<\/li>\n<\/ul>\n<h2>Felhaszn\u00e1l\u00f3bar\u00e1t kialak\u00edt\u00e1s:<\/h2>\n<ul>\n<li>Fel\u00fcl elhelyezett kijelz\u0151 a k\u00f6nny\u0171 leolvas\u00e1shoz<\/li>\n<li>Egyszer\u0171s\u00edtett 2 gombos kezel\u0151fel\u00fclet<\/li>\n<li>Gyorskiold\u00f3 \u00f6vcsipesz a biztos r\u00f6gz\u00edt\u00e9shez<\/li>\n<li>Zsebcsipesz a v\u00e1ltozatos hordoz\u00e1si lehet\u0151s\u00e9gekhez<\/li>\n<\/ul>\n<h2>Hosszan tart\u00f3 teljes\u00edtm\u00e9ny:<\/h2>\n<p>Egy t\u00f6lt\u00e9ssel ak\u00e1r 80 \u00f3ra folyamatos haszn\u00e1lat \u00e9s USB-C port a k\u00e9nyelmes t\u00f6lt\u00e9shez.<\/p>\n<p>Az SG Timer Go \u00f6tv\u00f6zi az egyszer\u0171s\u00e9get \u00e9s a fejlett funkci\u00f3kat.<\/p>\n","protected":false},"excerpt":{"rendered":"<p>Kompakt okos l\u00f6v\u00e9szid\u0151m\u00e9r\u0151 Bluetooth-szal, fejlett funkci\u00f3kkal \u00e9s hossz\u00fa akkumul\u00e1tor-\u00e9lettartammal.<\/p>\n","protected":false},"featured_media":73220,"template":"","meta":{"_acf_changed":false},"product_brand":[11793],"product_cat":[12934,12947],"product_tag":[],"class_list":{"0":"post-74367","1":"product","2":"type-product","3":"status-publish","4":"has-post-thumbnail","6":"product_brand-shooters-global","7":"product_cat-felszereles","8":"product_cat-loeves-idomerok","10":"first","11":"outofstock","12":"taxable","13":"shipping-taxable","14":"purchasable","15":"product-type-simple"},"acf":[],"_links":{"self":[{"href":"https:\/\/staging.nbg.eu\/hu\/wp-json\/wp\/v2\/product\/74367","targetHints":{"allow":["GET"]}}],"collection":[{"href":"https:\/\/staging.nbg.eu\/hu\/wp-json\/wp\/v2\/product"}],"about":[{"href":"https:\/\/staging.nbg.eu\/hu\/wp-json\/wp\/v2\/types\/product"}],"wp:featuredmedia":[{"embeddable":true,"href":"https:\/\/staging.nbg.eu\/hu\/wp-json\/wp\/v2\/media\/73220"}],"wp:attachment":[{"href":"https:\/\/staging.nbg.eu\/hu\/wp-json\/wp\/v2\/media?parent=74367"}],"wp:term":[{"taxonomy":"product_brand","embeddable":true,"href":"https:\/\/staging.nbg.eu\/hu\/wp-json\/wp\/v2\/product_brand?post=74367"},{"taxonomy":"product_cat","embeddable":true,"href":"https:\/\/staging.nbg.eu\/hu\/wp-json\/wp\/v2\/product_cat?post=74367"},{"taxonomy":"product_tag","embeddable":true,"href":"https:\/\/staging.nbg.eu\/hu\/wp-json\/wp\/v2\/product_tag?post=74367"}],"curies":[{"name":"wp","href":"https:\/\/api.w.org\/{rel}","templated":true}]}}