{"id":74323,"date":"2024-10-18T19:45:03","date_gmt":"2024-10-30T09:24:05","guid":{"rendered":"https:\/\/staging.nbg.eu\/product\/sordin-supreme-pro-x-led-gel\/"},"modified":"2024-10-30T09:25:40","modified_gmt":"2024-10-30T09:25:40","slug":"sordin-supreme-pro-x-led-gel","status":"publish","type":"product","link":"https:\/\/staging.nbg.eu\/hu\/termek\/sordin-supreme-pro-x-led-gel\/","title":{"rendered":"Sordin Supreme Pro-X LED GEL"},"content":{"rendered":"<h2>Sordin Supreme Pro-X LED<\/h2>\n<p>A Sordin Supreme Pro-X LED egy elektronikus hall\u00e1sv\u00e9d\u0151 vad\u00e1szok \u00e9s sportl\u00f6v\u0151k sz\u00e1m\u00e1ra. A fejlett SordinHEAR2 hangrendszerrel \u00e9s n\u00e9gy hangprofillal rendelkezik.<\/p>\n<h2>F\u0151 jellemz\u0151k:<\/h2>\n<ul>\n<li>Be\u00e9p\u00edtett LED l\u00e1mpa a jobb l\u00e1that\u00f3s\u00e1g\u00e9rt s\u00f6t\u00e9tben<\/li>\n<li>G\u00c9L szigetel\u0151 gy\u0171r\u0171k a k\u00e9nyelem\u00e9rt<\/li>\n<li>IP67 v\u00edz\u00e1ll\u00f3 min\u0151s\u00edt\u00e9s<\/li>\n<li>Kompakt kialak\u00edt\u00e1s a k\u00f6nny\u0171 viselhet\u0151s\u00e9g\u00e9rt \u00e9s l\u00f6v\u00e9s\u00e9rt<\/li>\n<li>Szintt\u0151l f\u00fcgg\u0151 funkci\u00f3 a k\u00f6rnyezeti hangok \u00e9rz\u00e9kel\u00e9s\u00e9\u00e9rt<\/li>\n<li>400 \u00f3r\u00e1s akkumul\u00e1tor-\u00e9lettartam k\u00e9t AAA elemmel<\/li>\n<li>AUX bemenet k\u00fcls\u0151 hangforr\u00e1sokhoz<\/li>\n<\/ul>\n<p>Term\u00e9szetes hangreprodukci\u00f3 min\u0151s\u00e9gi hangsz\u00f3r\u00f3kkal, mik\u00f6zben v\u00e9delmet ny\u00fajt a k\u00e1ros zajokt\u00f3l. A Supreme Pro-X LED feler\u0151s\u00edti a gyenge hangokat \u00e9s korl\u00e1tozza a kimenetet 82 dB-re.<\/p>\n<p>Terepmint\u00e1s textil fejp\u00e1nttal, k\u00f6nny\u0171 kialak\u00edt\u00e1ssal (376g), \u00e9s hat\u00e9kony csillap\u00edt\u00e1ssal szem\u00fcveg visel\u00e9se eset\u00e9n is.<\/p>\n<p>NRR: 21 | SNR: 27 | H: 29 | M: 24 | L: 19<\/p>\n","protected":false},"excerpt":{"rendered":"<p>Elektronikus hall\u00e1sv\u00e9delem LED-l\u00e1mp\u00e1val, 4 hangprofillal \u00e9s g\u00e9les szigetel\u0151gy\u0171r\u0171kkel.<\/p>\n","protected":false},"featured_media":72218,"template":"","meta":{"_acf_changed":false},"product_brand":[11838],"product_cat":[12934,12929],"product_tag":[],"class_list":{"0":"post-74323","1":"product","2":"type-product","3":"status-publish","4":"has-post-thumbnail","6":"product_brand-sordin","7":"product_cat-felszereles","8":"product_cat-hallasvedelem","10":"first","11":"instock","12":"taxable","13":"shipping-taxable","14":"purchasable","15":"product-type-simple"},"acf":[],"_links":{"self":[{"href":"https:\/\/staging.nbg.eu\/hu\/wp-json\/wp\/v2\/product\/74323","targetHints":{"allow":["GET"]}}],"collection":[{"href":"https:\/\/staging.nbg.eu\/hu\/wp-json\/wp\/v2\/product"}],"about":[{"href":"https:\/\/staging.nbg.eu\/hu\/wp-json\/wp\/v2\/types\/product"}],"wp:featuredmedia":[{"embeddable":true,"href":"https:\/\/staging.nbg.eu\/hu\/wp-json\/wp\/v2\/media\/72218"}],"wp:attachment":[{"href":"https:\/\/staging.nbg.eu\/hu\/wp-json\/wp\/v2\/media?parent=74323"}],"wp:term":[{"taxonomy":"product_brand","embeddable":true,"href":"https:\/\/staging.nbg.eu\/hu\/wp-json\/wp\/v2\/product_brand?post=74323"},{"taxonomy":"product_cat","embeddable":true,"href":"https:\/\/staging.nbg.eu\/hu\/wp-json\/wp\/v2\/product_cat?post=74323"},{"taxonomy":"product_tag","embeddable":true,"href":"https:\/\/staging.nbg.eu\/hu\/wp-json\/wp\/v2\/product_tag?post=74323"}],"curies":[{"name":"wp","href":"https:\/\/api.w.org\/{rel}","templated":true}]}}