{"id":74301,"date":"2024-10-18T19:29:44","date_gmt":"2024-10-30T09:18:10","guid":{"rendered":"https:\/\/staging.nbg.eu\/product\/nitehog-viper-50-next-thermal-clip-on\/"},"modified":"2024-10-30T09:20:14","modified_gmt":"2024-10-30T09:20:14","slug":"nitehog-viper-50-next-hokameras-ratet","status":"publish","type":"product","link":"https:\/\/staging.nbg.eu\/hu\/termek\/nitehog-viper-50-next-hokameras-ratet\/","title":{"rendered":"NiteHog Viper 50 Next h\u0151kamer\u00e1s r\u00e1t\u00e9t"},"content":{"rendered":"<h2>NiteHog Viper 50 Next h\u0151kamera el\u0151t\u00e9t<\/h2>\n<p>A Viper 50 Next egy kompakt \u00e9s k\u00f6nny\u0171 el\u0151t\u00e9t eszk\u00f6z, amely jav\u00edtja az optik\u00e1t.<\/p>\n<h2>F\u0151bb jellemz\u0151k:<\/h2>\n<ul>\n<li>50 mm-es f\u00f3kuszt\u00e1vols\u00e1g a jobb \u00e9szlel\u00e9si \u00e9s felismer\u00e9si tartom\u00e1ny\u00e9rt<\/li>\n<li>60 Hz-es val\u00f3s idej\u0171 k\u00e9palkot\u00e1s<\/li>\n<li>Ultrakompakt kialak\u00edt\u00e1s, mind\u00f6ssze 295 gramm s\u00fallyal<\/li>\n<li>Egyszer\u0171 felszerel\u00e9s b\u00e1rmilyen nappali optik\u00e1ra<\/li>\n<li>2160 m\u00e9teres \u00e9szlel\u00e9si tartom\u00e1ny<\/li>\n<li>A-Core modul a jobb k\u00e9pmin\u0151s\u00e9g\u00e9rt<\/li>\n<li>1024&#215;768 pixeles felbont\u00e1s\u00fa kijelz\u0151<\/li>\n<li>IP66 v\u00edz\u00e1ll\u00f3s\u00e1gi tan\u00fas\u00edtv\u00e1ny<\/li>\n<li>5 \u00f3r\u00e1s akkumul\u00e1tor \u00fczemid\u0151 szabv\u00e1nyos 18650 akkumul\u00e1torral<\/li>\n<li>T\u00f6bbf\u00e9le k\u00e9pm\u00f3d: Feh\u00e9r meleg, Fekete meleg, V\u00f6r\u00f6s meleg, Automatikus izoterma, Izoterma, Sziv\u00e1rv\u00e1ny \u00e9s Vassz\u00edn<\/li>\n<\/ul>\n<p>A Viper 50 Next prec\u00edz tervez\u00e9st \u00e9s modern technol\u00f3gi\u00e1t \u00f6tv\u00f6z, pontoss\u00e1got biztos\u00edtva neh\u00e9z k\u00f6r\u00fclm\u00e9nyek k\u00f6z\u00f6tt is. Germ\u00e1nium objekt\u00edvlencs\u00e9je \u00e9s 12 mikronos pixelm\u00e9ret\u0171 \u00e9rz\u00e9kel\u0151je kiv\u00e1l\u00f3 k\u00e9pmin\u0151s\u00e9get ny\u00fajt, m\u00edg felhaszn\u00e1l\u00f3bar\u00e1t kezel\u0151fel\u00fclete megk\u00f6nny\u00edti a haszn\u00e1latot.<\/p>\n<p>A NiteHog Viper 50 Next h\u0151kamera el\u0151t\u00e9t megfelel\u0151 v\u00e1laszt\u00e1s szakemberek \u00e9s lelkes amat\u0151r\u00f6k sz\u00e1m\u00e1ra egyar\u00e1nt.<\/p>\n","protected":false},"excerpt":{"rendered":"<p>Kompakt h\u0151kamer\u00e1s el\u0151t\u00e9t 50 mm-es lencs\u00e9vel, nagy hat\u00f3t\u00e1vols\u00e1g\u00fa \u00e9szlel\u00e9shez.<\/p>\n","protected":false},"featured_media":72033,"template":"","meta":{"_acf_changed":false},"product_brand":[11589],"product_cat":[12943,12898],"product_tag":[],"class_list":{"0":"post-74301","1":"product","2":"type-product","3":"status-publish","4":"has-post-thumbnail","6":"product_brand-nitehog","7":"product_cat-celzas","8":"product_cat-hokepes","10":"first","11":"instock","12":"taxable","13":"shipping-taxable","14":"purchasable","15":"product-type-simple"},"acf":[],"_links":{"self":[{"href":"https:\/\/staging.nbg.eu\/hu\/wp-json\/wp\/v2\/product\/74301","targetHints":{"allow":["GET"]}}],"collection":[{"href":"https:\/\/staging.nbg.eu\/hu\/wp-json\/wp\/v2\/product"}],"about":[{"href":"https:\/\/staging.nbg.eu\/hu\/wp-json\/wp\/v2\/types\/product"}],"wp:featuredmedia":[{"embeddable":true,"href":"https:\/\/staging.nbg.eu\/hu\/wp-json\/wp\/v2\/media\/72033"}],"wp:attachment":[{"href":"https:\/\/staging.nbg.eu\/hu\/wp-json\/wp\/v2\/media?parent=74301"}],"wp:term":[{"taxonomy":"product_brand","embeddable":true,"href":"https:\/\/staging.nbg.eu\/hu\/wp-json\/wp\/v2\/product_brand?post=74301"},{"taxonomy":"product_cat","embeddable":true,"href":"https:\/\/staging.nbg.eu\/hu\/wp-json\/wp\/v2\/product_cat?post=74301"},{"taxonomy":"product_tag","embeddable":true,"href":"https:\/\/staging.nbg.eu\/hu\/wp-json\/wp\/v2\/product_tag?post=74301"}],"curies":[{"name":"wp","href":"https:\/\/api.w.org\/{rel}","templated":true}]}}