{"id":74278,"date":"2024-10-20T10:20:59","date_gmt":"2024-10-30T09:03:17","guid":{"rendered":"https:\/\/staging.nbg.eu\/product\/fully-adjustable-rear-sight-kmr\/"},"modified":"2024-10-30T09:05:02","modified_gmt":"2024-10-30T09:05:02","slug":"teljesen-allithato-hatso-iranyzek-kmr","status":"publish","type":"product","link":"https:\/\/staging.nbg.eu\/hu\/termek\/teljesen-allithato-hatso-iranyzek-kmr\/","title":{"rendered":"Teljesen \u00e1ll\u00edthat\u00f3 h\u00e1ts\u00f3 ir\u00e1nyz\u00e9k KMR"},"content":{"rendered":"<div class=\"product-description\">\n<h2>Teljesen \u00e1ll\u00edthat\u00f3 h\u00e1ts\u00f3 ir\u00e1nyz\u00e9k KMR-hez<\/h2>\n<p>\u00c1ll\u00edthat\u00f3 h\u00e1ts\u00f3 ir\u00e1nyz\u00e9k KMR \u00e9s CZ modellekhez. Az ir\u00e1nyz\u00e9k jellemz\u0151i:<\/p>\n<ul>\n<li>Kompatibilis CZ SP01 Shadow 1 \u00e9s CZ Shadow 2 modellekkel<\/li>\n<li>7,5-8,0 mm-es els\u0151 ir\u00e1nyz\u00e9k magass\u00e1gokkal m\u0171k\u00f6dik<\/li>\n<li>Pontos be\u00e1ll\u00edt\u00e1sok<\/li>\n<li>Tart\u00f3s szerkezet<\/li>\n<\/ul>\n<p>Fejlessze fegyvere c\u00e9lz\u00f3rendszer\u00e9t. Megjegyz\u00e9s: Ez az ir\u00e1nyz\u00e9k nem kompatibilis CZ 75 TS modellekkel.<\/p>\n<p>\u00c1ll\u00edthat\u00f3 h\u00e1ts\u00f3 ir\u00e1nyz\u00e9k KMR vagy CZ pisztolyokhoz.<\/p>\n<\/div>\n","protected":false},"excerpt":{"rendered":"<p>Prec\u00edzi\u00f3s h\u00e1ts\u00f3 ir\u00e1nyz\u00e9k KMR \u00e9s CZ fegyverekhez.<\/p>\n","protected":false},"featured_media":73522,"template":"","meta":{"_acf_changed":false},"product_brand":[],"product_cat":[12919],"product_tag":[],"class_list":{"0":"post-74278","1":"product","2":"type-product","3":"status-publish","4":"has-post-thumbnail","6":"product_cat-kmr-alkatreszek","8":"first","9":"instock","10":"taxable","11":"shipping-taxable","12":"purchasable","13":"product-type-simple"},"acf":[],"_links":{"self":[{"href":"https:\/\/staging.nbg.eu\/hu\/wp-json\/wp\/v2\/product\/74278","targetHints":{"allow":["GET"]}}],"collection":[{"href":"https:\/\/staging.nbg.eu\/hu\/wp-json\/wp\/v2\/product"}],"about":[{"href":"https:\/\/staging.nbg.eu\/hu\/wp-json\/wp\/v2\/types\/product"}],"wp:featuredmedia":[{"embeddable":true,"href":"https:\/\/staging.nbg.eu\/hu\/wp-json\/wp\/v2\/media\/73522"}],"wp:attachment":[{"href":"https:\/\/staging.nbg.eu\/hu\/wp-json\/wp\/v2\/media?parent=74278"}],"wp:term":[{"taxonomy":"product_brand","embeddable":true,"href":"https:\/\/staging.nbg.eu\/hu\/wp-json\/wp\/v2\/product_brand?post=74278"},{"taxonomy":"product_cat","embeddable":true,"href":"https:\/\/staging.nbg.eu\/hu\/wp-json\/wp\/v2\/product_cat?post=74278"},{"taxonomy":"product_tag","embeddable":true,"href":"https:\/\/staging.nbg.eu\/hu\/wp-json\/wp\/v2\/product_tag?post=74278"}],"curies":[{"name":"wp","href":"https:\/\/api.w.org\/{rel}","templated":true}]}}