{"id":74256,"date":"2024-10-18T20:29:49","date_gmt":"2024-10-18T20:29:49","guid":{"rendered":"https:\/\/staging.nbg.eu\/product\/sg-pulse-electronic-level-picatinny-m-lok\/"},"modified":"2024-10-30T09:03:13","modified_gmt":"2024-10-30T09:03:13","slug":"sg-pulse-elektronikus-szintezo-picatinny-m-lok","status":"publish","type":"product","link":"https:\/\/staging.nbg.eu\/hu\/termek\/sg-pulse-elektronikus-szintezo-picatinny-m-lok\/","title":{"rendered":"SG PULSE elektronikus szintez\u0151 PICATINNY + M-LOK"},"content":{"rendered":"<h2>SG PULSE ELEKTRONIKUS SZINTEZ\u0150 PICATINNY + M-LOK<\/h2>\n<p>Az SG PULSE ELEKTRONIKUS SZINTEZ\u0150 seg\u00edt a l\u00f6v\u00e9s pontoss\u00e1g\u00e1nak jav\u00edt\u00e1s\u00e1ban. Ez az eszk\u00f6z biztos\u00edtja a t\u00f6k\u00e9letes f\u00fcgg\u0151leges be\u00e1ll\u00edt\u00e1st, kik\u00fcsz\u00f6b\u00f6lve a v\u00edzszintes elt\u00e9r\u00e9st a pontos l\u00f6v\u00e9sek\u00e9rt. F\u00e9nyes LED-ekkel rendelkezik a perif\u00e9rikus l\u00e1t\u00e1s visszajelz\u00e9s\u00e9hez \u00e9s egy\u00e9ni kalibr\u00e1l\u00e1si lehet\u0151s\u00e9gekkel.<\/p>\n<ul>\n<li>Digit\u00e1lis szintez\u0151 a t\u00f6k\u00e9letes f\u00fcgg\u0151leges be\u00e1ll\u00edt\u00e1shoz<\/li>\n<li>Stabilit\u00e1si m\u00f3d MOA kijelz\u00e9ssel az optim\u00e1lis els\u00fct\u00e9si id\u0151z\u00edt\u00e9shez<\/li>\n<li>Koszinusz jelz\u00e9s emelked\u0151 \u00e9s lejt\u0151 l\u00f6v\u00e9sekhez<\/li>\n<li>Egy\u00e9rint\u00e9ses t\u00e1vcs\u0151 szintez\u00e9s<\/li>\n<li>\u00c1tmeneti id\u0151 figyel\u00e9se teljes\u00edtm\u00e9nyelemz\u00e9shez<\/li>\n<li>Kompakt \u00e9s tart\u00f3s kialak\u00edt\u00e1s<\/li>\n<li>T\u00f6bbf\u00e9le r\u00f6gz\u00edt\u00e9si lehet\u0151s\u00e9g (Picatinny \u00e9s M-LOK)<\/li>\n<\/ul>\n<p>Kompatibilis a Drills alkalmaz\u00e1ssal a r\u00e9szletes stabilit\u00e1s \u00e9s cs\u0151torkolat-\u00fat elemz\u00e9shez. Az SG PULSE ELEKTRONIKUS SZINTEZ\u0150 jav\u00edtja a fegyver be\u00e1ll\u00edt\u00e1s\u00e1t \u00e9s pontoss\u00e1g\u00e1t.<\/p>\n","protected":false},"excerpt":{"rendered":"<p>SG PULSE: Prec\u00edzi\u00f3s elektronikus szintez\u0151 a t\u00f6k\u00e9letes fegyver be\u00e1ll\u00edt\u00e1shoz.<\/p>\n","protected":false},"featured_media":72661,"template":"","meta":{"_acf_changed":false},"product_brand":[],"product_cat":[12934],"product_tag":[],"class_list":{"0":"post-74256","1":"product","2":"type-product","3":"status-publish","4":"has-post-thumbnail","6":"product_cat-felszereles","8":"first","9":"instock","10":"taxable","11":"shipping-taxable","12":"purchasable","13":"product-type-simple"},"acf":[],"_links":{"self":[{"href":"https:\/\/staging.nbg.eu\/hu\/wp-json\/wp\/v2\/product\/74256","targetHints":{"allow":["GET"]}}],"collection":[{"href":"https:\/\/staging.nbg.eu\/hu\/wp-json\/wp\/v2\/product"}],"about":[{"href":"https:\/\/staging.nbg.eu\/hu\/wp-json\/wp\/v2\/types\/product"}],"wp:featuredmedia":[{"embeddable":true,"href":"https:\/\/staging.nbg.eu\/hu\/wp-json\/wp\/v2\/media\/72661"}],"wp:attachment":[{"href":"https:\/\/staging.nbg.eu\/hu\/wp-json\/wp\/v2\/media?parent=74256"}],"wp:term":[{"taxonomy":"product_brand","embeddable":true,"href":"https:\/\/staging.nbg.eu\/hu\/wp-json\/wp\/v2\/product_brand?post=74256"},{"taxonomy":"product_cat","embeddable":true,"href":"https:\/\/staging.nbg.eu\/hu\/wp-json\/wp\/v2\/product_cat?post=74256"},{"taxonomy":"product_tag","embeddable":true,"href":"https:\/\/staging.nbg.eu\/hu\/wp-json\/wp\/v2\/product_tag?post=74256"}],"curies":[{"name":"wp","href":"https:\/\/api.w.org\/{rel}","templated":true}]}}