{"id":74234,"date":"2024-10-18T20:39:12","date_gmt":"2024-10-18T20:39:12","guid":{"rendered":"https:\/\/staging.nbg.eu\/product\/kmr-gun-oil-20ml\/"},"modified":"2024-10-30T08:59:51","modified_gmt":"2024-10-30T08:59:51","slug":"kmr-fegyverolaj-20ml","status":"publish","type":"product","link":"https:\/\/staging.nbg.eu\/hu\/termek\/kmr-fegyverolaj-20ml\/","title":{"rendered":"KMR FEGYVEROLAJ 20ML"},"content":{"rendered":"<div class=\"product-description\">\n<h2>KMR FEGYVEROLAJ 20ML<\/h2>\n<p>A KMR FEGYVEROLAJ 20ML egy fegyverkarbantart\u00e1sra \u00e9s -v\u00e9delemre szolg\u00e1l\u00f3 term\u00e9k. Ez a szintetikus olaj cs\u00f6kkenti a s\u00farl\u00f3d\u00e1st \u00e9s a kop\u00e1st, biztos\u00edtva a fegyverek sima \u00e9s hat\u00e9kony m\u0171k\u00f6d\u00e9s\u00e9t.<\/p>\n<ul>\n<li>Szintetikus formula<\/li>\n<li>Cs\u00f6kkenti a s\u00farl\u00f3d\u00e1st \u00e9s a kop\u00e1st<\/li>\n<li>N\u00f6veli a fegyver \u00e9lettartam\u00e1t<\/li>\n<li>Jav\u00edtja az \u00e1ltal\u00e1nos teljes\u00edtm\u00e9nyt<\/li>\n<li>Minden t\u00edpus\u00fa fegyverhez alkalmas<\/li>\n<\/ul>\n<p>A KMR FEGYVEROLAJ 20 ml-es kiszerel\u00e9sben kaphat\u00f3, ami megk\u00f6nny\u00edti a haszn\u00e1lat\u00e1t \u00e9s hordozhat\u00f3s\u00e1g\u00e1t. A l\u0151t\u00e9ren vagy terepen ez a kompakt flakon biztos\u00edtja, hogy mindig megfelel\u0151 mennyis\u00e9g\u0171 olaj \u00e1lljon rendelkez\u00e9sre a gyors karbantart\u00e1shoz.<\/p>\n<p>V\u00e9dje befektet\u00e9s\u00e9t \u00e9s tartsa fegyvereit j\u00f3 \u00e1llapotban a KMR FEGYVEROLAJ 20ML seg\u00edts\u00e9g\u00e9vel.<\/p>\n<\/div>\n","protected":false},"excerpt":{"rendered":"<p>Speci\u00e1lis KMR szintetikus fegyverolaj a s\u00farl\u00f3d\u00e1s \u00e9s kop\u00e1s cs\u00f6kkent\u00e9s\u00e9re.<\/p>\n","protected":false},"featured_media":72872,"template":"","meta":{"_acf_changed":false},"product_brand":[11502],"product_cat":[12948,12936],"product_tag":[],"class_list":{"0":"post-74234","1":"product","2":"type-product","3":"status-publish","4":"has-post-thumbnail","6":"product_brand-kmr-precision","7":"product_cat-fegyvertisztitas","8":"product_cat-kenoanyagok","10":"first","11":"instock","12":"taxable","13":"shipping-taxable","14":"purchasable","15":"product-type-simple"},"acf":[],"_links":{"self":[{"href":"https:\/\/staging.nbg.eu\/hu\/wp-json\/wp\/v2\/product\/74234","targetHints":{"allow":["GET"]}}],"collection":[{"href":"https:\/\/staging.nbg.eu\/hu\/wp-json\/wp\/v2\/product"}],"about":[{"href":"https:\/\/staging.nbg.eu\/hu\/wp-json\/wp\/v2\/types\/product"}],"wp:featuredmedia":[{"embeddable":true,"href":"https:\/\/staging.nbg.eu\/hu\/wp-json\/wp\/v2\/media\/72872"}],"wp:attachment":[{"href":"https:\/\/staging.nbg.eu\/hu\/wp-json\/wp\/v2\/media?parent=74234"}],"wp:term":[{"taxonomy":"product_brand","embeddable":true,"href":"https:\/\/staging.nbg.eu\/hu\/wp-json\/wp\/v2\/product_brand?post=74234"},{"taxonomy":"product_cat","embeddable":true,"href":"https:\/\/staging.nbg.eu\/hu\/wp-json\/wp\/v2\/product_cat?post=74234"},{"taxonomy":"product_tag","embeddable":true,"href":"https:\/\/staging.nbg.eu\/hu\/wp-json\/wp\/v2\/product_tag?post=74234"}],"curies":[{"name":"wp","href":"https:\/\/api.w.org\/{rel}","templated":true}]}}