{"id":74212,"date":"2024-10-18T20:28:40","date_gmt":"2024-10-30T08:48:04","guid":{"rendered":"https:\/\/staging.nbg.eu\/product\/extractor-l-02-40sw-kmr\/"},"modified":"2024-10-30T08:49:43","modified_gmt":"2024-10-30T08:49:43","slug":"kidobo-l-02-40sw-kmr","status":"publish","type":"product","link":"https:\/\/staging.nbg.eu\/hu\/termek\/kidobo-l-02-40sw-kmr\/","title":{"rendered":"Kidob\u00f3 L-02 .40SW &#8211; KMR"},"content":{"rendered":"<div class=\"product-description\">\n<h2>L-02 .40SW &#8211; KMR Kivet\u0151kar<\/h2>\n<p>Ez a kivet\u0151kar a KMR L-02 pisztolyhoz k\u00e9sz\u00fclt, .40 S&amp;W kaliberhez. Megb\u00edzhat\u00f3 kivet\u00e9st \u00e9s m\u0171k\u00f6d\u00e9st biztos\u00edt. Tart\u00f3s anyagokb\u00f3l k\u00e9sz\u00fclt, hogy ellen\u00e1lljon a gyakori haszn\u00e1latnak. Ez az alkatr\u00e9sz jav\u00edthatja a fegyver pontoss\u00e1g\u00e1t \u00e9s megb\u00edzhat\u00f3s\u00e1g\u00e1t.<\/p>\n<\/div>\n","protected":false},"excerpt":{"rendered":"<p>Prec\u00edzi\u00f3s 40 S&amp;W extractor KMR L-02 pisztolyhoz.<\/p>\n","protected":false},"featured_media":72591,"template":"","meta":{"_acf_changed":false},"product_brand":[],"product_cat":[12919],"product_tag":[],"class_list":{"0":"post-74212","1":"product","2":"type-product","3":"status-publish","4":"has-post-thumbnail","6":"product_cat-kmr-alkatreszek","8":"first","9":"instock","10":"taxable","11":"shipping-taxable","12":"purchasable","13":"product-type-simple"},"acf":[],"_links":{"self":[{"href":"https:\/\/staging.nbg.eu\/hu\/wp-json\/wp\/v2\/product\/74212","targetHints":{"allow":["GET"]}}],"collection":[{"href":"https:\/\/staging.nbg.eu\/hu\/wp-json\/wp\/v2\/product"}],"about":[{"href":"https:\/\/staging.nbg.eu\/hu\/wp-json\/wp\/v2\/types\/product"}],"wp:featuredmedia":[{"embeddable":true,"href":"https:\/\/staging.nbg.eu\/hu\/wp-json\/wp\/v2\/media\/72591"}],"wp:attachment":[{"href":"https:\/\/staging.nbg.eu\/hu\/wp-json\/wp\/v2\/media?parent=74212"}],"wp:term":[{"taxonomy":"product_brand","embeddable":true,"href":"https:\/\/staging.nbg.eu\/hu\/wp-json\/wp\/v2\/product_brand?post=74212"},{"taxonomy":"product_cat","embeddable":true,"href":"https:\/\/staging.nbg.eu\/hu\/wp-json\/wp\/v2\/product_cat?post=74212"},{"taxonomy":"product_tag","embeddable":true,"href":"https:\/\/staging.nbg.eu\/hu\/wp-json\/wp\/v2\/product_tag?post=74212"}],"curies":[{"name":"wp","href":"https:\/\/api.w.org\/{rel}","templated":true}]}}