{"id":74190,"date":"2024-10-20T09:56:58","date_gmt":"2024-10-30T08:45:09","guid":{"rendered":"https:\/\/staging.nbg.eu\/product\/holosun-hs-mount-aems-low\/"},"modified":"2024-10-30T08:46:51","modified_gmt":"2024-10-30T08:46:51","slug":"holosun-hs-mount-aems-low","status":"publish","type":"product","link":"https:\/\/staging.nbg.eu\/hu\/termek\/holosun-hs-mount-aems-low\/","title":{"rendered":"Holosun HS-MOUNT-AEMS-LOW"},"content":{"rendered":"<h2>Holosun HS-MOUNT-AEMS-LOW<\/h2>\n<p>A Holosun HS-MOUNT-AEMS-LOW egy alacsony profil\u00fa szerel\u00e9k, amely kifejezetten az AEMS v\u00f6r\u00f6s pont ir\u00e1nyz\u00e9khoz k\u00e9sz\u00fclt. Ez az alum\u00ednium szerel\u00e9k tart\u00f3s \u00e9s k\u00f6nnyen haszn\u00e1lhat\u00f3, alkalmas hagyom\u00e1nyos tus\u00e1val rendelkez\u0151 l\u0151fegyverekhez.<\/p>\n<h2>F\u0151 jellemz\u0151k:<\/h2>\n<ul>\n<li>Kompatibilis Picatinny\/Weaver s\u00ednekkel<\/li>\n<li>Alacsony profil\u00fa kialak\u00edt\u00e1s az optim\u00e1lis ir\u00e1nyz\u00e9k be\u00e1ll\u00edt\u00e1shoz<\/li>\n<li>Gyors felszerel\u00e9s Torx csavarkulccsal<\/li>\n<li>K\u00f6nny\u0171, de tart\u00f3s alum\u00ednium szerkezet<\/li>\n<li>Ism\u00e9telhet\u0151 pontoss\u00e1g<\/li>\n<\/ul>\n<h2>M\u0171szaki adatok:<\/h2>\n<ul>\n<li>M\u00e9retek: 50x35x11 mm<\/li>\n<li>S\u00faly: 34g<\/li>\n<li>Sz\u00edn: Fekete<\/li>\n<li>\u00dczemi h\u0151m\u00e9rs\u00e9klet: -30\u00b0C-t\u00f3l 60\u00b0C-ig<\/li>\n<li>T\u00e1rol\u00e1si h\u0151m\u00e9rs\u00e9klet: -40\u00b0C-t\u00f3l 70\u00b0C-ig<\/li>\n<\/ul>\n<p>A Holosun HS-MOUNT-AEMS-LOW pontoss\u00e1gra \u00e9s megb\u00edzhat\u00f3s\u00e1gra tervezt\u00e9k, b\u00e1rmilyen k\u00f6r\u00fclm\u00e9nyek k\u00f6z\u00f6tt.<\/p>\n","protected":false},"excerpt":{"rendered":"<p>Rendk\u00edv\u00fcl tart\u00f3s alum\u00ednium r\u00f6gz\u00edt\u0151 Holosun AEMS v\u00f6r\u00f6s pont ir\u00e1nyz\u00e9kokhoz.<\/p>\n","protected":false},"featured_media":73336,"template":"","meta":{"_acf_changed":false},"product_brand":[11432],"product_cat":[12943,12944],"product_tag":[],"class_list":{"0":"post-74190","1":"product","2":"type-product","3":"status-publish","4":"has-post-thumbnail","6":"product_brand-holosun","7":"product_cat-celzas","8":"product_cat-piros-pontok","10":"first","11":"instock","12":"taxable","13":"shipping-taxable","14":"purchasable","15":"product-type-simple"},"acf":[],"_links":{"self":[{"href":"https:\/\/staging.nbg.eu\/hu\/wp-json\/wp\/v2\/product\/74190","targetHints":{"allow":["GET"]}}],"collection":[{"href":"https:\/\/staging.nbg.eu\/hu\/wp-json\/wp\/v2\/product"}],"about":[{"href":"https:\/\/staging.nbg.eu\/hu\/wp-json\/wp\/v2\/types\/product"}],"wp:featuredmedia":[{"embeddable":true,"href":"https:\/\/staging.nbg.eu\/hu\/wp-json\/wp\/v2\/media\/73336"}],"wp:attachment":[{"href":"https:\/\/staging.nbg.eu\/hu\/wp-json\/wp\/v2\/media?parent=74190"}],"wp:term":[{"taxonomy":"product_brand","embeddable":true,"href":"https:\/\/staging.nbg.eu\/hu\/wp-json\/wp\/v2\/product_brand?post=74190"},{"taxonomy":"product_cat","embeddable":true,"href":"https:\/\/staging.nbg.eu\/hu\/wp-json\/wp\/v2\/product_cat?post=74190"},{"taxonomy":"product_tag","embeddable":true,"href":"https:\/\/staging.nbg.eu\/hu\/wp-json\/wp\/v2\/product_tag?post=74190"}],"curies":[{"name":"wp","href":"https:\/\/api.w.org\/{rel}","templated":true}]}}