{"id":74168,"date":"2024-10-18T20:15:25","date_gmt":"2024-10-30T08:38:31","guid":{"rendered":"https:\/\/staging.nbg.eu\/product\/nitehog-sight-spot-hog-red-dot\/"},"modified":"2024-10-30T08:40:33","modified_gmt":"2024-10-30T08:40:33","slug":"nitehog-sight-spot-hog-red-dot","status":"publish","type":"product","link":"https:\/\/staging.nbg.eu\/hu\/termek\/nitehog-sight-spot-hog-red-dot\/","title":{"rendered":"NiteHog Sight Spot Hog Red Dot"},"content":{"rendered":"<div class=\"product-description\">\n<h2>NiteHog Sight Spot Hog v\u00f6r\u00f6s pont ir\u00e1nyz\u00e9k<\/h2>\n<p>A Spot Hog v\u00f6r\u00f6s pont ir\u00e1nyz\u00e9k egy 1x17x24-es optika parallaxismentes l\u00e1t\u00f3mez\u0151vel. 3MOA ponttal rendelkezik, 8 f\u00e9nyer\u0151szinttel \u00e9s 2 \u00e9jjell\u00e1t\u00f3 be\u00e1ll\u00edt\u00e1ssal.<\/p>\n<ul>\n<li>\u00dct\u00e9s\u00e1ll\u00f3 \u00e9s v\u00edz\u00e1ll\u00f3 (IPX6)<\/li>\n<li>Kompatibilis 9mm, 45ACP, 12GA \u00e9s Lapua Magnum 338 l\u0151szerekkel<\/li>\n<li>V\u00e9kony, alacsony profil\u00fa kialak\u00edt\u00e1s<\/li>\n<li>2 perc inaktivit\u00e1s ut\u00e1n automatikusan kikapcsol<\/li>\n<li>50 000 \u00f3ra akkumul\u00e1tor-\u00e9lettartam a legalacsonyabb be\u00e1ll\u00edt\u00e1son (CR2032 elem, nem tartoz\u00e9k)<\/li>\n<li>Weaver r\u00f6gz\u00edt\u00e9s a k\u00f6nny\u0171 felszerel\u00e9shez<\/li>\n<\/ul>\n<p>A Spot Hog kompakt \u00e9s megb\u00edzhat\u00f3 ir\u00e1nyz\u00e9k.<\/p>\n<\/div>\n","protected":false},"excerpt":{"rendered":"<p>Tart\u00f3s, parallaxismentes 1x17x24-es v\u00f6r\u00f6s pontos ir\u00e1nyz\u00e9k 8 intenzit\u00e1si szinttel.<\/p>\n","protected":false},"featured_media":72544,"template":"","meta":{"_acf_changed":false},"product_brand":[11589],"product_cat":[12943,12944,12977],"product_tag":[],"class_list":{"0":"post-74168","1":"product","2":"type-product","3":"status-publish","4":"has-post-thumbnail","6":"product_brand-nitehog","7":"product_cat-celzas","8":"product_cat-piros-pontok","9":"product_cat-puska-celpontok","11":"first","12":"instock","13":"taxable","14":"shipping-taxable","15":"purchasable","16":"product-type-simple"},"acf":[],"_links":{"self":[{"href":"https:\/\/staging.nbg.eu\/hu\/wp-json\/wp\/v2\/product\/74168","targetHints":{"allow":["GET"]}}],"collection":[{"href":"https:\/\/staging.nbg.eu\/hu\/wp-json\/wp\/v2\/product"}],"about":[{"href":"https:\/\/staging.nbg.eu\/hu\/wp-json\/wp\/v2\/types\/product"}],"wp:featuredmedia":[{"embeddable":true,"href":"https:\/\/staging.nbg.eu\/hu\/wp-json\/wp\/v2\/media\/72544"}],"wp:attachment":[{"href":"https:\/\/staging.nbg.eu\/hu\/wp-json\/wp\/v2\/media?parent=74168"}],"wp:term":[{"taxonomy":"product_brand","embeddable":true,"href":"https:\/\/staging.nbg.eu\/hu\/wp-json\/wp\/v2\/product_brand?post=74168"},{"taxonomy":"product_cat","embeddable":true,"href":"https:\/\/staging.nbg.eu\/hu\/wp-json\/wp\/v2\/product_cat?post=74168"},{"taxonomy":"product_tag","embeddable":true,"href":"https:\/\/staging.nbg.eu\/hu\/wp-json\/wp\/v2\/product_tag?post=74168"}],"curies":[{"name":"wp","href":"https:\/\/api.w.org\/{rel}","templated":true}]}}