{"id":74146,"date":"2024-10-18T19:52:52","date_gmt":"2024-10-30T08:31:03","guid":{"rendered":"https:\/\/staging.nbg.eu\/product\/mag-release-button-kmr-black\/"},"modified":"2024-10-30T08:32:51","modified_gmt":"2024-10-30T08:32:51","slug":"tarkioldo-gomb-kmr-fekete","status":"publish","type":"product","link":"https:\/\/staging.nbg.eu\/hu\/termek\/tarkioldo-gomb-kmr-fekete\/","title":{"rendered":"T\u00e1rkiold\u00f3 gomb KMR, Fekete"},"content":{"rendered":"<dl class=\"data-sheet\">\n<dt class=\"name\">Fegyverekhez KMR<\/dt>\n<dd class=\"value\">KMR L-02 EMIQ<br \/>\nKMR L-02 EMIQ (OR)<br \/>\nKMR L-02 ORCA 2023-IG<br \/>\nKMR L-02 SPECTRA 2024-T\u0150L<br \/>\nKMR L-02 SPECTRA 2023-IG<br \/>\nKMR L-02 UMBRA 2024-T\u0150L<br \/>\nKMR L-02 UMBRA 2023-IG<br \/>\nKMR S-01 LANCE (OR)<br \/>\nKMR S-02 2023-IG<br \/>\nKMR W-02 CUDA 2024-T\u0150L<br \/>\nKMR W-02 CUDA 2023-IG<br \/>\nKMR W-02 UMBRA<br \/>\nKMR W-02 UMBRA (OR)<\/dd>\n<dt class=\"name\">V\u00e1laszt\u00e9k fegyverek szerint CZ<\/dt>\n<dd class=\"value\">CZ SHADOW 2<br \/>\nCZ SHADOW 2 (OR)<\/dd>\n<\/dl>\n","protected":false},"excerpt":{"rendered":"<p>0180-00801-0101<\/p>\n<p>Megjegyz\u00e9s: Ez egy term\u00e9ksz\u00e1m vagy term\u00e9kk\u00f3d, amely \u00e1ltal\u00e1ban nem ker\u00fcl leford\u00edt\u00e1sra, \u00edgy v\u00e1ltozatlan form\u00e1ban hagytam.<\/p>\n","protected":false},"featured_media":72242,"template":"","meta":{"_acf_changed":false},"product_brand":[],"product_cat":[12919],"product_tag":[],"class_list":{"0":"post-74146","1":"product","2":"type-product","3":"status-publish","4":"has-post-thumbnail","6":"product_cat-kmr-alkatreszek","8":"first","9":"instock","10":"taxable","11":"shipping-taxable","12":"purchasable","13":"product-type-simple"},"acf":[],"_links":{"self":[{"href":"https:\/\/staging.nbg.eu\/hu\/wp-json\/wp\/v2\/product\/74146","targetHints":{"allow":["GET"]}}],"collection":[{"href":"https:\/\/staging.nbg.eu\/hu\/wp-json\/wp\/v2\/product"}],"about":[{"href":"https:\/\/staging.nbg.eu\/hu\/wp-json\/wp\/v2\/types\/product"}],"wp:featuredmedia":[{"embeddable":true,"href":"https:\/\/staging.nbg.eu\/hu\/wp-json\/wp\/v2\/media\/72242"}],"wp:attachment":[{"href":"https:\/\/staging.nbg.eu\/hu\/wp-json\/wp\/v2\/media?parent=74146"}],"wp:term":[{"taxonomy":"product_brand","embeddable":true,"href":"https:\/\/staging.nbg.eu\/hu\/wp-json\/wp\/v2\/product_brand?post=74146"},{"taxonomy":"product_cat","embeddable":true,"href":"https:\/\/staging.nbg.eu\/hu\/wp-json\/wp\/v2\/product_cat?post=74146"},{"taxonomy":"product_tag","embeddable":true,"href":"https:\/\/staging.nbg.eu\/hu\/wp-json\/wp\/v2\/product_tag?post=74146"}],"curies":[{"name":"wp","href":"https:\/\/api.w.org\/{rel}","templated":true}]}}