{"id":74122,"date":"2024-10-18T19:20:25","date_gmt":"2024-10-29T10:06:30","guid":{"rendered":"https:\/\/staging.nbg.eu\/product\/casio-prw-61y-3er\/"},"modified":"2024-10-29T10:08:09","modified_gmt":"2024-10-29T10:08:09","slug":"casio-prw-61y-3er","status":"publish","type":"product","link":"https:\/\/staging.nbg.eu\/hu\/termek\/casio-prw-61y-3er\/","title":{"rendered":"Casio PRW-61Y-3ER"},"content":{"rendered":"<div class=\"product-description\">\n<h2>Casio PRW-61Y-3ER: K\u00f6rnyezetbar\u00e1t k\u00fclt\u00e9ri \u00f3ra<\/h2>\n<p>A PRO TREK PRW-61Y-3ER a Casio els\u0151 \u00f3r\u00e1ja, amely k\u00f6rnyezetbar\u00e1t biol\u00f3giailag leboml\u00f3 m\u0171anyagokat haszn\u00e1l a tokj\u00e1ban \u00e9s sz\u00edj\u00e1ban. Ez az \u00f3ra egyes\u00edti a fenntarthat\u00f3s\u00e1got a tart\u00f3ss\u00e1ggal, ellen\u00e1llva az intenz\u00edv haszn\u00e1latnak \u00e9s k\u00e9nyelmet biztos\u00edtva.<\/p>\n<ul>\n<li>K\u00f6rnyezetbar\u00e1t biol\u00f3giailag leboml\u00f3 m\u0171anyagok ricinusmagb\u00f3l \u00e9s kukoric\u00e1b\u00f3l<\/li>\n<li>Kontrasztos sz\u00e1mlap feh\u00e9r jelz\u00e9sekkel a j\u00f3 l\u00e1that\u00f3s\u00e1g\u00e9rt<\/li>\n<li>H\u00e1rmas \u00e9rz\u00e9kel\u0151: digit\u00e1lis ir\u00e1nyt\u0171, barom\u00e9ter\/magass\u00e1gm\u00e9r\u0151 \u00e9s h\u0151m\u00e9r\u0151<\/li>\n<li>Multi Band 6 r\u00e1di\u00f3vez\u00e9relt id\u0151m\u00e9r\u00e9s<\/li>\n<li>Tough Solar napelemes rendszer<\/li>\n<li>Super Illuminator nagy f\u00e9nyerej\u0171, teljesen automatikus dupla LED-es vil\u00e1g\u00edt\u00e1ssal<\/li>\n<li>Puha uret\u00e1n sz\u00edj a k\u00e9nyelem\u00e9rt<\/li>\n<li>Rozsdamentes ac\u00e9l l\u00fcnetta v\u00e1rosnevekkel grav\u00edrozva<\/li>\n<li>Kompakt kialak\u00edt\u00e1s a szabad csukl\u00f3mozg\u00e1s\u00e9rt<\/li>\n<\/ul>\n<p>A PRW-61Y-3ER ide\u00e1lis kieg\u00e9sz\u00edt\u0151 a teljes\u00edtm\u00e9nyt \u00e9s a k\u00f6rnyezettudatoss\u00e1got egyar\u00e1nt \u00e9rt\u00e9kel\u0151 szabadt\u00e9ri tev\u00e9kenys\u00e9geket kedvel\u0151knek.<\/p>\n<\/div>\n","protected":false},"excerpt":{"rendered":"<p>&#8220;K\u00f6rnyezetbar\u00e1t PRO TREK \u00f3ra biomassza m\u0171anyagokkal \u00e9s k\u00fclt\u00e9ri funkci\u00f3kkal.&#8221;<\/p>\n","protected":false},"featured_media":71871,"template":"","meta":{"_acf_changed":false},"product_brand":[11202],"product_cat":[12957,12933],"product_tag":[],"class_list":{"0":"post-74122","1":"product","2":"type-product","3":"status-publish","4":"has-post-thumbnail","6":"product_brand-casio","7":"product_cat-edc","8":"product_cat-orak","10":"first","11":"instock","12":"taxable","13":"shipping-taxable","14":"purchasable","15":"product-type-simple"},"acf":[],"_links":{"self":[{"href":"https:\/\/staging.nbg.eu\/hu\/wp-json\/wp\/v2\/product\/74122","targetHints":{"allow":["GET"]}}],"collection":[{"href":"https:\/\/staging.nbg.eu\/hu\/wp-json\/wp\/v2\/product"}],"about":[{"href":"https:\/\/staging.nbg.eu\/hu\/wp-json\/wp\/v2\/types\/product"}],"wp:featuredmedia":[{"embeddable":true,"href":"https:\/\/staging.nbg.eu\/hu\/wp-json\/wp\/v2\/media\/71871"}],"wp:attachment":[{"href":"https:\/\/staging.nbg.eu\/hu\/wp-json\/wp\/v2\/media?parent=74122"}],"wp:term":[{"taxonomy":"product_brand","embeddable":true,"href":"https:\/\/staging.nbg.eu\/hu\/wp-json\/wp\/v2\/product_brand?post=74122"},{"taxonomy":"product_cat","embeddable":true,"href":"https:\/\/staging.nbg.eu\/hu\/wp-json\/wp\/v2\/product_cat?post=74122"},{"taxonomy":"product_tag","embeddable":true,"href":"https:\/\/staging.nbg.eu\/hu\/wp-json\/wp\/v2\/product_tag?post=74122"}],"curies":[{"name":"wp","href":"https:\/\/api.w.org\/{rel}","templated":true}]}}