{"id":74100,"date":"2024-10-18T19:05:21","date_gmt":"2024-10-29T10:03:40","guid":{"rendered":"https:\/\/staging.nbg.eu\/product\/casio-prg-340t-7er\/"},"modified":"2024-10-29T10:05:22","modified_gmt":"2024-10-29T10:05:22","slug":"casio-prg-340t-7er","status":"publish","type":"product","link":"https:\/\/staging.nbg.eu\/hu\/termek\/casio-prg-340t-7er\/","title":{"rendered":"Casio PRG-340T-7ER"},"content":{"rendered":"<h2>Casio PRG-340T-7ER<\/h2>\n<p>A Casio PRG-340T-7ER \u00f3r\u00e1val. Ez az id\u0151m\u00e9r\u0151 eszk\u00f6z a k\u00f6vetkez\u0151 tulajdons\u00e1gokkal rendelkezik:<\/p>\n<ul>\n<li>Digit\u00e1lis ir\u00e1nyt\u0171<\/li>\n<li>Magass\u00e1gm\u00e9r\u0151 \u00e9s barom\u00e9ter<\/li>\n<li>H\u0151m\u00e9r\u0151<\/li>\n<li>Duplex LCD kijelz\u0151<\/li>\n<li>Biomassza m\u0171anyagb\u00f3l k\u00e9sz\u00fclt szerkezet<\/li>\n<li>K\u00f6zvetlen funkci\u00f3gombok<\/li>\n<li>Napelemes energiaell\u00e1t\u00e1s<\/li>\n<li>Er\u0151s h\u00e1tt\u00e9rvil\u00e1g\u00edt\u00e1s<\/li>\n<\/ul>\n<p>10 bar v\u00edz\u00e1ll\u00f3s\u00e1ggal, alacsony h\u0151m\u00e9rs\u00e9klet-ellen\u00e1ll\u00e1ssal, valamint tov\u00e1bbi funkci\u00f3kkal, mint vil\u00e1gid\u0151 \u00e9s napfelkelte\/napnyugta kijelz\u00e9s, a PRG-340T-7ER alkalmas k\u00fclt\u00e9ri haszn\u00e1latra.<\/p>\n","protected":false},"excerpt":{"rendered":"<p>Strapab\u00edr\u00f3 k\u00fclt\u00e9ri \u00f3ra ir\u00e1nyt\u0171vel, magass\u00e1gm\u00e9r\u0151vel \u00e9s k\u00f6rnyezetbar\u00e1t kivitelez\u00e9ssel.<\/p>\n","protected":false},"featured_media":71755,"template":"","meta":{"_acf_changed":false},"product_brand":[11202],"product_cat":[12957,12933],"product_tag":[],"class_list":{"0":"post-74100","1":"product","2":"type-product","3":"status-publish","4":"has-post-thumbnail","6":"product_brand-casio","7":"product_cat-edc","8":"product_cat-orak","10":"first","11":"instock","12":"taxable","13":"shipping-taxable","14":"purchasable","15":"product-type-simple"},"acf":[],"_links":{"self":[{"href":"https:\/\/staging.nbg.eu\/hu\/wp-json\/wp\/v2\/product\/74100","targetHints":{"allow":["GET"]}}],"collection":[{"href":"https:\/\/staging.nbg.eu\/hu\/wp-json\/wp\/v2\/product"}],"about":[{"href":"https:\/\/staging.nbg.eu\/hu\/wp-json\/wp\/v2\/types\/product"}],"wp:featuredmedia":[{"embeddable":true,"href":"https:\/\/staging.nbg.eu\/hu\/wp-json\/wp\/v2\/media\/71755"}],"wp:attachment":[{"href":"https:\/\/staging.nbg.eu\/hu\/wp-json\/wp\/v2\/media?parent=74100"}],"wp:term":[{"taxonomy":"product_brand","embeddable":true,"href":"https:\/\/staging.nbg.eu\/hu\/wp-json\/wp\/v2\/product_brand?post=74100"},{"taxonomy":"product_cat","embeddable":true,"href":"https:\/\/staging.nbg.eu\/hu\/wp-json\/wp\/v2\/product_cat?post=74100"},{"taxonomy":"product_tag","embeddable":true,"href":"https:\/\/staging.nbg.eu\/hu\/wp-json\/wp\/v2\/product_tag?post=74100"}],"curies":[{"name":"wp","href":"https:\/\/api.w.org\/{rel}","templated":true}]}}