{"id":74078,"date":"2024-10-18T18:54:11","date_gmt":"2024-10-29T10:01:45","guid":{"rendered":"https:\/\/staging.nbg.eu\/product\/casio-prg-270-1er\/"},"modified":"2024-10-29T10:03:24","modified_gmt":"2024-10-29T10:03:24","slug":"casio-prg-270-1er","status":"publish","type":"product","link":"https:\/\/staging.nbg.eu\/hu\/termek\/casio-prg-270-1er\/","title":{"rendered":"Casio PRG-270-1ER"},"content":{"rendered":"<div class=\"product-description\">\n<h2>Casio PRG-270-1ER: K\u00fclt\u00e9ri \u00f3ra<\/h2>\n<p>A Casio PRG-270-1ER fejlett technol\u00f3gi\u00e1val rendelkezik. A Triple Sensor Version 3 funkci\u00f3val ez a kompakt PRO TREK modell pontos magass\u00e1g, l\u00e9gnyom\u00e1s \u00e9s ir\u00e1ny m\u00e9r\u00e9seket biztos\u00edt.<\/p>\n<ul>\n<li>Tough Solar energiaell\u00e1t\u00e1s<\/li>\n<li>H\u00e1rmas \u00e9rz\u00e9kel\u0151: Ir\u00e1nyt\u0171, Barom\u00e9ter\/H\u0151m\u00e9r\u0151, Magass\u00e1gm\u00e9r\u0151<\/li>\n<li>Alacsony h\u0151m\u00e9rs\u00e9klet ellen\u00e1ll\u00e1s (-10\u00baC)<\/li>\n<li>100 m\u00e9teres v\u00edz\u00e1ll\u00f3s\u00e1g<\/li>\n<li>L\u00e9gnyom\u00e1s tendencia riaszt\u00e1s<\/li>\n<li>Nagy oldals\u00f3 gombok<\/li>\n<li>Napkelte\/Napnyugta id\u0151 kijelz\u00e9s<\/li>\n<li>Automatikus h\u00e1tt\u00e9rvil\u00e1g\u00edt\u00e1s<\/li>\n<\/ul>\n<p>K\u00fclt\u00e9ri tev\u00e9kenys\u00e9gekhez tervezve, ez az \u00f3ra hasznos eszk\u00f6z a szabadt\u00e9ri kalandokhoz. A Casio PRG-270-1ER seg\u00edt felk\u00e9sz\u00fclni a term\u00e9szeti k\u00f6r\u00fclm\u00e9nyekre.<\/p>\n<\/div>\n","protected":false},"excerpt":{"rendered":"<p>Strapab\u00edr\u00f3 k\u00fclt\u00e9ri \u00f3ra h\u00e1rmas \u00e9rz\u00e9kel\u0151vel \u00e9s Tough Solar napelemes energiaell\u00e1t\u00e1ssal.<\/p>\n","protected":false},"featured_media":71524,"template":"","meta":{"_acf_changed":false},"product_brand":[11202],"product_cat":[12957,12933],"product_tag":[],"class_list":{"0":"post-74078","1":"product","2":"type-product","3":"status-publish","4":"has-post-thumbnail","6":"product_brand-casio","7":"product_cat-edc","8":"product_cat-orak","10":"first","11":"instock","12":"taxable","13":"shipping-taxable","14":"purchasable","15":"product-type-simple"},"acf":[],"_links":{"self":[{"href":"https:\/\/staging.nbg.eu\/hu\/wp-json\/wp\/v2\/product\/74078","targetHints":{"allow":["GET"]}}],"collection":[{"href":"https:\/\/staging.nbg.eu\/hu\/wp-json\/wp\/v2\/product"}],"about":[{"href":"https:\/\/staging.nbg.eu\/hu\/wp-json\/wp\/v2\/types\/product"}],"wp:featuredmedia":[{"embeddable":true,"href":"https:\/\/staging.nbg.eu\/hu\/wp-json\/wp\/v2\/media\/71524"}],"wp:attachment":[{"href":"https:\/\/staging.nbg.eu\/hu\/wp-json\/wp\/v2\/media?parent=74078"}],"wp:term":[{"taxonomy":"product_brand","embeddable":true,"href":"https:\/\/staging.nbg.eu\/hu\/wp-json\/wp\/v2\/product_brand?post=74078"},{"taxonomy":"product_cat","embeddable":true,"href":"https:\/\/staging.nbg.eu\/hu\/wp-json\/wp\/v2\/product_cat?post=74078"},{"taxonomy":"product_tag","embeddable":true,"href":"https:\/\/staging.nbg.eu\/hu\/wp-json\/wp\/v2\/product_tag?post=74078"}],"curies":[{"name":"wp","href":"https:\/\/api.w.org\/{rel}","templated":true}]}}