{"id":74056,"date":"2024-10-16T20:20:06","date_gmt":"2024-10-29T09:57:51","guid":{"rendered":"https:\/\/staging.nbg.eu\/product\/termek-7\/"},"modified":"2024-10-29T09:58:04","modified_gmt":"2024-10-29T09:58:04","slug":"casio-gba-900uu-5aer","status":"publish","type":"product","link":"https:\/\/staging.nbg.eu\/hu\/termek\/casio-gba-900uu-5aer\/","title":{"rendered":"Casio GBA-900UU-5AER"},"content":{"rendered":"<h2>Casio GBA-900UU-5AER: V\u00e1rosi edz\u00e9s\u00f3ra<\/h2>\n<p>A Casio GBA-900UU-5AER egy G-SQUAD \u00f3ra, amely \u00f6tv\u00f6zi a v\u00e1rosi st\u00edlust \u00e9s az edz\u00e9sfunkci\u00f3kat.<\/p>\n<ul>\n<li>Pontos t\u00e1vols\u00e1gm\u00e9r\u00e9s l\u00e9p\u00e9ssz\u00e1ml\u00e1l\u00e1ssal \u00e9s GPS-be\u00e1ll\u00edt\u00e1ssal<\/li>\n<li>Kombin\u00e1lt sz\u00e1mlap id\u0151- \u00e9s m\u00e9r\u00e9sadatok megjelen\u00edt\u00e9s\u00e9re<\/li>\n<li>Ergonomikus kialak\u00edt\u00e1s jobb kezelhet\u0151s\u00e9ggel \u00e9s szell\u0151z\u00e9ssel<\/li>\n<li>T\u00f6bbfunkci\u00f3s digit\u00e1lis kijelz\u0151 edz\u00e9sintenzit\u00e1s-grafikonnal<\/li>\n<li>\u00c1tfog\u00f3 fut\u00e1sm\u00e9r\u00e9sek, bele\u00e9rtve a t\u00e1vols\u00e1got, sebess\u00e9get \u00e9s temp\u00f3t<\/li>\n<li>Automatikus l\u00e9p\u00e9ssz\u00e1ml\u00e1l\u00e1s napi el\u0151rehalad\u00e1s-jelz\u0151vel<\/li>\n<li>Intervallum-id\u0151z\u00edt\u0151 okostelefon-integr\u00e1ci\u00f3val<\/li>\n<li>Super Illuminator dupla LED-vil\u00e1g\u00edt\u00e1s a jobb l\u00e1that\u00f3s\u00e1g\u00e9rt<\/li>\n<\/ul>\n<p>A Casio GBA-900UU-5AER \u00f6tv\u00f6zi a st\u00edlust \u00e9s a funkcionalit\u00e1st, v\u00e1rosi kalandokhoz \u00e9s k\u00fclt\u00e9ri edz\u00e9sekhez.<\/p>\n","protected":false},"excerpt":{"rendered":"<p>Sportos G-SQUAD \u00f3ra v\u00e1rosi st\u00edlussal, fitnesz k\u00f6vet\u00e9ssel \u00e9s LED f\u00e9nnyel.<\/p>\n","protected":false},"featured_media":71291,"template":"","meta":{"_acf_changed":false},"product_brand":[11202],"product_cat":[12957,12933],"product_tag":[],"class_list":{"0":"post-74056","1":"product","2":"type-product","3":"status-publish","4":"has-post-thumbnail","6":"product_brand-casio","7":"product_cat-edc","8":"product_cat-orak","10":"first","11":"instock","12":"taxable","13":"shipping-taxable","14":"purchasable","15":"product-type-simple"},"acf":[],"_links":{"self":[{"href":"https:\/\/staging.nbg.eu\/hu\/wp-json\/wp\/v2\/product\/74056","targetHints":{"allow":["GET"]}}],"collection":[{"href":"https:\/\/staging.nbg.eu\/hu\/wp-json\/wp\/v2\/product"}],"about":[{"href":"https:\/\/staging.nbg.eu\/hu\/wp-json\/wp\/v2\/types\/product"}],"wp:featuredmedia":[{"embeddable":true,"href":"https:\/\/staging.nbg.eu\/hu\/wp-json\/wp\/v2\/media\/71291"}],"wp:attachment":[{"href":"https:\/\/staging.nbg.eu\/hu\/wp-json\/wp\/v2\/media?parent=74056"}],"wp:term":[{"taxonomy":"product_brand","embeddable":true,"href":"https:\/\/staging.nbg.eu\/hu\/wp-json\/wp\/v2\/product_brand?post=74056"},{"taxonomy":"product_cat","embeddable":true,"href":"https:\/\/staging.nbg.eu\/hu\/wp-json\/wp\/v2\/product_cat?post=74056"},{"taxonomy":"product_tag","embeddable":true,"href":"https:\/\/staging.nbg.eu\/hu\/wp-json\/wp\/v2\/product_tag?post=74056"}],"curies":[{"name":"wp","href":"https:\/\/api.w.org\/{rel}","templated":true}]}}