{"id":74030,"date":"2024-10-16T20:26:30","date_gmt":"2024-10-25T14:29:31","guid":{"rendered":"https:\/\/staging.nbg.eu\/product\/casio-gbdh2000-1aer\/"},"modified":"2024-10-25T14:31:05","modified_gmt":"2024-10-25T14:31:05","slug":"casio-gbdh2000-1aer","status":"publish","type":"product","link":"https:\/\/staging.nbg.eu\/hu\/termek\/casio-gbdh2000-1aer\/","title":{"rendered":"Casio GBDH2000-1AER"},"content":{"rendered":"<h2>Casio GBDH2000-1AER: Fitnesz \u00f3ra<\/h2>\n<p>A Casio GBDH2000-1AER 6 szenzorral \u00e9s GPS funkci\u00f3val rendelkezik. Ez az \u00f3ra nyomon k\u00f6veti a fizikai aktivit\u00e1st val\u00f3s id\u0151ben 8 k\u00fcl\u00f6nb\u00f6z\u0151 sport\u00e1gban, bele\u00e9rtve a fut\u00e1st, ker\u00e9kp\u00e1roz\u00e1st \u00e9s \u00fasz\u00e1st.<\/p>\n<ul>\n<li>M\u00e9ri a t\u00e1vols\u00e1got, sebess\u00e9get, id\u0151t, temp\u00f3t, pulzust \u00e9s az el\u00e9getett kal\u00f3ri\u00e1kat<\/li>\n<li>M\u00e9ri a v\u00e9r oxig\u00e9nszintj\u00e9t<\/li>\n<li>K\u00e9tr\u00e9teg\u0171 keret a k\u00e9nyelem\u00e9rt \u00e9s k\u00f6nny\u0171 kezelhet\u0151s\u00e9g\u00e9rt<\/li>\n<li>Napelem-t\u00e1mogatott t\u00f6lt\u00e9s a hosszabb akkumul\u00e1tor \u00e9lettartam\u00e9rt<\/li>\n<li>Okos funkci\u00f3k: \u00e9rtes\u00edt\u00e9sek \u00e9s vil\u00e1gid\u0151 300 v\u00e1roshoz<\/li>\n<\/ul>\n<p>A GBDH2000-1AER k\u00f6rnyezetbar\u00e1t biomassza m\u0171anyagb\u00f3l k\u00e9sz\u00fclt. Ez az \u00f3ra technol\u00f3gi\u00e1t \u00e9s k\u00f6rnyezettudatoss\u00e1got \u00f6tv\u00f6z. Sportol\u00f3k \u00e9s fitnesz kedvel\u0151k sz\u00e1m\u00e1ra k\u00e9sz\u00fclt az eg\u00e9szs\u00e9gi \u00e9s fitnesz c\u00e9lok el\u00e9r\u00e9s\u00e9hez.<\/p>\n","protected":false},"excerpt":{"rendered":"<p>GPS-k\u00e9pes sport\u00f3ra 6 \u00e9rz\u00e9kel\u0151vel, 8 k\u00fcl\u00f6nb\u00f6z\u0151 tev\u00e9kenys\u00e9g nyomon k\u00f6vet\u00e9s\u00e9re.<\/p>\n","protected":false},"featured_media":71408,"template":"","meta":{"_acf_changed":false},"product_brand":[11202],"product_cat":[12957,12933],"product_tag":[],"class_list":{"0":"post-74030","1":"product","2":"type-product","3":"status-publish","4":"has-post-thumbnail","6":"product_brand-casio","7":"product_cat-edc","8":"product_cat-orak","10":"first","11":"instock","12":"taxable","13":"shipping-taxable","14":"purchasable","15":"product-type-simple"},"acf":[],"_links":{"self":[{"href":"https:\/\/staging.nbg.eu\/hu\/wp-json\/wp\/v2\/product\/74030","targetHints":{"allow":["GET"]}}],"collection":[{"href":"https:\/\/staging.nbg.eu\/hu\/wp-json\/wp\/v2\/product"}],"about":[{"href":"https:\/\/staging.nbg.eu\/hu\/wp-json\/wp\/v2\/types\/product"}],"wp:featuredmedia":[{"embeddable":true,"href":"https:\/\/staging.nbg.eu\/hu\/wp-json\/wp\/v2\/media\/71408"}],"wp:attachment":[{"href":"https:\/\/staging.nbg.eu\/hu\/wp-json\/wp\/v2\/media?parent=74030"}],"wp:term":[{"taxonomy":"product_brand","embeddable":true,"href":"https:\/\/staging.nbg.eu\/hu\/wp-json\/wp\/v2\/product_brand?post=74030"},{"taxonomy":"product_cat","embeddable":true,"href":"https:\/\/staging.nbg.eu\/hu\/wp-json\/wp\/v2\/product_cat?post=74030"},{"taxonomy":"product_tag","embeddable":true,"href":"https:\/\/staging.nbg.eu\/hu\/wp-json\/wp\/v2\/product_tag?post=74030"}],"curies":[{"name":"wp","href":"https:\/\/api.w.org\/{rel}","templated":true}]}}