{"id":73986,"date":"2024-10-18T20:01:13","date_gmt":"2024-10-18T20:01:13","guid":{"rendered":"https:\/\/staging.nbg.eu\/product\/holosun-hs515cm-red-dot-sight\/"},"modified":"2024-10-25T14:24:26","modified_gmt":"2024-10-25T14:24:26","slug":"holosun-hs515cm-red-dot-iranyzek","status":"publish","type":"product","link":"https:\/\/staging.nbg.eu\/hu\/termek\/holosun-hs515cm-red-dot-iranyzek\/","title":{"rendered":"Holosun HS515CM &#8211; Red Dot Ir\u00e1nyz\u00e9k"},"content":{"rendered":"<div class=\"product-description\">\n<h2>Holosun HS515CM &#8211; V\u00f6r\u00f6s pont ir\u00e1nyz\u00e9k<\/h2>\n<p>A HS515CM egy 20 mm-es mikro ir\u00e1nyz\u00e9k pusk\u00e1khoz \u00e9s karab\u00e9lyokhoz. 7075 alum\u00edniumb\u00f3l k\u00e9sz\u00fclt, jellemz\u0151i:<\/p>\n<ul>\n<li>\u00c1tl\u00e1tsz\u00f3, levehet\u0151\/forgathat\u00f3 lencseburkolat<\/li>\n<li>QD als\u00f3 1\/3 egy\u00fcttl\u00e1t\u00e1s szerel\u00e9k (1,63&#8243;)<\/li>\n<li>IP68 v\u00edz\u00e1ll\u00f3 \u00e9s por\u00e1ll\u00f3 min\u0151s\u00edt\u00e9s<\/li>\n<li>Napelemes tartal\u00e9k technol\u00f3gia<\/li>\n<li>T\u00f6bbf\u00e9le c\u00e9lkereszt rendszer v\u00f6r\u00f6s LED-del<\/li>\n<li>10 nappali \u00e9s 2 \u00e9jjell\u00e1t\u00f3 be\u00e1ll\u00edt\u00e1s<\/li>\n<li>Mozg\u00e1s\u00e9rz\u00e9kel\u0151 bekapcsol\u00e1s technol\u00f3gia<\/li>\n<li>Ak\u00e1r 50 000 \u00f3r\u00e1s akkumul\u00e1tor \u00e9lettartam<\/li>\n<li>Szersz\u00e1m n\u00e9lk\u00fcli, oldals\u00f3 akkumul\u00e1torcsere<\/li>\n<\/ul>\n<p>Sport \u00e9s professzion\u00e1lis haszn\u00e1latra tervezve, a HS515CM 0,5 MOA \u00e1ll\u00edt\u00e1si lehet\u0151s\u00e9get \u00e9s \u00b150 MOA be\u00e1ll\u00edt\u00e1si tartom\u00e1nyt k\u00edn\u00e1l. Sz\u00e9ls\u0151s\u00e9ges h\u0151m\u00e9rs\u00e9kleteknek \u00e9s 1000G rezg\u00e9snek is ellen\u00e1ll.<\/p>\n<\/div>\n","protected":false},"excerpt":{"rendered":"<p>Tart\u00f3s 20 mm-es mikro v\u00f6r\u00f6s pontos ir\u00e1nyz\u00e9k pusk\u00e1khoz, napelemes, v\u00edz\u00e1ll\u00f3.<\/p>\n","protected":false},"featured_media":72405,"template":"","meta":{"_acf_changed":false},"product_brand":[11432],"product_cat":[12943,12944,12977],"product_tag":[],"class_list":{"0":"post-73986","1":"product","2":"type-product","3":"status-publish","4":"has-post-thumbnail","6":"product_brand-holosun","7":"product_cat-celzas","8":"product_cat-piros-pontok","9":"product_cat-puska-celpontok","11":"first","12":"instock","13":"taxable","14":"shipping-taxable","15":"purchasable","16":"product-type-simple"},"acf":[],"_links":{"self":[{"href":"https:\/\/staging.nbg.eu\/hu\/wp-json\/wp\/v2\/product\/73986","targetHints":{"allow":["GET"]}}],"collection":[{"href":"https:\/\/staging.nbg.eu\/hu\/wp-json\/wp\/v2\/product"}],"about":[{"href":"https:\/\/staging.nbg.eu\/hu\/wp-json\/wp\/v2\/types\/product"}],"wp:featuredmedia":[{"embeddable":true,"href":"https:\/\/staging.nbg.eu\/hu\/wp-json\/wp\/v2\/media\/72405"}],"wp:attachment":[{"href":"https:\/\/staging.nbg.eu\/hu\/wp-json\/wp\/v2\/media?parent=73986"}],"wp:term":[{"taxonomy":"product_brand","embeddable":true,"href":"https:\/\/staging.nbg.eu\/hu\/wp-json\/wp\/v2\/product_brand?post=73986"},{"taxonomy":"product_cat","embeddable":true,"href":"https:\/\/staging.nbg.eu\/hu\/wp-json\/wp\/v2\/product_cat?post=73986"},{"taxonomy":"product_tag","embeddable":true,"href":"https:\/\/staging.nbg.eu\/hu\/wp-json\/wp\/v2\/product_tag?post=73986"}],"curies":[{"name":"wp","href":"https:\/\/api.w.org\/{rel}","templated":true}]}}