{"id":73964,"date":"2024-10-16T20:13:36","date_gmt":"2024-10-25T10:17:16","guid":{"rendered":"https:\/\/staging.nbg.eu\/product\/casio-gbd-800uc-5er\/"},"modified":"2024-10-25T10:18:51","modified_gmt":"2024-10-25T10:18:51","slug":"casio-gbd-800uc-5er","status":"publish","type":"product","link":"https:\/\/staging.nbg.eu\/hu\/termek\/casio-gbd-800uc-5er\/","title":{"rendered":"Casio GBD-800UC-5ER"},"content":{"rendered":"<div class=\"product-description\">\n<h2>Casio GBD-800UC-5ER: Fitnesz \u00f3ra<\/h2>\n<p>A Casio GBD-800UC-5ER m\u0171gyanta tokkal \u00e9s sz\u00edjjal rendelkezik, amely ellen\u00e1ll az akt\u00edv \u00e9letm\u00f3d kih\u00edv\u00e1sainak.<\/p>\n<ul>\n<li>M\u00e9retek: 54,1 \u00d7 48,6 \u00d7 15,5 mm, s\u00falya 59g<\/li>\n<li>\u00dct\u00e9s\u00e1ll\u00f3 szerkezet<\/li>\n<li>200 m\u00e9teres v\u00edz\u00e1ll\u00f3s\u00e1g<\/li>\n<li>3 \u00e9ves elem\u00e9lettartam CR2025 elemmel<\/li>\n<li>L\u00e9p\u00e9ssz\u00e1ml\u00e1l\u00e1s 3 tengelyes gyorsul\u00e1s\u00e9rz\u00e9kel\u0151vel<\/li>\n<li>L\u00e9p\u00e9sc\u00e9l-halad\u00e1s kijelz\u00e9se \u00e9s 7 \u00f3r\u00e1s l\u00e9p\u00e9ssz\u00e1m grafikon<\/li>\n<li>Energiatakar\u00e9kos funkci\u00f3<\/li>\n<\/ul>\n<p>A GBD-800UC-5ER seg\u00edt nyomon k\u00f6vetni a fitnesz tev\u00e9kenys\u00e9geket.<\/p>\n<\/div>\n","protected":false},"excerpt":{"rendered":"<p>Strapab\u00edr\u00f3 G-Shock l\u00e9p\u00e9ssz\u00e1ml\u00e1l\u00f3val, 200 m v\u00edz\u00e1ll\u00f3s\u00e1ggal, 3 \u00e9ves elem\u00e9lettartammal.<\/p>\n","protected":false},"featured_media":71244,"template":"","meta":{"_acf_changed":false},"product_brand":[11202],"product_cat":[12957,12933],"product_tag":[],"class_list":{"0":"post-73964","1":"product","2":"type-product","3":"status-publish","4":"has-post-thumbnail","6":"product_brand-casio","7":"product_cat-edc","8":"product_cat-orak","10":"first","11":"instock","12":"taxable","13":"shipping-taxable","14":"purchasable","15":"product-type-simple"},"acf":[],"_links":{"self":[{"href":"https:\/\/staging.nbg.eu\/hu\/wp-json\/wp\/v2\/product\/73964","targetHints":{"allow":["GET"]}}],"collection":[{"href":"https:\/\/staging.nbg.eu\/hu\/wp-json\/wp\/v2\/product"}],"about":[{"href":"https:\/\/staging.nbg.eu\/hu\/wp-json\/wp\/v2\/types\/product"}],"wp:featuredmedia":[{"embeddable":true,"href":"https:\/\/staging.nbg.eu\/hu\/wp-json\/wp\/v2\/media\/71244"}],"wp:attachment":[{"href":"https:\/\/staging.nbg.eu\/hu\/wp-json\/wp\/v2\/media?parent=73964"}],"wp:term":[{"taxonomy":"product_brand","embeddable":true,"href":"https:\/\/staging.nbg.eu\/hu\/wp-json\/wp\/v2\/product_brand?post=73964"},{"taxonomy":"product_cat","embeddable":true,"href":"https:\/\/staging.nbg.eu\/hu\/wp-json\/wp\/v2\/product_cat?post=73964"},{"taxonomy":"product_tag","embeddable":true,"href":"https:\/\/staging.nbg.eu\/hu\/wp-json\/wp\/v2\/product_tag?post=73964"}],"curies":[{"name":"wp","href":"https:\/\/api.w.org\/{rel}","templated":true}]}}