{"id":73942,"date":"2024-08-16T18:08:29","date_gmt":"2024-08-16T18:08:29","guid":{"rendered":"https:\/\/staging.nbg.eu\/product\/calypso-mini-mini-applied-ballistics-compatible\/"},"modified":"2024-10-25T07:34:50","modified_gmt":"2024-10-25T07:34:50","slug":"calypso-mini-mini-applied-ballistics-kompatibilis","status":"publish","type":"product","link":"https:\/\/staging.nbg.eu\/hu\/termek\/calypso-mini-mini-applied-ballistics-kompatibilis\/","title":{"rendered":"Calypso Mini &#8211; Mini Applied Ballistics Kompatibilis"},"content":{"rendered":"<h2>Calypso Mini &#8211; Mini Applied Ballistics kompatibilis<\/h2>\n<p>A Calypso Mini egy kompakt ultrahangos sz\u00e9lsebess\u00e9gm\u00e9r\u0151 \u00e9s sz\u00e9lir\u00e1nyjelz\u0151. Ez a kis m\u00e9ret\u0171 eszk\u00f6z, amely mind\u00f6ssze 43 mm \u00e1tm\u00e9r\u0151j\u0171, fejlett funkci\u00f3kkal \u00e9s robusztus kialak\u00edt\u00e1ssal rendelkezik.<\/p>\n<h3>F\u0151 jellemz\u0151k:<\/h3>\n<ul>\n<li>Ultrahangos \u00e9rz\u00e9kel\u0151k a sz\u00e9lsebess\u00e9g \u00e9s -ir\u00e1ny pontos m\u00e9r\u00e9s\u00e9hez<\/li>\n<li>Bluetooth 5.1 csatlakoz\u00e1s ak\u00e1r 30 m hat\u00f3t\u00e1vols\u00e1ggal<\/li>\n<li>Vezet\u00e9k n\u00e9lk\u00fcli QI t\u00f6lt\u00e9s 150 \u00f3r\u00e1s akkumul\u00e1tor-\u00e9lettartammal<\/li>\n<li>IPX8 v\u00edz\u00e1ll\u00f3s\u00e1gi besorol\u00e1s<\/li>\n<li>Kompatibilis Android, iOS \u00e9s Garmin eszk\u00f6z\u00f6kkel<\/li>\n<li>1\/4&#8243; bels\u0151 menet az egyszer\u0171 h\u00e1roml\u00e1b\u00fa \u00e1llv\u00e1nyra szerel\u00e9shez<\/li>\n<li>K\u00f6nny\u0171, mind\u00f6ssze 78 gramm<\/li>\n<\/ul>\n<p>A Calypso Mini pontos sz\u00e9lm\u00e9r\u00e9seket k\u00edn\u00e1l 0,5-25 m\/s sebess\u00e9gtartom\u00e1nyban \u00e9s \u00b11\u00b0-os ir\u00e1nym\u00e9r\u00e9si pontoss\u00e1ggal. Tart\u00f3s, mozg\u00f3 alkatr\u00e9szek n\u00e9lk\u00fcli kialak\u00edt\u00e1sa megb\u00edzhat\u00f3s\u00e1got biztos\u00edt k\u00fcl\u00f6nb\u00f6z\u0151 k\u00f6r\u00fclm\u00e9nyek k\u00f6z\u00f6tt. Az ingyenes Anemotracker alkalmaz\u00e1ssal p\u00e1ros\u00edtva lehet\u0151v\u00e9 teszi az adatok napl\u00f3z\u00e1s\u00e1t \u00e9s val\u00f3s idej\u0171 sz\u00e9linform\u00e1ci\u00f3k k\u00f6vet\u00e9s\u00e9t.<\/p>\n<p>A Calypso Mini kompakt sz\u00e9lm\u00e9r\u00e9si megold\u00e1st k\u00edn\u00e1l tengeri felhaszn\u00e1l\u00f3k, szabadt\u00e9ri kalandorok \u00e9s professzion\u00e1lis meteorol\u00f3gusok sz\u00e1m\u00e1ra.<\/p>\n","protected":false},"excerpt":{"rendered":"<p>Kompakt ultrahangos sz\u00e9lm\u00e9r\u0151 Bluetooth-szal a pontos sz\u00e9ladatok m\u00e9r\u00e9s\u00e9hez.<\/p>\n","protected":false},"featured_media":23273,"template":"","meta":{"_acf_changed":false},"product_brand":[11182],"product_cat":[12909,12983,12970],"product_tag":[],"class_list":{"0":"post-73942","1":"product","2":"type-product","3":"status-publish","4":"has-post-thumbnail","6":"product_brand-calypso","7":"product_cat-idojaras-merok","8":"product_cat-kategorizalatlan","9":"product_cat-szerszamok","11":"first","12":"instock","13":"taxable","14":"shipping-taxable","15":"purchasable","16":"product-type-simple"},"acf":[],"_links":{"self":[{"href":"https:\/\/staging.nbg.eu\/hu\/wp-json\/wp\/v2\/product\/73942","targetHints":{"allow":["GET"]}}],"collection":[{"href":"https:\/\/staging.nbg.eu\/hu\/wp-json\/wp\/v2\/product"}],"about":[{"href":"https:\/\/staging.nbg.eu\/hu\/wp-json\/wp\/v2\/types\/product"}],"wp:featuredmedia":[{"embeddable":true,"href":"https:\/\/staging.nbg.eu\/hu\/wp-json\/wp\/v2\/media\/23273"}],"wp:attachment":[{"href":"https:\/\/staging.nbg.eu\/hu\/wp-json\/wp\/v2\/media?parent=73942"}],"wp:term":[{"taxonomy":"product_brand","embeddable":true,"href":"https:\/\/staging.nbg.eu\/hu\/wp-json\/wp\/v2\/product_brand?post=73942"},{"taxonomy":"product_cat","embeddable":true,"href":"https:\/\/staging.nbg.eu\/hu\/wp-json\/wp\/v2\/product_cat?post=73942"},{"taxonomy":"product_tag","embeddable":true,"href":"https:\/\/staging.nbg.eu\/hu\/wp-json\/wp\/v2\/product_tag?post=73942"}],"curies":[{"name":"wp","href":"https:\/\/api.w.org\/{rel}","templated":true}]}}