{"id":73733,"date":"2024-10-16T19:50:15","date_gmt":"2024-10-21T08:19:39","guid":{"rendered":"https:\/\/staging.nbg.eu\/product\/casio-gba-800-1aer\/"},"modified":"2024-10-21T08:21:17","modified_gmt":"2024-10-21T08:21:17","slug":"casio-gba-800-1aer","status":"publish","type":"product","link":"https:\/\/staging.nbg.eu\/hu\/termek\/casio-gba-800-1aer\/","title":{"rendered":"Casio GBA-800-1AER"},"content":{"rendered":"<h2>Casio GBA-800-1AER G-SQUAD \u00f3ra<\/h2>\n<p>A Casio GBA-800-1AER G-SQUAD egy sport\u00f3ra. Ez az id\u0151m\u00e9r\u0151 eszk\u00f6z egyes\u00edti a G-SHOCK tart\u00f3ss\u00e1g\u00e1t \u00e9s a fejlett fitnesz k\u00f6vet\u00e9si funkci\u00f3kat.<\/p>\n<ul>\n<li>Bluetooth kapcsolat a CASIO WATCHES alkalmaz\u00e1ssal val\u00f3 integr\u00e1ci\u00f3hoz<\/li>\n<li>3 tengelyes gyorsul\u00e1sm\u00e9r\u0151 a pontos l\u00e9p\u00e9ssz\u00e1ml\u00e1l\u00e1shoz<\/li>\n<li>Testreszabhat\u00f3 visszasz\u00e1ml\u00e1l\u00f3 id\u0151z\u00edt\u0151k \u00e9s 200 k\u00f6r mem\u00f3ria<\/li>\n<li>L\u00e9p\u00e9ssz\u00e1m napl\u00f3 \u00f6t edz\u00e9sintenzit\u00e1si szinttel<\/li>\n<li>Kal\u00f3riasz\u00e1m\u00edt\u00e1s \u00e9s l\u00e9p\u00e9sc\u00e9l be\u00e1ll\u00edt\u00e1sa<\/li>\n<li>Automatikus id\u0151be\u00e1ll\u00edt\u00e1s \u00e9s vil\u00e1gid\u0151 300 v\u00e1roshoz<\/li>\n<li>Dupla LED vil\u00e1g\u00edt\u00e1s az alacsony f\u00e9nyviszonyok melletti l\u00e1that\u00f3s\u00e1ghoz<\/li>\n<\/ul>\n<p>A GBA-800-1AER puha uret\u00e1n sz\u00edjjal rendelkezik, mely k\u00e9nyelmes viseletet biztos\u00edt. Kompakt tokja alkalmas sportol\u00e1shoz, fut\u00e1shoz, edz\u00e9shez \u00e9s mindennapi viseletre.<\/p>\n","protected":false},"excerpt":{"rendered":"<p>Sportos okos\u00f3ra l\u00e9p\u00e9ssz\u00e1ml\u00e1l\u00f3val \u00e9s alkalmaz\u00e1s-szinkroniz\u00e1l\u00e1ssal.<\/p>\n","protected":false},"featured_media":71104,"template":"","meta":{"_acf_changed":false},"product_brand":[11202],"product_cat":[12957,12933],"product_tag":[],"class_list":{"0":"post-73733","1":"product","2":"type-product","3":"status-publish","4":"has-post-thumbnail","6":"product_brand-casio","7":"product_cat-edc","8":"product_cat-orak","10":"first","11":"instock","12":"taxable","13":"shipping-taxable","14":"purchasable","15":"product-type-simple"},"acf":[],"_links":{"self":[{"href":"https:\/\/staging.nbg.eu\/hu\/wp-json\/wp\/v2\/product\/73733","targetHints":{"allow":["GET"]}}],"collection":[{"href":"https:\/\/staging.nbg.eu\/hu\/wp-json\/wp\/v2\/product"}],"about":[{"href":"https:\/\/staging.nbg.eu\/hu\/wp-json\/wp\/v2\/types\/product"}],"wp:featuredmedia":[{"embeddable":true,"href":"https:\/\/staging.nbg.eu\/hu\/wp-json\/wp\/v2\/media\/71104"}],"wp:attachment":[{"href":"https:\/\/staging.nbg.eu\/hu\/wp-json\/wp\/v2\/media?parent=73733"}],"wp:term":[{"taxonomy":"product_brand","embeddable":true,"href":"https:\/\/staging.nbg.eu\/hu\/wp-json\/wp\/v2\/product_brand?post=73733"},{"taxonomy":"product_cat","embeddable":true,"href":"https:\/\/staging.nbg.eu\/hu\/wp-json\/wp\/v2\/product_cat?post=73733"},{"taxonomy":"product_tag","embeddable":true,"href":"https:\/\/staging.nbg.eu\/hu\/wp-json\/wp\/v2\/product_tag?post=73733"}],"curies":[{"name":"wp","href":"https:\/\/api.w.org\/{rel}","templated":true}]}}