{"id":73711,"date":"2024-10-16T19:57:17","date_gmt":"2024-10-21T08:17:31","guid":{"rendered":"https:\/\/staging.nbg.eu\/product\/casio-gbd-800-1ber\/"},"modified":"2024-10-21T08:19:29","modified_gmt":"2024-10-21T08:19:29","slug":"casio-gbd-800-1ber","status":"publish","type":"product","link":"https:\/\/staging.nbg.eu\/hu\/termek\/casio-gbd-800-1ber\/","title":{"rendered":"Casio GBD-800-1BER"},"content":{"rendered":"<h2>Casio GBD-800-1BER G-SQUAD sport\u00f3ra<\/h2>\n<p>A Casio GBD-800-1BER egy G-SQUAD sport\u00f3ra, amely sportol\u00f3knak \u00e9s mindennapi viseletre is alkalmas. Ez a fekete \u00f3ra a k\u00f6vetkez\u0151 jellemz\u0151kkel rendelkezik:<\/p>\n<ul>\n<li>T\u00f6bb szegmens\u0171 digit\u00e1lis kijelz\u0151 a jobb olvashat\u00f3s\u00e1g \u00e9rdek\u00e9ben<\/li>\n<li>Bluetooth kapcsolat a CASIO WATCHES alkalmaz\u00e1ssal<\/li>\n<li>3 tengelyes gyorsul\u00e1sm\u00e9r\u0151 a pontos l\u00e9p\u00e9ssz\u00e1ml\u00e1l\u00e1shoz<\/li>\n<li>T\u00f6bb id\u0151z\u00edt\u0151 ak\u00e1r 20 id\u0151z\u00edt\u0151 kombin\u00e1ci\u00f3val<\/li>\n<li>200 k\u00f6r mem\u00f3ria r\u00e9szletes edz\u00e9sk\u00f6vet\u00e9shez<\/li>\n<li>Automatikus LED vil\u00e1g\u00edt\u00e1s gyenge f\u00e9nyviszonyok eset\u00e9n<\/li>\n<li>K\u00e9nyelmes illeszked\u00e9s \u00e1ll\u00edthat\u00f3 sz\u00edjjal \u00e9s h\u00e1ts\u00f3 sz\u00e1rnyakkal<\/li>\n<\/ul>\n<p>A GBD-800-1BER \u00f3ra formatervez\u00e9s\u00e9vel, szerkezet\u00e9vel \u00e9s fejlett fitnesz k\u00f6vet\u00e9si funkci\u00f3ival alkalmas az akt\u00edv \u00e9letm\u00f3dhoz. Ez a G-SHOCK \u00f3ra seg\u00edt nyomon k\u00f6vetni az edz\u00e9seket \u00e9s el\u00e9rni a fitnesz c\u00e9lokat.<\/p>\n","protected":false},"excerpt":{"rendered":"<p>Karcs\u00fa G-SHOCK sport\u00f3ra l\u00e9p\u00e9ssz\u00e1ml\u00e1l\u00f3val \u00e9s okostelefon-alkalmaz\u00e1s csatlakoz\u00e1si lehet\u0151s\u00e9ggel.<\/p>\n","protected":false},"featured_media":100954,"template":"","meta":{"_acf_changed":false},"product_brand":[11202],"product_cat":[12957,12933],"product_tag":[],"class_list":{"0":"post-73711","1":"product","2":"type-product","3":"status-publish","4":"has-post-thumbnail","6":"product_brand-casio","7":"product_cat-edc","8":"product_cat-orak","10":"first","11":"instock","12":"taxable","13":"shipping-taxable","14":"purchasable","15":"product-type-simple"},"acf":[],"_links":{"self":[{"href":"https:\/\/staging.nbg.eu\/hu\/wp-json\/wp\/v2\/product\/73711","targetHints":{"allow":["GET"]}}],"collection":[{"href":"https:\/\/staging.nbg.eu\/hu\/wp-json\/wp\/v2\/product"}],"about":[{"href":"https:\/\/staging.nbg.eu\/hu\/wp-json\/wp\/v2\/types\/product"}],"wp:featuredmedia":[{"embeddable":true,"href":"https:\/\/staging.nbg.eu\/hu\/wp-json\/wp\/v2\/media\/100954"}],"wp:attachment":[{"href":"https:\/\/staging.nbg.eu\/hu\/wp-json\/wp\/v2\/media?parent=73711"}],"wp:term":[{"taxonomy":"product_brand","embeddable":true,"href":"https:\/\/staging.nbg.eu\/hu\/wp-json\/wp\/v2\/product_brand?post=73711"},{"taxonomy":"product_cat","embeddable":true,"href":"https:\/\/staging.nbg.eu\/hu\/wp-json\/wp\/v2\/product_cat?post=73711"},{"taxonomy":"product_tag","embeddable":true,"href":"https:\/\/staging.nbg.eu\/hu\/wp-json\/wp\/v2\/product_tag?post=73711"}],"curies":[{"name":"wp","href":"https:\/\/api.w.org\/{rel}","templated":true}]}}