{"id":71024,"date":"2024-01-21T15:18:33","date_gmt":"2024-01-21T15:18:33","guid":{"rendered":"https:\/\/staging.nbg.eu\/product\/surefire-123a-batteries\/"},"modified":"2025-02-04T10:27:27","modified_gmt":"2025-02-04T10:27:27","slug":"surefire-123a-elemek","status":"publish","type":"product","link":"https:\/\/staging.nbg.eu\/hu\/termek\/surefire-123a-elemek\/","title":{"rendered":"SureFire 123A ELEMEK"},"content":{"rendered":"<div class=\"product-description\">\n<h2>SureFire SF72-BB (123A elem)<\/h2>\n<p>A SureFire 123A l\u00edtium elem jellemz\u0151i:<\/p>\n<ul>\n<li>10 \u00e9ves \u00e9lettartam<\/li>\n<li>3V fesz\u00fclts\u00e9g \u00e9s 1,550 mAh kapacit\u00e1s<\/li>\n<li>17 gramm s\u00faly\u00fa<\/li>\n<li>SureFire zsebl\u00e1mp\u00e1khoz optimaliz\u00e1lva<\/li>\n<\/ul>\n<p>A SureFire elemek teljes\u00edtm\u00e9nye \u00e9s tart\u00f3ss\u00e1ga alkalmas kritikus alkalmaz\u00e1sokhoz.<\/p>\n<\/div>\n","protected":false},"excerpt":{"rendered":"<p>Nagy teljes\u00edtm\u00e9ny\u0171 123A l\u00edtium elem. 10 \u00e9ves eltarthat\u00f3s\u00e1g, 3V, 1550mAh.<\/p>\n","protected":false},"featured_media":71025,"template":"","meta":{"_acf_changed":false},"product_brand":[11863],"product_cat":[12906,12957,12926,12958],"product_tag":[],"class_list":{"0":"post-71024","1":"product","2":"type-product","3":"status-publish","4":"has-post-thumbnail","6":"product_brand-surefire","7":"product_cat-akkumulatorok","8":"product_cat-edc","9":"product_cat-edc-lampak","10":"product_cat-lampak","12":"first","13":"instock","14":"taxable","15":"shipping-taxable","16":"purchasable","17":"product-type-simple"},"acf":[],"_links":{"self":[{"href":"https:\/\/staging.nbg.eu\/hu\/wp-json\/wp\/v2\/product\/71024","targetHints":{"allow":["GET"]}}],"collection":[{"href":"https:\/\/staging.nbg.eu\/hu\/wp-json\/wp\/v2\/product"}],"about":[{"href":"https:\/\/staging.nbg.eu\/hu\/wp-json\/wp\/v2\/types\/product"}],"wp:featuredmedia":[{"embeddable":true,"href":"https:\/\/staging.nbg.eu\/hu\/wp-json\/wp\/v2\/media\/71025"}],"wp:attachment":[{"href":"https:\/\/staging.nbg.eu\/hu\/wp-json\/wp\/v2\/media?parent=71024"}],"wp:term":[{"taxonomy":"product_brand","embeddable":true,"href":"https:\/\/staging.nbg.eu\/hu\/wp-json\/wp\/v2\/product_brand?post=71024"},{"taxonomy":"product_cat","embeddable":true,"href":"https:\/\/staging.nbg.eu\/hu\/wp-json\/wp\/v2\/product_cat?post=71024"},{"taxonomy":"product_tag","embeddable":true,"href":"https:\/\/staging.nbg.eu\/hu\/wp-json\/wp\/v2\/product_tag?post=71024"}],"curies":[{"name":"wp","href":"https:\/\/api.w.org\/{rel}","templated":true}]}}