{"id":70633,"date":"2023-11-21T14:46:08","date_gmt":"2024-09-20T13:24:50","guid":{"rendered":"https:\/\/staging.nbg.eu\/product\/kmr-l-02-orca\/"},"modified":"2025-02-19T16:04:48","modified_gmt":"2025-02-19T16:04:48","slug":"kmr-l-02-orca","status":"publish","type":"product","link":"https:\/\/staging.nbg.eu\/hu\/termek\/kmr-l-02-orca\/","title":{"rendered":"KMR L-02 ORCA"},"content":{"rendered":"<div class=\"product-description\">\n<h2>KMR L-02 ORCA: Sportpisztoly &#8211; IPSC Standard Div\u00edzi\u00f3<\/h2>\n<p>A KMR L-02 ORCA egy sportl\u00f6v\u00e9szetre tervezett pisztoly. KMR kieg\u00e9sz\u00edt\u0151kkel \u00e9s BRS cs\u0151stabiliz\u00e1l\u00f3 rendszerrel van felszerelve.<\/p>\n<h2>F\u0151bb jellemz\u0151k:<\/h2>\n<ul>\n<li>5&#8243; neh\u00e9z, bord\u00e1zott, pol\u00edrozott cs\u0151<\/li>\n<li>BRS &#8211; Cs\u0151stabiliz\u00e1l\u00f3 rendszer a sz\u00e1nba integr\u00e1lva<\/li>\n<li>CNC-megmunk\u00e1lt ac\u00e9l v\u00e1z<\/li>\n<li>Bal oldali h\u00fcvelykujj-t\u00e1masz<\/li>\n<li>Rec\u00e9zett lapos SA ravasz \u00e1ll\u00edthat\u00f3 h\u00faz\u00e1ssal \u00e9s vissza\u00e1ll\u00e1ssal<\/li>\n<li>9&#215;19 kaliber\u0171, 19+1 l\u0151szer kapacit\u00e1ssal<\/li>\n<li>CERAKOTE fel\u00fcletkezel\u00e9s a v\u00e1zon \u00e9s a sz\u00e1non<\/li>\n<\/ul>\n<h2>Specifik\u00e1ci\u00f3k:<\/h2>\n<table>\n<tbody>\n<tr>\n<td>Kaliber:<\/td>\n<td>9\u00d719<\/td>\n<\/tr>\n<tr>\n<td>Teljes hossz:<\/td>\n<td>223 mm \/ 8,8 h\u00fcvelyk<\/td>\n<\/tr>\n<tr>\n<td>Cs\u0151hossz:<\/td>\n<td>127 mm \/ 5 h\u00fcvelyk<\/td>\n<\/tr>\n<tr>\n<td>S\u00faly (\u00fcres t\u00e1rral):<\/td>\n<td>1350 g \/ 48 uncia<\/td>\n<\/tr>\n<tr>\n<td>Els\u00fct\u00e9si er\u0151:<\/td>\n<td>&gt; 13,5 N<\/td>\n<\/tr>\n<\/tbody>\n<\/table>\n<h2>Tov\u00e1bbi jellemz\u0151k:<\/h2>\n<ul>\n<li>Gy\u00e9m\u00e1ntv\u00e1gott duralumin markolat<\/li>\n<li>\u00c1ll\u00edthat\u00f3 duralumin t\u00e1rkireteszel\u0151 gomb<\/li>\n<li>Meghosszabb\u00edtott bal oldali manu\u00e1lis biztos\u00edt\u00f3 \u00e9s lapos jobb oldali manu\u00e1lis biztos\u00edt\u00f3<\/li>\n<li>Sz\u00e1loptik\u00e1s els\u0151 ir\u00e1nyz\u00e9k (1 mm) \u00e9s \u00e1ll\u00edthat\u00f3 h\u00e1ts\u00f3 ir\u00e1nyz\u00e9k<\/li>\n<li>3 t\u00e1r mell\u00e9kelve<\/li>\n<\/ul>\n<p>A KMR L-02 ORCA tartalmaz egy KMR pisztolyt\u00e1sk\u00e1t, tiszt\u00edt\u00f3k\u00e9szletet, KMR olajat, haszn\u00e1lati \u00fatmutat\u00f3t \u00e9s garanciajegyet.<\/p>\n<\/div>\n","protected":false},"excerpt":{"rendered":"<p>Cs\u00facsteljes\u00edtm\u00e9ny\u0171 sportpisztoly fejlett stabiliz\u00e1ci\u00f3val \u00e9s testreszabhat\u00f3 jellemz\u0151kkel.<\/p>\n","protected":false},"featured_media":93419,"template":"","meta":{"_acf_changed":false},"product_brand":[11502],"product_cat":[12924,12914],"product_tag":[],"class_list":{"0":"post-70633","1":"product","2":"type-product","3":"status-publish","4":"has-post-thumbnail","6":"product_brand-kmr-precision","7":"product_cat-pisztoly","8":"product_cat-pisztolyok","10":"first","11":"instock","12":"taxable","13":"shipping-taxable","14":"product-type-variable","15":"wvs-archive-product-wrapper"},"acf":[],"_links":{"self":[{"href":"https:\/\/staging.nbg.eu\/hu\/wp-json\/wp\/v2\/product\/70633","targetHints":{"allow":["GET"]}}],"collection":[{"href":"https:\/\/staging.nbg.eu\/hu\/wp-json\/wp\/v2\/product"}],"about":[{"href":"https:\/\/staging.nbg.eu\/hu\/wp-json\/wp\/v2\/types\/product"}],"wp:featuredmedia":[{"embeddable":true,"href":"https:\/\/staging.nbg.eu\/hu\/wp-json\/wp\/v2\/media\/93419"}],"wp:attachment":[{"href":"https:\/\/staging.nbg.eu\/hu\/wp-json\/wp\/v2\/media?parent=70633"}],"wp:term":[{"taxonomy":"product_brand","embeddable":true,"href":"https:\/\/staging.nbg.eu\/hu\/wp-json\/wp\/v2\/product_brand?post=70633"},{"taxonomy":"product_cat","embeddable":true,"href":"https:\/\/staging.nbg.eu\/hu\/wp-json\/wp\/v2\/product_cat?post=70633"},{"taxonomy":"product_tag","embeddable":true,"href":"https:\/\/staging.nbg.eu\/hu\/wp-json\/wp\/v2\/product_tag?post=70633"}],"curies":[{"name":"wp","href":"https:\/\/api.w.org\/{rel}","templated":true}]}}