{"id":69656,"date":"2023-11-22T18:07:20","date_gmt":"2024-09-20T13:15:55","guid":{"rendered":"https:\/\/staging.nbg.eu\/product\/kmr-w-02-umbra\/"},"modified":"2025-02-19T16:13:13","modified_gmt":"2025-02-19T16:13:13","slug":"kmr-w-02-umbra","status":"publish","type":"product","link":"https:\/\/staging.nbg.eu\/hu\/termek\/kmr-w-02-umbra\/","title":{"rendered":"KMR W-02 UMBRA"},"content":{"rendered":"<div class=\"product-description\">\n<h2>KMR W-02 UMBRA: IDPA Kateg\u00f3ri\u00e1k<\/h2>\n<p>A KMR W-02 UMBRA egy kompakt pisztoly, amely precizit\u00e1sra van tervezve. Ez a gondosan kidolgozott pisztoly ig\u00e9nyes l\u00f6v\u00e9szek sz\u00e1m\u00e1ra k\u00e9sz\u00fclt.<\/p>\n<h2>F\u0151 jellemz\u0151k:<\/h2>\n<ul>\n<li>4,5&#8243; neh\u00e9z, bord\u00e1zott, pol\u00edrozott cs\u0151 a pontoss\u00e1g \u00e9s h\u0151elvezet\u00e9s \u00e9rdek\u00e9ben<\/li>\n<li>BRS \u2013 Cs\u0151stabiliz\u00e1l\u00f3 rendszer a sz\u00e1nban a cs\u0151emelked\u00e9s cs\u00f6kkent\u00e9s\u00e9re<\/li>\n<li>CNC-megmunk\u00e1lt ac\u00e9l v\u00e1z a tart\u00f3ss\u00e1g\u00e9rt<\/li>\n<li>SA\/DA els\u00fct\u0151szerkezet r\u00f6vid reset-tel a gyors ism\u00e9tl\u0151 l\u00f6v\u00e9sekhez<\/li>\n<li>16+1 l\u0151szer kapacit\u00e1s<\/li>\n<li>CERAKOTE fel\u00fcletkezel\u00e9s a v\u00e1zon \u00e9s a sz\u00e1non a kop\u00e1s\u00e1ll\u00f3s\u00e1g\u00e9rt<\/li>\n<\/ul>\n<h2>Ergon\u00f3mia \u00e9s testreszabhat\u00f3s\u00e1g:<\/h2>\n<ul>\n<li>Gy\u00e9m\u00e1ntv\u00e1gott duralumin markolat a jobb fog\u00e1s\u00e9rt<\/li>\n<li>\u00c1ll\u00edthat\u00f3 duralumin t\u00e1rkil\u00f6k\u0151 gomb<\/li>\n<li>Hosszabb\u00edtott bal oldali \u00e9s lapos jobb oldali biztos\u00edt\u00f3 k\u00e9tkezes haszn\u00e1lathoz<\/li>\n<li>Sz\u00e1loptik\u00e1s els\u0151 ir\u00e1nyz\u00e9k (1 mm) a gyors c\u00e9lz\u00e1shoz<\/li>\n<li>Oldal- \u00e9s magass\u00e1g\u00e1ll\u00edthat\u00f3 h\u00e1ts\u00f3 ir\u00e1nyz\u00e9k a pontos c\u00e9lz\u00e1shoz<\/li>\n<\/ul>\n<h2>Specifik\u00e1ci\u00f3k:<\/h2>\n<ul>\n<li>Kaliber: 9\u00d719, 9\u00d721<\/li>\n<li>Teljes hossz: 208 mm<\/li>\n<li>Cs\u0151hossz: 114 mm<\/li>\n<li>S\u00faly (\u00fcres t\u00e1rral): 1280 g<\/li>\n<li>Els\u00fct\u00e9si er\u0151: 17,5 N (SA) \/ 45 N (DA)<\/li>\n<\/ul>\n<p>A KMR W-02 UMBRA versenyl\u00f6v\u00e9szeknek \u00e9s lelkes amat\u0151r\u00f6knek egyar\u00e1nt alkalmas. A fejlett BRS cs\u0151stabiliz\u00e1l\u00f3 rendszerrel \u00e9s pr\u00e9mium alkatr\u00e9szekkel pontoss\u00e1got \u00e9s ir\u00e1ny\u00edthat\u00f3s\u00e1got biztos\u00edt.<\/p>\n<p>Minden KMR W-02 UMBRA tartoz\u00e9kai: 3 t\u00e1r, KMR pisztolyt\u00e1ska, tiszt\u00edt\u00f3k\u00e9szlet, KMR olaj, haszn\u00e1lati \u00fatmutat\u00f3 \u00e9s garancialev\u00e9l.<\/p>\n<\/div>\n","protected":false},"excerpt":{"rendered":"<p>Er\u0151teljes, pontos KMR W-02 UMBRA: Kompakt 9 mm-es fegyver BRS stabiliz\u00e1ci\u00f3val.<\/p>\n","protected":false},"featured_media":69657,"template":"","meta":{"_acf_changed":false},"product_brand":[11502],"product_cat":[12924,12914],"product_tag":[],"class_list":{"0":"post-69656","1":"product","2":"type-product","3":"status-publish","4":"has-post-thumbnail","6":"product_brand-kmr-precision","7":"product_cat-pisztoly","8":"product_cat-pisztolyok","10":"first","11":"instock","12":"taxable","13":"shipping-taxable","14":"product-type-simple"},"acf":[],"_links":{"self":[{"href":"https:\/\/staging.nbg.eu\/hu\/wp-json\/wp\/v2\/product\/69656","targetHints":{"allow":["GET"]}}],"collection":[{"href":"https:\/\/staging.nbg.eu\/hu\/wp-json\/wp\/v2\/product"}],"about":[{"href":"https:\/\/staging.nbg.eu\/hu\/wp-json\/wp\/v2\/types\/product"}],"wp:featuredmedia":[{"embeddable":true,"href":"https:\/\/staging.nbg.eu\/hu\/wp-json\/wp\/v2\/media\/69657"}],"wp:attachment":[{"href":"https:\/\/staging.nbg.eu\/hu\/wp-json\/wp\/v2\/media?parent=69656"}],"wp:term":[{"taxonomy":"product_brand","embeddable":true,"href":"https:\/\/staging.nbg.eu\/hu\/wp-json\/wp\/v2\/product_brand?post=69656"},{"taxonomy":"product_cat","embeddable":true,"href":"https:\/\/staging.nbg.eu\/hu\/wp-json\/wp\/v2\/product_cat?post=69656"},{"taxonomy":"product_tag","embeddable":true,"href":"https:\/\/staging.nbg.eu\/hu\/wp-json\/wp\/v2\/product_tag?post=69656"}],"curies":[{"name":"wp","href":"https:\/\/api.w.org\/{rel}","templated":true}]}}