{"id":68592,"date":"2023-11-29T09:17:17","date_gmt":"2024-09-20T12:32:38","guid":{"rendered":"https:\/\/staging.nbg.eu\/product\/geissele-super-duty-mod1-11-5-5-56mm-black\/"},"modified":"2024-09-27T10:10:36","modified_gmt":"2024-09-27T10:10:36","slug":"geissele-super-duty-115-556mm-fekete","status":"publish","type":"product","link":"https:\/\/staging.nbg.eu\/hu\/termek\/geissele-super-duty-115-556mm-fekete\/","title":{"rendered":"Geissele Super Duty, 11.5&#8243;, 5.56MM-Fekete"},"content":{"rendered":"<h2>Geissele Super Duty &#8211; 11.5&#8243; 5,56MM<\/h2>\n<p>A Geissele Super Duty egy 11,5 h\u00fcvelykes l\u0151fegyver 5,56 NATO kaliberben.<\/p>\n<h2>F\u0151 jellemz\u0151k:<\/h2>\n<ul>\n<li>11,5&#8243; hidegen kov\u00e1csolt, kr\u00f3mb\u00e9l\u00e9s\u0171 cs\u0151 (1:7&#8243; huzagol\u00e1s)<\/li>\n<li>Geissele \u00e9szak-walesi \u00fczem\u00e9ben prec\u00edzi\u00f3s megmunk\u00e1l\u00e1s<\/li>\n<li>Karab\u00e9ly hossz\u00fas\u00e1g\u00fa g\u00e1zrendszer Super Compact g\u00e1zblokkal<\/li>\n<li>10,5&#8243; SMR MK11.5 modul\u00e1ris s\u00edn M-LOK kompatibilit\u00e1ssal<\/li>\n<li>7075-T6 alum\u00ednium als\u00f3 tok Ultra Duty alkatr\u00e9szk\u00e9szlettel<\/li>\n<li>K\u00e9tkezes Super Configurable biztos\u00edt\u00f3<\/li>\n<li>Super-42 m\u0171k\u00f6dtet\u0151 rug\u00f3 \u00e9s H3 puffer<\/li>\n<\/ul>\n<h2>Specifik\u00e1ci\u00f3k:<\/h2>\n<ul>\n<li>Kaliber: 5,56 NATO<\/li>\n<li>Cs\u0151: Geissele hidegen kov\u00e1csolt, kr\u00f3mb\u00e9l\u00e9s\u0171, 1\/7 huzagol\u00e1s<\/li>\n<li>Tokok: Kov\u00e1csolt 7075-T6, III-as t\u00edpus\u00fa kem\u00e9ny elox\u00e1lt<\/li>\n<li>Z\u00e1rszerkezet: REBCG (Megb\u00edzhat\u00f3s\u00e1g-fokozott z\u00e1rszerkezet)<\/li>\n<li>Els\u00fct\u0151szerkezet: SSA-X vill\u00e1m\u00edves els\u00fct\u0151billenty\u0171vel<\/li>\n<li>Cs\u0151sz\u00e1jszerelv\u00e9ny: Geissele Sparkout l\u00e1ngrejt\u0151<\/li>\n<li>Felh\u00faz\u00f3kar: Airborne<\/li>\n<li>Sz\u00edn: DDC (Sivatagi homoksz\u00edn)*<\/li>\n<\/ul>\n<p><em>*Megjegyz\u00e9s: A DDC elox\u00e1l\u00e1s \u00e1rnyalata v\u00e1ltozhat<\/em><\/p>\n<p>A Geissele Super Duty puska egy kompakt, nagy teljes\u00edtm\u00e9ny\u0171 l\u0151fegyver.<\/p>\n","protected":false},"excerpt":{"rendered":"<p>Geissele Super Duty: 11,5 h\u00fcvelykes 5,56 mm-es, fejlett technol\u00f3gia, prec\u00edzi\u00f3s gy\u00e1rt\u00e1s.<\/p>\n","protected":false},"featured_media":191168,"template":"","meta":{"_acf_changed":false},"product_brand":[11393],"product_cat":[12964,12967],"product_tag":[],"class_list":{"0":"post-68592","1":"product","2":"type-product","3":"status-publish","4":"has-post-thumbnail","6":"product_brand-geissele","7":"product_cat-karabelyok","8":"product_cat-puska","10":"first","11":"instock","12":"taxable","13":"shipping-taxable","14":"product-type-simple"},"acf":[],"_links":{"self":[{"href":"https:\/\/staging.nbg.eu\/hu\/wp-json\/wp\/v2\/product\/68592","targetHints":{"allow":["GET"]}}],"collection":[{"href":"https:\/\/staging.nbg.eu\/hu\/wp-json\/wp\/v2\/product"}],"about":[{"href":"https:\/\/staging.nbg.eu\/hu\/wp-json\/wp\/v2\/types\/product"}],"wp:featuredmedia":[{"embeddable":true,"href":"https:\/\/staging.nbg.eu\/hu\/wp-json\/wp\/v2\/media\/191168"}],"wp:attachment":[{"href":"https:\/\/staging.nbg.eu\/hu\/wp-json\/wp\/v2\/media?parent=68592"}],"wp:term":[{"taxonomy":"product_brand","embeddable":true,"href":"https:\/\/staging.nbg.eu\/hu\/wp-json\/wp\/v2\/product_brand?post=68592"},{"taxonomy":"product_cat","embeddable":true,"href":"https:\/\/staging.nbg.eu\/hu\/wp-json\/wp\/v2\/product_cat?post=68592"},{"taxonomy":"product_tag","embeddable":true,"href":"https:\/\/staging.nbg.eu\/hu\/wp-json\/wp\/v2\/product_tag?post=68592"}],"curies":[{"name":"wp","href":"https:\/\/api.w.org\/{rel}","templated":true}]}}