{"id":68344,"date":"2023-12-10T10:23:45","date_gmt":"2023-12-10T10:23:45","guid":{"rendered":"https:\/\/staging.nbg.eu\/product\/alg-defense-el-jefe-16-5-56mm-black\/"},"modified":"2025-02-07T08:22:46","modified_gmt":"2025-02-07T08:22:46","slug":"alg-defense-el-jefe-16-556mm-fekete","status":"publish","type":"product","link":"https:\/\/staging.nbg.eu\/hu\/termek\/alg-defense-el-jefe-16-556mm-fekete\/","title":{"rendered":"ALG Defense El Jefe, 16&#8243;, 5.56MM &#8211; Fekete"},"content":{"rendered":"<h2>ALG Defense El Jefe, 16&#8243;, 5,56 mm &#8211; Fekete<\/h2>\n<p>Az ALG Defense El Jefe puska egy teljes rendszer, amely tartalmaz egy sz\u00edjat \u00e9s egy Warner &amp; Swasey v\u00f6r\u00f6s pontos ir\u00e1nyz\u00e9kot.<\/p>\n<h2>F\u0151 jellemz\u0151k:<\/h2>\n<ul>\n<li>7075 alum\u00ednium billett vev\u0151k, kov\u00e1csolt \u00e9s CNC megmunk\u00e1lt<\/li>\n<li>Mil-Spec Type 3 kem\u00e9nybevonat\u00fa elox\u00e1lt fel\u00fclet matt feket\u00e9ben<\/li>\n<li>ALG V3X el\u0151agy M-LOK ny\u00edl\u00e1sokkal<\/li>\n<li>B5 Systems SOPMOD tus<\/li>\n<li>Geissele Super 42 fonott huzal pufferrug\u00f3 \u00e9s H1 puffer<\/li>\n<li>Mil-Spec z\u00e1rszerkezet kem\u00e9ny kr\u00f3m bevonattal<\/li>\n<li>ALG Defense Advanced Combat Trigger (ACT)<\/li>\n<li>Gombos huzagol\u00e1s\u00fa, kr\u00f3mozott cs\u0151 5,56 NATO kamr\u00e1val<\/li>\n<li>Geissele g\u00e1zblokk \u00e9s hosszabb\u00edtott k\u00f6zepes hossz\u00fas\u00e1g\u00fa g\u00e1zcs\u0151<\/li>\n<li>Tartalmaz M4 karab\u00e9ly Mil-Spec hevedersz\u00edjat \u00e9s QD forg\u00f3kapcsokat<\/li>\n<li>Warner and Swasey 3 MOA v\u00f6r\u00f6s pontos ir\u00e1nyz\u00e9k be\u00e9p\u00edtett tartal\u00e9k vas ir\u00e1nyz\u00e9kkal<\/li>\n<\/ul>\n<p>Az El Jefe pr\u00e9mium alkatr\u00e9szeket \u00e9s szak\u00e9rt\u0151 kidolgoz\u00e1st k\u00edn\u00e1l. Alkalmas sportl\u00f6v\u00e9szetre, rendv\u00e9delmi c\u00e9lokra \u00e9s otthonv\u00e9delemre.<\/p>\n","protected":false},"excerpt":{"rendered":"<p>ALG Defense El Jefe: Kiv\u00e1l\u00f3 min\u0151s\u00e9g\u0171 5,56 mm-es AR-15 pr\u00e9mium jellemz\u0151kkel.<\/p>\n","protected":false},"featured_media":68345,"template":"","meta":{"_acf_changed":false},"product_brand":[11393],"product_cat":[12964,12967],"product_tag":[],"class_list":{"0":"post-68344","1":"product","2":"type-product","3":"status-publish","4":"has-post-thumbnail","6":"product_brand-geissele","7":"product_cat-karabelyok","8":"product_cat-puska","10":"first","11":"instock","12":"taxable","13":"shipping-taxable","14":"product-type-simple"},"acf":[],"_links":{"self":[{"href":"https:\/\/staging.nbg.eu\/hu\/wp-json\/wp\/v2\/product\/68344","targetHints":{"allow":["GET"]}}],"collection":[{"href":"https:\/\/staging.nbg.eu\/hu\/wp-json\/wp\/v2\/product"}],"about":[{"href":"https:\/\/staging.nbg.eu\/hu\/wp-json\/wp\/v2\/types\/product"}],"wp:featuredmedia":[{"embeddable":true,"href":"https:\/\/staging.nbg.eu\/hu\/wp-json\/wp\/v2\/media\/68345"}],"wp:attachment":[{"href":"https:\/\/staging.nbg.eu\/hu\/wp-json\/wp\/v2\/media?parent=68344"}],"wp:term":[{"taxonomy":"product_brand","embeddable":true,"href":"https:\/\/staging.nbg.eu\/hu\/wp-json\/wp\/v2\/product_brand?post=68344"},{"taxonomy":"product_cat","embeddable":true,"href":"https:\/\/staging.nbg.eu\/hu\/wp-json\/wp\/v2\/product_cat?post=68344"},{"taxonomy":"product_tag","embeddable":true,"href":"https:\/\/staging.nbg.eu\/hu\/wp-json\/wp\/v2\/product_tag?post=68344"}],"curies":[{"name":"wp","href":"https:\/\/api.w.org\/{rel}","templated":true}]}}