{"id":68131,"date":"2024-01-30T18:09:06","date_gmt":"2024-09-20T12:20:10","guid":{"rendered":"https:\/\/staging.nbg.eu\/product\/surefire-m640dft-pro\/"},"modified":"2024-09-20T12:21:05","modified_gmt":"2024-09-20T12:21:05","slug":"surefire-m640dft-pro","status":"publish","type":"product","link":"https:\/\/staging.nbg.eu\/hu\/termek\/surefire-m640dft-pro\/","title":{"rendered":"SureFire M640DFT-PRO"},"content":{"rendered":"<div class=\"product-description\">\n<h2>SureFire M640DFT-PRO Turbo Scout Light Pro<\/h2>\n<p>Az M640DFT-PRO Turbo Scout Light Pro jellemz\u0151i:<\/p>\n<ul>\n<li>100 000 candela cs\u00facs f\u00e9nyer\u0151ss\u00e9g az SF18650B akkumul\u00e1torral<\/li>\n<li>Turbo f\u00e9nyminta nagy t\u00e1vols\u00e1g\u00fa c\u00e9lpont azonos\u00edt\u00e1shoz<\/li>\n<li>Alacsony profil\u00fa r\u00f6gz\u00edt\u0151 (MIL-STD-1913 \u00e9s M-LOK kompatibilis)<\/li>\n<li>Kett\u0151s t\u00e1pell\u00e1t\u00e1s: SF18650B \u00fajrat\u00f6lthet\u0151 vagy k\u00e9t 123A l\u00edtium elem<\/li>\n<li>Tart\u00f3ss\u00e1g \u00e9s t\u00e1vkapcsol\u00e1si lehet\u0151s\u00e9gek<\/li>\n<\/ul>\n<p>K\u00f6nny\u0171 rep\u00fcl\u0151g\u00e9p-alum\u00edniumb\u00f3l k\u00e9sz\u00fclt, katonai szabv\u00e1ny szerint elox\u00e1lt, O-gy\u0171r\u0171vel t\u00f6m\u00edtett fegyverl\u00e1mp\u00e1. Nagy hat\u00f3t\u00e1vols\u00e1g\u00fa alkalmaz\u00e1sokhoz k\u00e9sz\u00fclt.<\/p>\n<\/div>\n","protected":false},"excerpt":{"rendered":"<p>Nagy teljes\u00edtm\u00e9ny\u0171 taktikai l\u00e1mpa 100 000 candela f\u00e9nyer\u0151ss\u00e9g\u0171 sug\u00e1rral, nagy t\u00e1vols\u00e1g\u00fa haszn\u00e1latra.<\/p>\n","protected":false},"featured_media":68132,"template":"","meta":{"_acf_changed":false},"product_brand":[11863],"product_cat":[12958,12967],"product_tag":[],"class_list":{"0":"post-68131","1":"product","2":"type-product","3":"status-publish","4":"has-post-thumbnail","6":"product_brand-surefire","7":"product_cat-lampak","8":"product_cat-puska","10":"first","11":"instock","12":"taxable","13":"shipping-taxable","14":"purchasable","15":"product-type-variable","16":"wvs-archive-product-wrapper"},"acf":[],"_links":{"self":[{"href":"https:\/\/staging.nbg.eu\/hu\/wp-json\/wp\/v2\/product\/68131","targetHints":{"allow":["GET"]}}],"collection":[{"href":"https:\/\/staging.nbg.eu\/hu\/wp-json\/wp\/v2\/product"}],"about":[{"href":"https:\/\/staging.nbg.eu\/hu\/wp-json\/wp\/v2\/types\/product"}],"wp:featuredmedia":[{"embeddable":true,"href":"https:\/\/staging.nbg.eu\/hu\/wp-json\/wp\/v2\/media\/68132"}],"wp:attachment":[{"href":"https:\/\/staging.nbg.eu\/hu\/wp-json\/wp\/v2\/media?parent=68131"}],"wp:term":[{"taxonomy":"product_brand","embeddable":true,"href":"https:\/\/staging.nbg.eu\/hu\/wp-json\/wp\/v2\/product_brand?post=68131"},{"taxonomy":"product_cat","embeddable":true,"href":"https:\/\/staging.nbg.eu\/hu\/wp-json\/wp\/v2\/product_cat?post=68131"},{"taxonomy":"product_tag","embeddable":true,"href":"https:\/\/staging.nbg.eu\/hu\/wp-json\/wp\/v2\/product_tag?post=68131"}],"curies":[{"name":"wp","href":"https:\/\/api.w.org\/{rel}","templated":true}]}}